{"id":58464,"date":"2024-05-16T15:56:55","date_gmt":"2024-05-16T13:56:55","guid":{"rendered":"https:\/\/www.charteranddreams.com\/oops-page-not-found\/"},"modified":"2025-08-25T17:14:52","modified_gmt":"2025-08-25T15:14:52","slug":"oops-page-not-found","status":"publish","type":"page","link":"https:\/\/www.charteranddreams.com\/es\/oops-page-not-found\/","title":{"rendered":"404 &#8211; Page Not Found"},"content":{"rendered":"\t\t<div data-elementor-type=\"wp-page\" data-elementor-id=\"58464\" class=\"elementor elementor-58464 elementor-54777\" data-elementor-post-type=\"page\">\n\t\t\t\t<div class=\"elementor-element elementor-element-6501dca e-con-full e-flex e-con e-parent\" data-id=\"6501dca\" data-element_type=\"container\" data-settings=\"{&quot;background_background&quot;:&quot;classic&quot;}\">\n\t\t\t\t<div class=\"elementor-element elementor-element-0e608d6 elementor-widget elementor-widget-image\" data-id=\"0e608d6\" data-element_type=\"widget\" data-widget_type=\"image.default\">\n\t\t\t\t\t\t\t\t\t\t\t\t\t\t\t<img decoding=\"async\" width=\"2560\" height=\"1918\" src=\"https:\/\/www.charteranddreams.com\/wp-content\/uploads\/2025\/01\/Navagio-beach-greece-scaled-1.jpg\" class=\"attachment-full size-full wp-image-97044\" alt=\"\" srcset=\"https:\/\/www.charteranddreams.com\/wp-content\/uploads\/2025\/01\/Navagio-beach-greece-scaled-1.jpg 2560w, https:\/\/www.charteranddreams.com\/wp-content\/uploads\/2025\/01\/Navagio-beach-greece-scaled-1-992x743.jpg 992w, https:\/\/www.charteranddreams.com\/wp-content\/uploads\/2025\/01\/Navagio-beach-greece-scaled-1-1550x1161.jpg 1550w, https:\/\/www.charteranddreams.com\/wp-content\/uploads\/2025\/01\/Navagio-beach-greece-scaled-1-576x432.jpg 576w, https:\/\/www.charteranddreams.com\/wp-content\/uploads\/2025\/01\/Navagio-beach-greece-scaled-1-768x575.jpg 768w, https:\/\/www.charteranddreams.com\/wp-content\/uploads\/2025\/01\/Navagio-beach-greece-scaled-1-1536x1151.jpg 1536w, https:\/\/www.charteranddreams.com\/wp-content\/uploads\/2025\/01\/Navagio-beach-greece-scaled-1-2048x1534.jpg 2048w, https:\/\/www.charteranddreams.com\/wp-content\/uploads\/2025\/01\/Navagio-beach-greece-scaled-1-1900x1424.jpg 1900w\" sizes=\"(max-width: 2560px) 100vw, 2560px\" \/>\t\t\t\t\t\t\t\t\t\t\t\t\t\t\t<\/div>\n\t\t<div class=\"elementor-element elementor-element-7d39d02 e-flex e-con-boxed e-con e-child\" data-id=\"7d39d02\" data-element_type=\"container\" data-settings=\"{&quot;position&quot;:&quot;absolute&quot;}\">\n\t\t\t\t\t<div class=\"e-con-inner\">\n\t\t\t\t<div class=\"elementor-element elementor-element-b84c6b9 elementor-widget__width-initial elementor-widget elementor-widget-heading\" data-id=\"b84c6b9\" data-element_type=\"widget\" data-widget_type=\"heading.default\">\n\t\t\t\t\t<h1 class=\"elementor-heading-title elementor-size-default\">Lo sentimos<\/h1>\t\t\t\t<\/div>\n\t\t\t\t<div class=\"elementor-element elementor-element-ba4224f elementor-widget__width-initial elementor-widget elementor-widget-text-editor\" data-id=\"ba4224f\" data-element_type=\"widget\" data-widget_type=\"text-editor.default\">\n\t\t\t\t\t\t\t\t\t<p><span style=\"font-size: 17.6px;\">La p\u00e1gina que buscas no aparece. Es posible que haya sido eliminada, que se le haya cambiado el nombre o que no est\u00e9 disponible temporalmente. Por favor, compruebe que la URL no contenga faltas de ortograf\u00eda o intente volver a la p\u00e1gina de inicio.<\/span><\/p><p><span style=\"font-size: 17.6px;\">Gracias por su comprensi\u00f3n.<\/span><\/p>\t\t\t\t\t\t\t\t<\/div>\n\t\t\t\t\t<\/div>\n\t\t\t\t<\/div>\n\t\t\t\t<\/div>\n\t\t\t\t<\/div>\n\t\t","protected":false},"excerpt":{"rendered":"<p>Lo sentimos La p\u00e1gina que buscas no aparece. Es posible que haya sido eliminada, que se le haya cambiado el nombre o que no est\u00e9 disponible temporalmente. Por favor, compruebe que la URL no contenga faltas de ortograf\u00eda o intente volver a la p\u00e1gina de inicio. Gracias por su comprensi\u00f3n.<\/p>\n","protected":false},"author":2,"featured_media":0,"parent":0,"menu_order":0,"comment_status":"closed","ping_status":"closed","template":"","meta":{"_acf_changed":false,"_joinchat":[],"footnotes":""},"class_list":["post-58464","page","type-page","status-publish","hentry"],"acf":[],"_links":{"self":[{"href":"https:\/\/www.charteranddreams.com\/es\/wp-json\/wp\/v2\/pages\/58464","targetHints":{"allow":["GET"]}}],"collection":[{"href":"https:\/\/www.charteranddreams.com\/es\/wp-json\/wp\/v2\/pages"}],"about":[{"href":"https:\/\/www.charteranddreams.com\/es\/wp-json\/wp\/v2\/types\/page"}],"author":[{"embeddable":true,"href":"https:\/\/www.charteranddreams.com\/es\/wp-json\/wp\/v2\/users\/2"}],"replies":[{"embeddable":true,"href":"https:\/\/www.charteranddreams.com\/es\/wp-json\/wp\/v2\/comments?post=58464"}],"version-history":[{"count":13,"href":"https:\/\/www.charteranddreams.com\/es\/wp-json\/wp\/v2\/pages\/58464\/revisions"}],"predecessor-version":[{"id":108621,"href":"https:\/\/www.charteranddreams.com\/es\/wp-json\/wp\/v2\/pages\/58464\/revisions\/108621"}],"wp:attachment":[{"href":"https:\/\/www.charteranddreams.com\/es\/wp-json\/wp\/v2\/media?parent=58464"}],"curies":[{"name":"wp","href":"https:\/\/api.w.org\/{rel}","templated":true}]}}