{"id":55890,"date":"2024-04-19T16:32:00","date_gmt":"2024-04-19T14:32:00","guid":{"rendered":"https:\/\/www.charteranddreams.com\/privacy-policy\/"},"modified":"2025-01-02T12:27:52","modified_gmt":"2025-01-02T10:27:52","slug":"politica-de-privacidad","status":"publish","type":"page","link":"https:\/\/www.charteranddreams.com\/es\/politica-de-privacidad\/","title":{"rendered":"Pol\u00edtica de Privacidad"},"content":{"rendered":"\t\t<div data-elementor-type=\"wp-page\" data-elementor-id=\"55890\" class=\"elementor elementor-55890 elementor-55868\" data-elementor-post-type=\"page\">\n\t\t\t\t<div class=\"elementor-element elementor-element-b1a0d98 e-con-full e-flex e-con e-parent\" data-id=\"b1a0d98\" data-element_type=\"container\" data-settings=\"{&quot;background_background&quot;:&quot;classic&quot;}\">\n\t\t\t\t<div class=\"elementor-element elementor-element-2eede4a elementor-widget elementor-widget-image\" data-id=\"2eede4a\" data-element_type=\"widget\" data-widget_type=\"image.default\">\n\t\t\t\t\t\t\t\t\t\t\t\t\t\t\t<img decoding=\"async\" width=\"2560\" height=\"1683\" src=\"https:\/\/www.charteranddreams.com\/wp-content\/uploads\/2025\/01\/ibiza-2-scaled-1.jpg\" class=\"attachment-full size-full wp-image-97098\" alt=\"\" srcset=\"https:\/\/www.charteranddreams.com\/wp-content\/uploads\/2025\/01\/ibiza-2-scaled-1.jpg 2560w, https:\/\/www.charteranddreams.com\/wp-content\/uploads\/2025\/01\/ibiza-2-scaled-1-992x652.jpg 992w, https:\/\/www.charteranddreams.com\/wp-content\/uploads\/2025\/01\/ibiza-2-scaled-1-1550x1019.jpg 1550w, https:\/\/www.charteranddreams.com\/wp-content\/uploads\/2025\/01\/ibiza-2-scaled-1-576x379.jpg 576w, https:\/\/www.charteranddreams.com\/wp-content\/uploads\/2025\/01\/ibiza-2-scaled-1-768x505.jpg 768w, https:\/\/www.charteranddreams.com\/wp-content\/uploads\/2025\/01\/ibiza-2-scaled-1-1536x1010.jpg 1536w, https:\/\/www.charteranddreams.com\/wp-content\/uploads\/2025\/01\/ibiza-2-scaled-1-2048x1346.jpg 2048w, https:\/\/www.charteranddreams.com\/wp-content\/uploads\/2025\/01\/ibiza-2-scaled-1-1900x1249.jpg 1900w\" sizes=\"(max-width: 2560px) 100vw, 2560px\" \/>\t\t\t\t\t\t\t\t\t\t\t\t\t\t\t<\/div>\n\t\t<div class=\"elementor-element elementor-element-fc9494c e-flex e-con-boxed e-con e-child\" data-id=\"fc9494c\" data-element_type=\"container\" data-settings=\"{&quot;position&quot;:&quot;absolute&quot;}\">\n\t\t\t\t\t<div class=\"e-con-inner\">\n\t\t\t\t<div class=\"elementor-element elementor-element-5b585d1 elementor-widget__width-initial elementor-widget elementor-widget-heading\" data-id=\"5b585d1\" data-element_type=\"widget\" data-widget_type=\"heading.default\">\n\t\t\t\t\t<h1 class=\"elementor-heading-title elementor-size-default\">Pol\u00edtica de Privacidad<\/h1>\t\t\t\t<\/div>\n\t\t\t\t\t<\/div>\n\t\t\t\t<\/div>\n\t\t\t\t<\/div>\n\t\t<div class=\"elementor-element elementor-element-6b9a249 e-flex e-con-boxed e-con e-parent\" data-id=\"6b9a249\" data-element_type=\"container\">\n\t\t\t\t\t<div class=\"e-con-inner\">\n\t\t\t\t<div class=\"elementor-element elementor-element-c216e0a elementor-widget__width-initial elementor-widget elementor-widget-text-editor\" data-id=\"c216e0a\" data-element_type=\"widget\" data-widget_type=\"text-editor.default\">\n\t\t\t\t\t\t\t\t\t<p><strong>1. TRATAMIENTO DE DATOS PERSONALES<\/strong><\/p><p>De conformidad con lo establecido en Reglamento (UE) 2016\/679 General de Protecci\u00f3n de Datos (en adelante, \u00abRGPD\u00bb), se informa que todos los datos personales que el Usuario facilite a trav\u00e9s del Sitio Web\u00a0<strong>www.charteranddreams.com<\/strong>\u00a0(en adelante, el \u00ab<strong>Sitio Web<\/strong>\u00ab) ser\u00e1n incorporados y tratados en los ficheros y sistemas de tratamiento titularidad de la compa\u00f1\u00eda Charter&amp;dreams Yacht Services, S.L., (en adelante, \u00ab<strong>Charter&amp;Dreams<\/strong>\u00ab) con la \u00fanica finalidad de poder atender sus solicitudes y poder mantenerle informado, incluso por medios electr\u00f3nicos, sobre nuestros productos y servicios.<\/p><p>La cumplimentaci\u00f3n de todos los datos solicitados a trav\u00e9s del Sitio Web es necesaria para lograr una \u00f3ptima prestaci\u00f3n de los servicios puestos a disposici\u00f3n del Usuario. De no facilitarse todos los datos requeridos por Charter&amp;Dreams no se garantiza que la informaci\u00f3n y servicios facilitados puedan prestarse, se presten correctamente o se ajusten a las necesidades del Usuario.<\/p><p><strong>2. INFORMACI\u00d3N B\u00c1SICA SOBRE PROTECCI\u00d3N DE DATOS PERSONALES<\/strong><\/p><p><strong>Responsable<\/strong><\/p><p><strong>Charter&amp;Dreams Yacht Services, S.L<\/strong><\/p><p>C. de Balmes, 253, 2\u00ba 1\u00aa, 08006 Barcelona, Espa\u00f1a<\/p><p>C.I.F: B65250441<\/p><p><a href=\"mailto:info@charteranddreams.com\">info@charteranddreams.com<\/a><\/p><p><strong>Finalidad<\/strong><\/p><ul><li>Poder contactar con el Usuario y gestionar las tareas b\u00e1sicas de administraci\u00f3n;<\/li><li>Atender y gestionar adecuadamente las consultas, comentarios, incidencias o sugerencias remitidas;<\/li><li>Atender y gestionar adecuadamente las solicitudes de presupuestos que nos hayan remitido a trav\u00e9s de este medio;<\/li><li>Mantenerle informado, bien por medios electr\u00f3nicos o dispositivos m\u00f3viles, bien por cualquier otro medio que as\u00ed se haya previsto y facilitado, de las \u00faltimas noticias, eventos, promociones de Charter&amp;Dreams que pudieran resultar de su inter\u00e9s;<\/li><li>An\u00e1lisis estad\u00edsticos de visitas a la Web y comportamientos de sus usuarios en la misma.<\/li><\/ul><p><strong>Legitimaci\u00f3n<\/strong><\/p><p>Consentimiento del interesado e inter\u00e9s leg\u00edtimo.<\/p><p><strong>Destinatarios<\/strong><\/p><p>No se ceden datos a terceros, salvo para la prestaci\u00f3n de un servicio solicitado por sus clientes -en cuyo caso se informa debidamente- o por requerimiento legal, y a cualesquiera otros colaboradores que fueren preciso para prestar los servicios, informando debidamente al usuario, de conformidad con lo previsto en el RGPD.<\/p><p><strong>Derechos<\/strong><\/p><p>Acceso, rectificaci\u00f3n, supresi\u00f3n, oposici\u00f3n, limitaci\u00f3n del tratamiento, portabilidad de datos, a no ser objeto de decisiones individualizadas automatizadas y a revocar el consentimiento prestado.<\/p><p>A contactar ante la Agencia Espa\u00f1ola de Protecci\u00f3n de Datos para presentar cualquier reclamaci\u00f3n que se considere oportuna.<\/p><p><strong>Informaci\u00f3n detallada<\/strong><\/p><p>Puede consultar informaci\u00f3n detallada sobre la protecci\u00f3n de sus datos, a continuaci\u00f3n.<\/p><p><strong>3. INFORMACI\u00d3N DETALLADA SOBRE PROTECCI\u00d3N DE DATOS PERSONALES<\/strong><\/p><p><strong>3.1.\u00a0<u>Responsable del tratamiento<\/u><\/strong><\/p><p>El responsable del tratamiento de los datos del Usuario es la compa\u00f1\u00eda Charter&amp;Dreams Yacht Services, S.L., C. de Balmes, 253, 2\u00ba 1\u00aa, 08006 Barcelona, Espa\u00f1a, con C.I.F. B65250441, tel\u00e9fono 931147593 y correo electr\u00f3nico\u00a0<a href=\"mailto:info@charteranddreams.com\">info@charteranddreams.com<\/a>.<\/p><p><strong>3.2. Finalidad del tratamiento de los datos<\/strong><\/p><p>El Usuario podr\u00e1 proporcionarnos, de forma voluntaria, informaci\u00f3n de car\u00e1cter personal, bien, a trav\u00e9s de determinados formularios de recogida de datos (incluidos en la web, registros\u00a0 a eventos en formato papel, por tel\u00e9fono, etc.), mediante las direcciones de correo electr\u00f3nico habilitadas a tal efecto.<\/p><p>El acceso por parte de Charter&amp;Dreams a los datos de car\u00e1cter personal del Usuario, se realizara\u0301 \u00fanica y exclusivamente con la finalidad de que Charter&amp;Dreams pueda atender las solicitudes del Usuario y poder mantenerle informado, incluso por medios electr\u00f3nicos, sobre nuestros productos y servicios, sin que pueda aplicarlos o utilizarlos para cualquier otra finalidad. El consentimiento otorgado por el usuario, alcanza las siguientes finalidades:<\/p><ul><li>Poder contactar con el Usuario y gestionar las tareas b\u00e1sicas de administraci\u00f3n;<\/li><li>Atender y gestionar adecuadamente las consultas, comentarios, incidencias o sugerencias remitidas;<\/li><li>Atender y gestionar adecuadamente las solicitudes de presupuestos que nos hayan remitido a trav\u00e9s de este medio;<\/li><li>Mantenerle informado, bien por medios electr\u00f3nicos o dispositivos m\u00f3viles, bien por cualquier otro medio que as\u00ed se haya previsto y facilitado, de las \u00faltimas noticias, eventos, promociones de Charter&amp;Dreams que pudieran resultar de su inter\u00e9s;<\/li><li>An\u00e1lisis estad\u00edsticos de visitas a la Web y comportamientos de sus usuarios en la misma.<\/li><li>Gestionar adecuadamente la navegaci\u00f3n a trav\u00e9s del presente Sitio Web.<\/li><\/ul><p>Respecto al tratamiento de sus datos con fines promocionales o publicitarios, se facilitar\u00e1 al interesado, junto con el formulario de recogida de datos correspondiente, el oportuno procedimiento, sencillo y gratuito, para que pueda prestar libremente su consentimiento a tal efecto. El consentimiento otorgado puede ser revocado en cualquier momento y sin coste alguno para el interesado.<\/p><p>Asimismo, atendiendo a las mencionadas finalidades, se elaborar\u00e1 un \u201cperfil\u00a0 comercial\u201d, en\u00a0 base a la informaci\u00f3n facilitada. No se tomar\u00e1n\u00a0 decisiones automatizadas en base a dicho perfil.<\/p><p><strong>3.2.1. Conservaci\u00f3n de los datos<\/strong><\/p><p>Los\u00a0 datos\u00a0 personales\u00a0 proporcionados por el Usuario\u00a0 se\u00a0 conservar\u00e1n por Charter&amp;Dreams mientras\u00a0 exista una relaci\u00f3n contractual y\/o comercial con el Usuario, as\u00ed como durante los 6 a\u00f1os posteriores a la misma de acuerdo con las obligaciones mercantiles del art. 30 del C\u00f3digo de Comercio o, en su caso, durante\u00a0 el plazo m\u00e1ximo legal permitido por la legislaci\u00f3n de protecci\u00f3n de datos, incluyendo los plazos de prescripci\u00f3n de acciones legales para la atenci\u00f3n de posible responsabilidad que pudieran derivarse de la relaci\u00f3n contractual, y, respecto a las comunicaciones comerciales, mientras \u00e9ste no solicite\u00a0 el derecho de\u00a0 \u00a0supresi\u00f3n , oposici\u00f3n y\/o limitaci\u00f3n de los datos personales.<\/p><p>En estos casos Charter&amp;Dreams mantendr\u00e1 los datos debidamente bloqueados, sin darle ning\u00fan uso, mientras puedan ser necesarios para el ejercicio o defensa de reclamaciones o pueda derivarse alg\u00fan tipo de responsabilidad judicial, legal o contractual de su tratamiento, que deba ser atendida y para lo cual sea necesaria su recuperaci\u00f3n.<\/p><p><strong>3.3. Menores de Edad<\/strong><\/p><p>Este Sitio Web no va dirigido a menores de edad. En todo caso, los menores de 16 a\u00f1os no deber\u00e1n enviar ninguna informaci\u00f3n personal sin el consentimiento de su padre o tutor. Charter&amp;Dreams no es responsable de ninguna informaci\u00f3n personal enviada por los menores de 14 a\u00f1os sin la autorizaci\u00f3n oportuna.<\/p><p><strong>3.4. Legitimaci\u00f3n para el tratamiento de datos<\/strong><\/p><p>La base legal del\u00a0 tratamiento\u00a0 de\u00a0 los\u00a0 datos\u00a0 del Usuario es el inter\u00e9s leg\u00edtimo para atender las solicitudes del Usuario y el consentimiento para poder mantener informado al mismo, incluso por medios electr\u00f3nicos, sobre nuestros productos y servicios. Asimismo, tal finalidad no est\u00e1 supeditada al consentimiento de datos que no sean necesarios para dicha finalidad.<\/p><p><strong>3.5. Destinatarios<\/strong><\/p><p>Charter&amp;Dreams no cede datos a terceros, salvo para la prestaci\u00f3n de un servicio solicitado por sus clientes -en cuyo caso se informa debidamente- o por requerimiento legal, y a cualesquiera otros colaboradores que fueren preciso para prestar los servicios, informando debidamente al usuario, de conformidad con lo previsto en el RGPD.<\/p><p><strong>3.6. Transferencias internacionales de datos<\/strong><\/p><p>Charter&amp;Dreams no realiza ning\u00fan tipo de transferencias internacionales de datos. En el supuesto de hacerlo, se informar\u00eda previamente al Usuario y se solicitar\u00eda el consentimiento oportuno, implementando, en todo caso, las medidas t\u00e9cnicas y organizativas apropiadas para salvaguardar la seguridad de sus datos.<\/p><p><strong>3.7. Ejercicio de derechos<\/strong><\/p><p>El Usuario podr\u00e1 ejercer los siguientes derechos, previstos en el RGPD, en relaci\u00f3n al tratamiento de sus datos personales:<\/p><ul><li>Derecho a solicitar el acceso a los datos personales relativos al interesado.<\/li><li>Derecho a solicitar su rectificaci\u00f3n<\/li><li>Derecho a solicitar su supresi\u00f3n.<\/li><li>Derecho a solicitar la limitaci\u00f3n de su tratamiento,<\/li><li>Derecho a oponerse al tratamiento.<\/li><li>Derecho a la portabilidad de los datos.<\/li><li>Derecho a no ser objeto de decisiones individualizadas automatizadas.<\/li><\/ul><p>Tales derechos podr\u00e1n ser ejercidos mediante una comunicaci\u00f3n escrita dirigida a Charter&amp;Dreams Yacht Services, S.L., C. de Balmes, 253, 2\u00ba 1\u00aa, 08006 Barcelona, Espa\u00f1a, con C.I.F. B65250441, o por e-mail a la direcci\u00f3n\u00a0<a href=\"mailto:info@charteranddreams.com\">info@charteranddreams.com<\/a>. En ambos casos el Usuario interesado deber\u00e1 acompa\u00f1ar una copia de su documento nacional de identidad, pasaporte u otro documento v\u00e1lido que lo identifique. Charter&amp;Dreams proceder\u00e1 a enviarle una comunicaci\u00f3n dentro del plazo de un mes desde la recepci\u00f3n de la solicitud, juntamente, en su caso, con otras informaciones que puedan ser relevantes para resolver la solicitud.<\/p><p><strong>3.8. Medidas y niveles de seguridad<\/strong><\/p><p>Charter&amp;Dreams ha adoptado las medidas necesarias para mantener el nivel de seguridad requerido, seg\u00fan la naturaleza de los datos personales tratados y las circunstancias del tratamiento, con el objeto de evitar, en la medida de lo posible y siempre seg\u00fan el estado de la t\u00e9cnica, su alteraci\u00f3n, p\u00e9rdida, tratamiento o acceso no autorizado.<\/p><p>Asimismo, Charter&amp;Dreams garantiza que ha implementado mecanismos para:<\/p><p>1. Garantizar la confidencialidad, integridad, disponibilidad y resiliencia permanentes de los sistemas y servicios de tratamiento.<\/p><p>2. Restaurar la disponibilidad y el acceso a los datos personales de forma r\u00e1pida, en caso de incidente f\u00edsico o t\u00e9cnico.<\/p><p>3. Verificar, evaluar y valorar, de forma regular, la eficacia de las medidas t\u00e9cnicas y organizativas implantadas para garantizar la seguridad del tratamiento.<\/p><p>4. Seudonimizar y cifrar los datos personales, en su caso.<\/p><p><strong>3.9. \u00c1mbito de aplicaci\u00f3n<\/strong><\/p><p>La estructura de ficheros, equipos y sistemas de informaci\u00f3n con el objeto de dar cumplimiento a la legislaci\u00f3n vigente en materia de protecci\u00f3n de datos, se aplicar\u00e1n a todos los ficheros, temporales o permanentes, titularidad de Charter&amp;Dreams que contengan datos de car\u00e1cter personal, as\u00ed como a cualquier equipo o sistema de informaci\u00f3n que los trate.<\/p><p><strong>3.10. Consentimiento del Usuario<\/strong><\/p><p>El Usuario manifiesta haber le\u00eddo y aceptado expresamente la presente Pol\u00edtica de Privacidad al registrarse en Charter&amp;Dreams, otorgando su consentimiento inequ\u00edvoco y expreso a Charter&amp;Dreams, al tratamiento de los datos de acuerdo con las finalidades y servicios aqu\u00ed reflejados.<\/p><p>No se ceden datos a terceros, salvo para la prestaci\u00f3n de un servicio solicitado por sus clientes -en cuyo caso se informa debidamente- o por requerimiento legal, y a cualesquiera otros colaboradores que fueren preciso para prestar los servicios, informando debidamente al usuario, de conformidad con lo previsto en el RGPD. En el caso de que el Usuario facilite a Charter&amp;Dreams datos personales de terceros, el Usuario declara que dichos datos son veraces y que ha informado y ha solicitado el consentimiento a estos terceros, cuyos datos nos facilita, de que sus datos personales ser\u00e1n tratados por Charter&amp;Dreams en los mismos t\u00e9rminos que el Usuario ha sido informado y prestado su consentimiento en la presente pol\u00edtica de privacidad. El Usuario se obliga a mantener indemne a Charter&amp;Dreams ante cualquier posible reclamaci\u00f3n, multa o sanci\u00f3n que pueda venir obligada a soportar como consecuencia del incumplimiento por parte del Usuario del deber descrito en este p\u00e1rrafo.<\/p><p><strong>3.11. Informaci\u00f3n comercial y promocional<\/strong><\/p><p>Si el Usuario nos ha autorizado a ello, los datos de car\u00e1cter personal que nos facilite mediante este formulario ser\u00e1n objeto de tratamiento por parte de Charter&amp;Dreams, con el objetivo de notificarle contenidos empresariales y comunicaciones comerciales de Charter&amp;Dreams.<\/p><p><strong>3.12. Confidencialidad y secreto profesional<\/strong><\/p><p>Los datos recogidos en todas las comunicaciones privadas entre Charter&amp;Dreams y los clientes o Usuarios ser\u00e1n tratados con absoluta confidencialidad, comprometi\u00e9ndose Charter&amp;Dreams a la obligaci\u00f3n de secreto de los datos de car\u00e1cter personal, a su deber de guardarlos y adoptar todas las medidas necesarias que eviten su alteraci\u00f3n, p\u00e9rdida y tratamiento o acceso no autorizado, de acuerdo con lo establecido en la normativa de protecci\u00f3n de datos aplicable.<\/p><p>Adem\u00e1s, tambi\u00e9n tendr\u00e1 la condici\u00f3n de confidencial la informaci\u00f3n de cualquier tipo que las partes intercambien entre s\u00ed, aquella que estas acuerden que tiene tal naturaleza, o la que simplemente verse sobre el contenido de dicha informaci\u00f3n. La visualizaci\u00f3n de datos a trav\u00e9s de Internet, no supondr\u00e1 el acceso directo a los mismos, salvo consentimiento expreso de su titular para cada ocasi\u00f3n.<\/p><p><strong>3.13. Cambios en la pol\u00edtica de seguridad y de protecci\u00f3n de datos<\/strong><\/p><p>Charter&amp;Dreams se reserva el derecho de modificar su pol\u00edtica de seguridad y protecci\u00f3n de datos con el objeto de adaptarlo a las novedades legislativas o jurisprudenciales, as\u00ed como las que pudieran derivarse de c\u00f3digos tipo existentes en la materia, o por decisiones corporativas estrat\u00e9gicas, con efectos de la fecha de publicaci\u00f3n de dicha modificaci\u00f3n en la p\u00e1gina Web de Charter&amp;Dreams.<\/p><p><strong>3.14. Enlaces<\/strong><\/p><p>Con relaci\u00f3n a los enlaces o v\u00ednculos que con otros portales o p\u00e1ginas web, no gestionadas por Charter&amp;Dreams puedan aparecer en el portal a t\u00edtulo informativo, Charter&amp;Dreams no ejerce ning\u00fan control sobre los mismos, ni responde de la informaci\u00f3n a la que se acceda. Salvo que Charter&amp;Dreams as\u00ed lo hubiera autorizado de forma previa y por escrito, no se podr\u00e1 insertar un link, hyperlink, framing o v\u00ednculo similar en el Sitio Web.<\/p><p><strong>3.15. Cookies.<\/strong><\/p><p>El acceso a esta web puede implicar la utilizaci\u00f3n de cookies. Las cookies son peque\u00f1as cantidades de informaci\u00f3n que se almacenan en el navegador utilizado por cada usuario para que el servidor recuerde cierta informaci\u00f3n que posteriormente pueda utilizar. Esta informaci\u00f3n permite identificarle a usted como un usuario concreto y permite guardar sus preferencias personales, as\u00ed como informaci\u00f3n t\u00e9cnica como puedan ser visitas o p\u00e1ginas concretas que visite.<\/p><p>Aquellos usuarios que no deseen recibir cookies o quieran ser informados antes de que se almacenen en su ordenador, pueden configurar su navegador a tal efecto. Para m\u00e1s informaci\u00f3n consulte nuestra\u00a0<a href=\"https:\/\/www.charteranddreams.com\/es\/politica-de-cookies\/\" target=\"_blank\" rel=\"noopener\">Pol\u00edtica de Cookies<\/a>.<\/p>\t\t\t\t\t\t\t\t<\/div>\n\t\t\t\t\t<\/div>\n\t\t\t\t<\/div>\n\t\t\t\t<\/div>\n\t\t","protected":false},"excerpt":{"rendered":"<p>Pol\u00edtica de Privacidad 1. TRATAMIENTO DE DATOS PERSONALES De conformidad con lo establecido en Reglamento (UE) 2016\/679 General de Protecci\u00f3n de Datos (en adelante, \u00abRGPD\u00bb), se informa que todos los datos personales que el Usuario facilite a trav\u00e9s del Sitio Web\u00a0www.charteranddreams.com\u00a0(en adelante, el \u00abSitio Web\u00ab) ser\u00e1n incorporados y tratados en los ficheros y sistemas de [&hellip;]<\/p>\n","protected":false},"author":2,"featured_media":0,"parent":0,"menu_order":0,"comment_status":"closed","ping_status":"closed","template":"","meta":{"_acf_changed":false,"_joinchat":[],"footnotes":""},"class_list":["post-55890","page","type-page","status-publish","hentry"],"acf":[],"_links":{"self":[{"href":"https:\/\/www.charteranddreams.com\/es\/wp-json\/wp\/v2\/pages\/55890","targetHints":{"allow":["GET"]}}],"collection":[{"href":"https:\/\/www.charteranddreams.com\/es\/wp-json\/wp\/v2\/pages"}],"about":[{"href":"https:\/\/www.charteranddreams.com\/es\/wp-json\/wp\/v2\/types\/page"}],"author":[{"embeddable":true,"href":"https:\/\/www.charteranddreams.com\/es\/wp-json\/wp\/v2\/users\/2"}],"replies":[{"embeddable":true,"href":"https:\/\/www.charteranddreams.com\/es\/wp-json\/wp\/v2\/comments?post=55890"}],"version-history":[{"count":13,"href":"https:\/\/www.charteranddreams.com\/es\/wp-json\/wp\/v2\/pages\/55890\/revisions"}],"predecessor-version":[{"id":97132,"href":"https:\/\/www.charteranddreams.com\/es\/wp-json\/wp\/v2\/pages\/55890\/revisions\/97132"}],"wp:attachment":[{"href":"https:\/\/www.charteranddreams.com\/es\/wp-json\/wp\/v2\/media?parent=55890"}],"curies":[{"name":"wp","href":"https:\/\/api.w.org\/{rel}","templated":true}]}}