{"id":55829,"date":"2024-04-19T13:55:38","date_gmt":"2024-04-19T11:55:38","guid":{"rendered":"https:\/\/www.charteranddreams.com\/?page_id=55829"},"modified":"2025-12-21T17:51:01","modified_gmt":"2025-12-21T15:51:01","slug":"yachts-for-sale","status":"publish","type":"page","link":"https:\/\/www.charteranddreams.com\/es\/yachts-for-sale\/","title":{"rendered":"Yates en venta"},"content":{"rendered":"\t\t<div data-elementor-type=\"wp-page\" data-elementor-id=\"55829\" class=\"elementor elementor-55829 elementor-55827\" data-elementor-post-type=\"page\">\n\t\t\t\t<div class=\"elementor-element elementor-element-052256a e-con-full e-flex e-con e-parent\" data-id=\"052256a\" data-element_type=\"container\" data-settings=\"{&quot;background_background&quot;:&quot;classic&quot;}\">\n\t\t\t\t<div class=\"elementor-element elementor-element-25f9559 elementor-widget elementor-widget-image\" data-id=\"25f9559\" data-element_type=\"widget\" data-widget_type=\"image.default\">\n\t\t\t\t\t\t\t\t\t\t\t\t\t\t\t<img decoding=\"async\" width=\"2013\" height=\"1422\" src=\"https:\/\/www.charteranddreams.com\/wp-content\/uploads\/2024\/12\/1690273609-image-16.jpg\" class=\"attachment-full size-full wp-image-96977\" alt=\"\" srcset=\"https:\/\/www.charteranddreams.com\/wp-content\/uploads\/2024\/12\/1690273609-image-16.jpg 2013w, https:\/\/www.charteranddreams.com\/wp-content\/uploads\/2024\/12\/1690273609-image-16-992x701.jpg 992w, https:\/\/www.charteranddreams.com\/wp-content\/uploads\/2024\/12\/1690273609-image-16-1550x1095.jpg 1550w, https:\/\/www.charteranddreams.com\/wp-content\/uploads\/2024\/12\/1690273609-image-16-576x407.jpg 576w, https:\/\/www.charteranddreams.com\/wp-content\/uploads\/2024\/12\/1690273609-image-16-768x543.jpg 768w, https:\/\/www.charteranddreams.com\/wp-content\/uploads\/2024\/12\/1690273609-image-16-1536x1085.jpg 1536w, https:\/\/www.charteranddreams.com\/wp-content\/uploads\/2024\/12\/1690273609-image-16-1900x1342.jpg 1900w\" sizes=\"(max-width: 2013px) 100vw, 2013px\" \/>\t\t\t\t\t\t\t\t\t\t\t\t\t\t\t<\/div>\n\t\t<div class=\"elementor-element elementor-element-771fdaa e-flex e-con-boxed e-con e-child\" data-id=\"771fdaa\" data-element_type=\"container\" data-settings=\"{&quot;position&quot;:&quot;absolute&quot;}\">\n\t\t\t\t\t<div class=\"e-con-inner\">\n\t\t\t\t<div class=\"elementor-element elementor-element-d9e4671 elementor-widget__width-initial elementor-widget elementor-widget-heading\" data-id=\"d9e4671\" data-element_type=\"widget\" data-widget_type=\"heading.default\">\n\t\t\t\t\t<h1 class=\"elementor-heading-title elementor-size-default\">Yates en venta<\/h1>\t\t\t\t<\/div>\n\t\t\t\t<div class=\"elementor-element elementor-element-bbe8922 elementor-widget__width-initial elementor-widget elementor-widget-text-editor\" data-id=\"bbe8922\" data-element_type=\"widget\" data-widget_type=\"text-editor.default\">\n\t\t\t\t\t\t\t\t\t<p>En Charter&amp;Dreams ofrecemos un servicio personalizado de venta y compra de yates de lujo a nivel internacional, adapt\u00e1ndonos a las necesidades espec\u00edficas de cada cliente y proporcionando asesoramiento especializado para yates de uso privado, alquiler o ambos. Contamos con una amplia experiencia que abarca desde la b\u00fasqueda global de yates, incluidos aquellos que no est\u00e1n visibles o en construcci\u00f3n, hasta la entrega del yate, ofreciendo el mejor asesoramiento t\u00e9cnico, financiero y legal, todo con la exclusividad que nuestros clientes merecen.<\/p>\t\t\t\t\t\t\t\t<\/div>\n\t\t\t\t\t<\/div>\n\t\t\t\t<\/div>\n\t\t\t\t<\/div>\n\t\t\t\t<\/div>\n\t\t","protected":false},"excerpt":{"rendered":"<p>Yates en venta En Charter&amp;Dreams ofrecemos un servicio personalizado de venta y compra de yates de lujo a nivel internacional, adapt\u00e1ndonos a las necesidades espec\u00edficas de cada cliente y proporcionando asesoramiento especializado para yates de uso privado, alquiler o ambos. Contamos con una amplia experiencia que abarca desde la b\u00fasqueda global de yates, incluidos aquellos [&hellip;]<\/p>\n","protected":false},"author":2,"featured_media":0,"parent":0,"menu_order":0,"comment_status":"closed","ping_status":"closed","template":"template-archive-boat-sale.php","meta":{"_acf_changed":false,"_joinchat":[],"footnotes":""},"class_list":["post-55829","page","type-page","status-publish","hentry"],"acf":[],"_links":{"self":[{"href":"https:\/\/www.charteranddreams.com\/es\/wp-json\/wp\/v2\/pages\/55829","targetHints":{"allow":["GET"]}}],"collection":[{"href":"https:\/\/www.charteranddreams.com\/es\/wp-json\/wp\/v2\/pages"}],"about":[{"href":"https:\/\/www.charteranddreams.com\/es\/wp-json\/wp\/v2\/types\/page"}],"author":[{"embeddable":true,"href":"https:\/\/www.charteranddreams.com\/es\/wp-json\/wp\/v2\/users\/2"}],"replies":[{"embeddable":true,"href":"https:\/\/www.charteranddreams.com\/es\/wp-json\/wp\/v2\/comments?post=55829"}],"version-history":[{"count":18,"href":"https:\/\/www.charteranddreams.com\/es\/wp-json\/wp\/v2\/pages\/55829\/revisions"}],"predecessor-version":[{"id":112484,"href":"https:\/\/www.charteranddreams.com\/es\/wp-json\/wp\/v2\/pages\/55829\/revisions\/112484"}],"wp:attachment":[{"href":"https:\/\/www.charteranddreams.com\/es\/wp-json\/wp\/v2\/media?parent=55829"}],"curies":[{"name":"wp","href":"https:\/\/api.w.org\/{rel}","templated":true}]}}