{"id":29583,"date":"2024-05-10T11:05:15","date_gmt":"2024-05-10T09:05:15","guid":{"rendered":"https:\/\/www.charteranddreams.com\/?page_id=29583"},"modified":"2024-12-30T18:23:07","modified_gmt":"2024-12-30T16:23:07","slug":"donde-alquilar-un-yate","status":"publish","type":"page","link":"https:\/\/www.charteranddreams.com\/es\/donde-alquilar-un-yate\/","title":{"rendered":"D\u00f3nde Alquilar un Yate"},"content":{"rendered":"\t\t<div data-elementor-type=\"wp-page\" data-elementor-id=\"29583\" class=\"elementor elementor-29583 elementor-29581\" data-elementor-post-type=\"page\">\n\t\t\t\t<div class=\"elementor-element elementor-element-3014bc0 e-con-full e-flex e-con e-parent\" data-id=\"3014bc0\" data-element_type=\"container\" data-settings=\"{&quot;background_background&quot;:&quot;classic&quot;}\">\n\t\t\t\t<div class=\"elementor-element elementor-element-449e16e elementor-widget elementor-widget-image\" data-id=\"449e16e\" data-element_type=\"widget\" data-widget_type=\"image.default\">\n\t\t\t\t\t\t\t\t\t\t\t\t\t\t\t<img decoding=\"async\" width=\"2560\" height=\"1728\" src=\"https:\/\/www.charteranddreams.com\/wp-content\/uploads\/2024\/12\/iStock-504098132-scaled-1.jpg\" class=\"attachment-full size-full wp-image-96729\" alt=\"\" srcset=\"https:\/\/www.charteranddreams.com\/wp-content\/uploads\/2024\/12\/iStock-504098132-scaled-1.jpg 2560w, https:\/\/www.charteranddreams.com\/wp-content\/uploads\/2024\/12\/iStock-504098132-scaled-1-992x670.jpg 992w, https:\/\/www.charteranddreams.com\/wp-content\/uploads\/2024\/12\/iStock-504098132-scaled-1-1550x1046.jpg 1550w, https:\/\/www.charteranddreams.com\/wp-content\/uploads\/2024\/12\/iStock-504098132-scaled-1-576x389.jpg 576w, https:\/\/www.charteranddreams.com\/wp-content\/uploads\/2024\/12\/iStock-504098132-scaled-1-768x518.jpg 768w, https:\/\/www.charteranddreams.com\/wp-content\/uploads\/2024\/12\/iStock-504098132-scaled-1-1536x1037.jpg 1536w, https:\/\/www.charteranddreams.com\/wp-content\/uploads\/2024\/12\/iStock-504098132-scaled-1-2048x1382.jpg 2048w, https:\/\/www.charteranddreams.com\/wp-content\/uploads\/2024\/12\/iStock-504098132-scaled-1-1900x1283.jpg 1900w\" sizes=\"(max-width: 2560px) 100vw, 2560px\" \/>\t\t\t\t\t\t\t\t\t\t\t\t\t\t\t<\/div>\n\t\t<div class=\"elementor-element elementor-element-3ca43a9 e-flex e-con-boxed e-con e-child\" data-id=\"3ca43a9\" data-element_type=\"container\" data-settings=\"{&quot;position&quot;:&quot;absolute&quot;}\">\n\t\t\t\t\t<div class=\"e-con-inner\">\n\t\t\t\t<div class=\"elementor-element elementor-element-20c036b elementor-widget__width-initial elementor-widget elementor-widget-heading\" data-id=\"20c036b\" data-element_type=\"widget\" data-widget_type=\"heading.default\">\n\t\t\t\t\t<h1 class=\"elementor-heading-title elementor-size-default\">Destinos para Alquilar un Yate<\/h1>\t\t\t\t<\/div>\n\t\t\t\t\t<\/div>\n\t\t\t\t<\/div>\n\t\t\t\t<\/div>\n\t\t<div class=\"elementor-element elementor-element-09904dd e-flex e-con-boxed e-con e-parent\" data-id=\"09904dd\" data-element_type=\"container\">\n\t\t\t\t\t<div class=\"e-con-inner\">\n\t\t\t\t<div class=\"elementor-element elementor-element-e676cb0 elementor-widget elementor-widget-heading\" data-id=\"e676cb0\" data-element_type=\"widget\" data-widget_type=\"heading.default\">\n\t\t\t\t\t<h2 class=\"elementor-heading-title elementor-size-default\">D\u00f3nde ir y cu\u00e1ndo<\/h2>\t\t\t\t<\/div>\n\t\t\t\t<div class=\"elementor-element elementor-element-f5b6b43 elementor-widget__width-initial elementor-widget elementor-widget-text-editor\" data-id=\"f5b6b43\" data-element_type=\"widget\" data-widget_type=\"text-editor.default\">\n\t\t\t\t\t\t\t\t\t<p><span data-sheets-root=\"1\" data-sheets-value=\"{&quot;1&quot;:2,&quot;2&quot;:&quot;Nuestros expertos est\u00e1n especializados en la selecci\u00f3n de destinos de ch\u00e1rter ideales para cada mes del a\u00f1o. D\u00e9jese guiar para encontrar el destino perfecto, independientemente de la temporada.&quot;}\" data-sheets-userformat=\"{&quot;2&quot;:9149,&quot;3&quot;:{&quot;1&quot;:0},&quot;5&quot;:{&quot;1&quot;:[{&quot;1&quot;:2,&quot;2&quot;:0,&quot;5&quot;:{&quot;1&quot;:2,&quot;2&quot;:0}},{&quot;1&quot;:0,&quot;2&quot;:0,&quot;3&quot;:3},{&quot;1&quot;:1,&quot;2&quot;:0,&quot;4&quot;:1}]},&quot;6&quot;:{&quot;1&quot;:[{&quot;1&quot;:2,&quot;2&quot;:0,&quot;5&quot;:{&quot;1&quot;:2,&quot;2&quot;:0}},{&quot;1&quot;:0,&quot;2&quot;:0,&quot;3&quot;:3},{&quot;1&quot;:1,&quot;2&quot;:0,&quot;4&quot;:1}]},&quot;7&quot;:{&quot;1&quot;:[{&quot;1&quot;:2,&quot;2&quot;:0,&quot;5&quot;:{&quot;1&quot;:2,&quot;2&quot;:0}},{&quot;1&quot;:0,&quot;2&quot;:0,&quot;3&quot;:3},{&quot;1&quot;:1,&quot;2&quot;:0,&quot;4&quot;:1}]},&quot;8&quot;:{&quot;1&quot;:[{&quot;1&quot;:2,&quot;2&quot;:0,&quot;5&quot;:{&quot;1&quot;:2,&quot;2&quot;:0}},{&quot;1&quot;:0,&quot;2&quot;:0,&quot;3&quot;:3},{&quot;1&quot;:1,&quot;2&quot;:0,&quot;4&quot;:1}]},&quot;10&quot;:0,&quot;11&quot;:4,&quot;12&quot;:0,&quot;16&quot;:10}\">Nuestros expertos est\u00e1n especializados en la selecci\u00f3n de destinos de ch\u00e1rter ideales para cada mes del a\u00f1o. D\u00e9jate guiar para encontrar el destino perfecto, independientemente de la temporada.<\/span><\/p>\t\t\t\t\t\t\t\t<\/div>\n\t\t\t\t\t<\/div>\n\t\t\t\t<\/div>\n\t\t<div class=\"elementor-element elementor-element-40b9c67 e-flex e-con-boxed e-con e-parent\" data-id=\"40b9c67\" data-element_type=\"container\">\n\t\t\t\t\t<div class=\"e-con-inner\">\n\t\t<div class=\"elementor-element elementor-element-ac97f4c e-con-full e-flex e-con e-child\" data-id=\"ac97f4c\" data-element_type=\"container\" data-settings=\"{&quot;background_background&quot;:&quot;classic&quot;}\">\n\t\t\t\t<div class=\"elementor-element elementor-element-0b8383c elementor-widget elementor-widget-heading\" data-id=\"0b8383c\" data-element_type=\"widget\" data-widget_type=\"heading.default\">\n\t\t\t\t\t<h3 class=\"elementor-heading-title elementor-size-default\"><a href=\"https:\/\/www.charteranddreams.com\/es\/donde-alquilar-un-yate\/where-to-charter-a-yacht-in-january\/\">Enero<\/a><\/h3>\t\t\t\t<\/div>\n\t\t\t\t<div class=\"elementor-element elementor-element-66ba318 elementor-widget__width-initial elementor-widget elementor-widget-heading\" data-id=\"66ba318\" data-element_type=\"widget\" data-widget_type=\"heading.default\">\n\t\t\t\t\t<p class=\"elementor-heading-title elementor-size-default\"><a href=\"https:\/\/www.charteranddreams.com\/es\/donde-alquilar-un-yate\/where-to-charter-a-yacht-in-january\/\">Sum\u00e9rgete en un mundo ex\u00f3tico de playas espectaculares en Australia, el Caribe y las Bahamas<\/a><\/p>\t\t\t\t<\/div>\n\t\t\t\t<\/div>\n\t\t<div class=\"elementor-element elementor-element-1a13a2e e-con-full e-flex e-con e-child\" data-id=\"1a13a2e\" data-element_type=\"container\" data-settings=\"{&quot;background_background&quot;:&quot;classic&quot;}\">\n\t\t\t\t<div class=\"elementor-element elementor-element-b370a59 elementor-widget elementor-widget-heading\" data-id=\"b370a59\" data-element_type=\"widget\" data-widget_type=\"heading.default\">\n\t\t\t\t\t<h3 class=\"elementor-heading-title elementor-size-default\"><a href=\"https:\/\/www.charteranddreams.com\/es\/donde-alquilar-un-yate\/where-to-charter-a-yacht-in-february\/\">Febrero<\/a><\/h3>\t\t\t\t<\/div>\n\t\t\t\t<div class=\"elementor-element elementor-element-d74a52f elementor-widget__width-initial elementor-widget elementor-widget-heading\" data-id=\"d74a52f\" data-element_type=\"widget\" data-widget_type=\"heading.default\">\n\t\t\t\t\t<p class=\"elementor-heading-title elementor-size-default\"><a href=\"https:\/\/www.charteranddreams.com\/es\/donde-alquilar-un-yate\/where-to-charter-a-yacht-in-february\/\">Pon rumbo al \u00faltimo para\u00edso en la Tierra en Indonesia, viaja a las Maldivas o al Caribe<\/a><\/p>\t\t\t\t<\/div>\n\t\t\t\t<\/div>\n\t\t\t\t\t<\/div>\n\t\t\t\t<\/div>\n\t\t<div class=\"elementor-element elementor-element-f4147ef e-flex e-con-boxed e-con e-parent\" data-id=\"f4147ef\" data-element_type=\"container\">\n\t\t\t\t\t<div class=\"e-con-inner\">\n\t\t<div class=\"elementor-element elementor-element-28a8bb0 e-con-full e-flex e-con e-child\" data-id=\"28a8bb0\" data-element_type=\"container\" data-settings=\"{&quot;background_background&quot;:&quot;classic&quot;}\">\n\t\t\t\t<div class=\"elementor-element elementor-element-f2686e5 elementor-widget elementor-widget-heading\" data-id=\"f2686e5\" data-element_type=\"widget\" data-widget_type=\"heading.default\">\n\t\t\t\t\t<h3 class=\"elementor-heading-title elementor-size-default\"><a href=\"https:\/\/www.charteranddreams.com\/es\/donde-alquilar-un-yate\/where-to-charter-a-yacht-in-march\/\">Marzo<\/a><\/h3>\t\t\t\t<\/div>\n\t\t\t\t<div class=\"elementor-element elementor-element-1a9ef58 elementor-widget__width-initial elementor-widget elementor-widget-heading\" data-id=\"1a9ef58\" data-element_type=\"widget\" data-widget_type=\"heading.default\">\n\t\t\t\t\t<p class=\"elementor-heading-title elementor-size-default\"><a href=\"https:\/\/www.charteranddreams.com\/es\/donde-alquilar-un-yate\/where-to-charter-a-yacht-in-march\/\">Descubre los lugares m\u00e1s exclusivos del Caribe o la impresionante Polinesia Francesa<\/a><\/p>\t\t\t\t<\/div>\n\t\t\t\t<\/div>\n\t\t<div class=\"elementor-element elementor-element-432b915 e-con-full e-flex e-con e-child\" data-id=\"432b915\" data-element_type=\"container\" data-settings=\"{&quot;background_background&quot;:&quot;classic&quot;}\">\n\t\t\t\t<div class=\"elementor-element elementor-element-54c68e1 elementor-widget elementor-widget-heading\" data-id=\"54c68e1\" data-element_type=\"widget\" data-widget_type=\"heading.default\">\n\t\t\t\t\t<h3 class=\"elementor-heading-title elementor-size-default\"><a href=\"https:\/\/www.charteranddreams.com\/es\/donde-alquilar-un-yate\/where-to-charter-a-yacht-in-april\/\">Abril<\/a><\/h3>\t\t\t\t<\/div>\n\t\t\t\t<div class=\"elementor-element elementor-element-0598d62 elementor-widget__width-initial elementor-widget elementor-widget-heading\" data-id=\"0598d62\" data-element_type=\"widget\" data-widget_type=\"heading.default\">\n\t\t\t\t\t<p class=\"elementor-heading-title elementor-size-default\"><a href=\"https:\/\/www.charteranddreams.com\/es\/donde-alquilar-un-yate\/where-to-charter-a-yacht-in-april\/\">Disfruta de una aventura \u00fanica en yate en las Maldivas, las Seychelles o las Gal\u00e1pagos<\/a><\/p>\t\t\t\t<\/div>\n\t\t\t\t<\/div>\n\t\t\t\t\t<\/div>\n\t\t\t\t<\/div>\n\t\t<div class=\"elementor-element elementor-element-7e6d089 e-flex e-con-boxed e-con e-parent\" data-id=\"7e6d089\" data-element_type=\"container\">\n\t\t\t\t\t<div class=\"e-con-inner\">\n\t\t<div class=\"elementor-element elementor-element-e74b995 e-con-full e-flex e-con e-child\" data-id=\"e74b995\" data-element_type=\"container\" data-settings=\"{&quot;background_background&quot;:&quot;classic&quot;}\">\n\t\t\t\t<div class=\"elementor-element elementor-element-1089871 elementor-widget elementor-widget-heading\" data-id=\"1089871\" data-element_type=\"widget\" data-widget_type=\"heading.default\">\n\t\t\t\t\t<h3 class=\"elementor-heading-title elementor-size-default\"><a href=\"https:\/\/www.charteranddreams.com\/es\/donde-alquilar-un-yate\/where-to-charter-a-yacht-in-may\/\">Mayo<\/a><\/h3>\t\t\t\t<\/div>\n\t\t\t\t<div class=\"elementor-element elementor-element-fdb2da1 elementor-widget__width-initial elementor-widget elementor-widget-heading\" data-id=\"fdb2da1\" data-element_type=\"widget\" data-widget_type=\"heading.default\">\n\t\t\t\t\t<p class=\"elementor-heading-title elementor-size-default\"><a href=\"https:\/\/www.charteranddreams.com\/es\/donde-alquilar-un-yate\/where-to-charter-a-yacht-in-may\/\">Recorre las cautivadoras islas de Croacia, explora la Costa Azul o dir\u00edgete a la Costa Amalfitana<\/a><\/p>\t\t\t\t<\/div>\n\t\t\t\t<\/div>\n\t\t<div class=\"elementor-element elementor-element-d7e6fc7 e-con-full e-flex e-con e-child\" data-id=\"d7e6fc7\" data-element_type=\"container\" data-settings=\"{&quot;background_background&quot;:&quot;classic&quot;}\">\n\t\t\t\t<div class=\"elementor-element elementor-element-b2b11b3 elementor-widget elementor-widget-heading\" data-id=\"b2b11b3\" data-element_type=\"widget\" data-widget_type=\"heading.default\">\n\t\t\t\t\t<h3 class=\"elementor-heading-title elementor-size-default\"><a href=\"https:\/\/www.charteranddreams.com\/es\/donde-alquilar-un-yate\/where-to-charter-a-yacht-in-june\/\">Junio<\/a><\/h3>\t\t\t\t<\/div>\n\t\t\t\t<div class=\"elementor-element elementor-element-9efd39f elementor-widget__width-initial elementor-widget elementor-widget-heading\" data-id=\"9efd39f\" data-element_type=\"widget\" data-widget_type=\"heading.default\">\n\t\t\t\t\t<p class=\"elementor-heading-title elementor-size-default\"><a href=\"https:\/\/www.charteranddreams.com\/es\/donde-alquilar-un-yate\/where-to-charter-a-yacht-in-june\/\">Vive la belleza y glamour de las Baleares, explora Grecia, vive tu aventura perfecta en Komodo<\/a><\/p>\t\t\t\t<\/div>\n\t\t\t\t<\/div>\n\t\t\t\t\t<\/div>\n\t\t\t\t<\/div>\n\t\t<div class=\"elementor-element elementor-element-2b73e17 e-flex e-con-boxed e-con e-parent\" data-id=\"2b73e17\" data-element_type=\"container\">\n\t\t\t\t\t<div class=\"e-con-inner\">\n\t\t<div class=\"elementor-element elementor-element-613a228 e-con-full e-flex e-con e-child\" data-id=\"613a228\" data-element_type=\"container\" data-settings=\"{&quot;background_background&quot;:&quot;classic&quot;}\">\n\t\t\t\t<div class=\"elementor-element elementor-element-b9a053e elementor-widget elementor-widget-heading\" data-id=\"b9a053e\" data-element_type=\"widget\" data-widget_type=\"heading.default\">\n\t\t\t\t\t<h3 class=\"elementor-heading-title elementor-size-default\"><a href=\"https:\/\/www.charteranddreams.com\/es\/donde-alquilar-un-yate\/where-to-charter-a-yacht-in-july\/\">Julio<\/a><\/h3>\t\t\t\t<\/div>\n\t\t\t\t<div class=\"elementor-element elementor-element-f256165 elementor-widget__width-initial elementor-widget elementor-widget-heading\" data-id=\"f256165\" data-element_type=\"widget\" data-widget_type=\"heading.default\">\n\t\t\t\t\t<p class=\"elementor-heading-title elementor-size-default\"><a href=\"https:\/\/www.charteranddreams.com\/es\/donde-alquilar-un-yate\/where-to-charter-a-yacht-in-july\/\">Conoce el esplendor de Cerde\u00f1a, navega por la encantadora isla de Menorca, enam\u00f3rate de Croacia<\/a><\/p>\t\t\t\t<\/div>\n\t\t\t\t<\/div>\n\t\t<div class=\"elementor-element elementor-element-935641b e-con-full e-flex e-con e-child\" data-id=\"935641b\" data-element_type=\"container\" data-settings=\"{&quot;background_background&quot;:&quot;classic&quot;}\">\n\t\t\t\t<div class=\"elementor-element elementor-element-973615e elementor-widget elementor-widget-heading\" data-id=\"973615e\" data-element_type=\"widget\" data-widget_type=\"heading.default\">\n\t\t\t\t\t<h3 class=\"elementor-heading-title elementor-size-default\"><a href=\"https:\/\/www.charteranddreams.com\/es\/donde-alquilar-un-yate\/where-to-charter-a-yacht-in-august\/\">Agosto<\/a><\/h3>\t\t\t\t<\/div>\n\t\t\t\t<div class=\"elementor-element elementor-element-d3fd55a elementor-widget__width-initial elementor-widget elementor-widget-heading\" data-id=\"d3fd55a\" data-element_type=\"widget\" data-widget_type=\"heading.default\">\n\t\t\t\t\t<p class=\"elementor-heading-title elementor-size-default\"><a href=\"https:\/\/www.charteranddreams.com\/es\/donde-alquilar-un-yate\/where-to-charter-a-yacht-in-august\/\">Descubre lo mejor de Mallorca, recorre la Costa Amalfitana, navega por las impresionantes islas griegas<\/a><\/p>\t\t\t\t<\/div>\n\t\t\t\t<\/div>\n\t\t\t\t\t<\/div>\n\t\t\t\t<\/div>\n\t\t<div class=\"elementor-element elementor-element-003a915 e-flex e-con-boxed e-con e-parent\" data-id=\"003a915\" data-element_type=\"container\">\n\t\t\t\t\t<div class=\"e-con-inner\">\n\t\t<div class=\"elementor-element elementor-element-ad8da21 e-con-full e-flex e-con e-child\" data-id=\"ad8da21\" data-element_type=\"container\" data-settings=\"{&quot;background_background&quot;:&quot;classic&quot;}\">\n\t\t\t\t<div class=\"elementor-element elementor-element-56894ff elementor-widget elementor-widget-heading\" data-id=\"56894ff\" data-element_type=\"widget\" data-widget_type=\"heading.default\">\n\t\t\t\t\t<h3 class=\"elementor-heading-title elementor-size-default\"><a href=\"https:\/\/www.charteranddreams.com\/es\/donde-alquilar-un-yate\/where-to-charter-a-yacht-in-september\/\">Septiembre<\/a><\/h3>\t\t\t\t<\/div>\n\t\t\t\t<div class=\"elementor-element elementor-element-b9d9e48 elementor-widget__width-initial elementor-widget elementor-widget-heading\" data-id=\"b9d9e48\" data-element_type=\"widget\" data-widget_type=\"heading.default\">\n\t\t\t\t\t<p class=\"elementor-heading-title elementor-size-default\"><a href=\"https:\/\/www.charteranddreams.com\/es\/donde-alquilar-un-yate\/where-to-charter-a-yacht-in-september\/\">Alarga el verano en Ibiza, disfruta de la belleza de Turqu\u00eda o descubre Croacia<\/a><\/p>\t\t\t\t<\/div>\n\t\t\t\t<\/div>\n\t\t<div class=\"elementor-element elementor-element-3b54c3a e-con-full e-flex e-con e-child\" data-id=\"3b54c3a\" data-element_type=\"container\" data-settings=\"{&quot;background_background&quot;:&quot;classic&quot;}\">\n\t\t\t\t<div class=\"elementor-element elementor-element-e688ccc elementor-widget elementor-widget-heading\" data-id=\"e688ccc\" data-element_type=\"widget\" data-widget_type=\"heading.default\">\n\t\t\t\t\t<h3 class=\"elementor-heading-title elementor-size-default\"><a href=\"https:\/\/www.charteranddreams.com\/es\/donde-alquilar-un-yate\/where-to-charter-a-yacht-in-october\/\">Octubre<\/a><\/h3>\t\t\t\t<\/div>\n\t\t\t\t<div class=\"elementor-element elementor-element-c0a0e03 elementor-widget__width-initial elementor-widget elementor-widget-heading\" data-id=\"c0a0e03\" data-element_type=\"widget\" data-widget_type=\"heading.default\">\n\t\t\t\t\t<p class=\"elementor-heading-title elementor-size-default\"><a href=\"https:\/\/www.charteranddreams.com\/es\/donde-alquilar-un-yate\/where-to-charter-a-yacht-in-october\/\">Recorre las islas C\u00edcladas, conoce el Mar Rojo o disfruta de un ambiente relajado en Ibiza<\/a><\/p>\t\t\t\t<\/div>\n\t\t\t\t<\/div>\n\t\t\t\t\t<\/div>\n\t\t\t\t<\/div>\n\t\t<div class=\"elementor-element elementor-element-944df1a e-flex e-con-boxed e-con e-parent\" data-id=\"944df1a\" data-element_type=\"container\">\n\t\t\t\t\t<div class=\"e-con-inner\">\n\t\t<div class=\"elementor-element elementor-element-4c538eb e-con-full e-flex e-con e-child\" data-id=\"4c538eb\" data-element_type=\"container\" data-settings=\"{&quot;background_background&quot;:&quot;classic&quot;}\">\n\t\t\t\t<div class=\"elementor-element elementor-element-7436e75 elementor-widget elementor-widget-heading\" data-id=\"7436e75\" data-element_type=\"widget\" data-widget_type=\"heading.default\">\n\t\t\t\t\t<h3 class=\"elementor-heading-title elementor-size-default\"><a href=\"https:\/\/www.charteranddreams.com\/es\/donde-alquilar-un-yate\/where-to-charter-a-yacht-in-november\/\">Noviembre<\/a><\/h3>\t\t\t\t<\/div>\n\t\t\t\t<div class=\"elementor-element elementor-element-50bfa4d elementor-widget__width-initial elementor-widget elementor-widget-heading\" data-id=\"50bfa4d\" data-element_type=\"widget\" data-widget_type=\"heading.default\">\n\t\t\t\t\t<p class=\"elementor-heading-title elementor-size-default\"><a href=\"https:\/\/www.charteranddreams.com\/es\/donde-alquilar-un-yate\/where-to-charter-a-yacht-in-november\/\">Viaja a la Riviera Turca, bucea con tiburones ballena en las Maldivas, descubre Raja Ampat<\/a><\/p>\t\t\t\t<\/div>\n\t\t\t\t<\/div>\n\t\t<div class=\"elementor-element elementor-element-0aa6f65 e-con-full e-flex e-con e-child\" data-id=\"0aa6f65\" data-element_type=\"container\" data-settings=\"{&quot;background_background&quot;:&quot;classic&quot;}\">\n\t\t\t\t<div class=\"elementor-element elementor-element-ce17772 elementor-widget elementor-widget-heading\" data-id=\"ce17772\" data-element_type=\"widget\" data-widget_type=\"heading.default\">\n\t\t\t\t\t<h3 class=\"elementor-heading-title elementor-size-default\"><a href=\"https:\/\/www.charteranddreams.com\/es\/donde-alquilar-un-yate\/where-to-charter-a-yacht-in-december\/\">Diciembre<\/a><\/h3>\t\t\t\t<\/div>\n\t\t\t\t<div class=\"elementor-element elementor-element-4824651 elementor-widget__width-initial elementor-widget elementor-widget-heading\" data-id=\"4824651\" data-element_type=\"widget\" data-widget_type=\"heading.default\">\n\t\t\t\t\t<p class=\"elementor-heading-title elementor-size-default\"><a href=\"https:\/\/www.charteranddreams.com\/es\/donde-alquilar-un-yate\/where-to-charter-a-yacht-in-december\/\">Aprovecha el inicio de la temporada caribe\u00f1a, pon rumbo a Fiyi o Australia<\/a><\/p>\t\t\t\t<\/div>\n\t\t\t\t<\/div>\n\t\t\t\t\t<\/div>\n\t\t\t\t<\/div>\n\t\t\t\t<\/div>\n\t\t","protected":false},"excerpt":{"rendered":"<p>Destinos para Alquilar un Yate D\u00f3nde ir y cu\u00e1ndo Nuestros expertos est\u00e1n especializados en la selecci\u00f3n de destinos de ch\u00e1rter ideales para cada mes del a\u00f1o. D\u00e9jate guiar para encontrar el destino perfecto, independientemente de la temporada. Enero Sum\u00e9rgete en un mundo ex\u00f3tico de playas espectaculares en Australia, el Caribe y las Bahamas Febrero Pon [&hellip;]<\/p>\n","protected":false},"author":2,"featured_media":0,"parent":0,"menu_order":0,"comment_status":"closed","ping_status":"closed","template":"","meta":{"_acf_changed":false,"_joinchat":[],"footnotes":""},"class_list":["post-29583","page","type-page","status-publish","hentry"],"acf":[],"_links":{"self":[{"href":"https:\/\/www.charteranddreams.com\/es\/wp-json\/wp\/v2\/pages\/29583","targetHints":{"allow":["GET"]}}],"collection":[{"href":"https:\/\/www.charteranddreams.com\/es\/wp-json\/wp\/v2\/pages"}],"about":[{"href":"https:\/\/www.charteranddreams.com\/es\/wp-json\/wp\/v2\/types\/page"}],"author":[{"embeddable":true,"href":"https:\/\/www.charteranddreams.com\/es\/wp-json\/wp\/v2\/users\/2"}],"replies":[{"embeddable":true,"href":"https:\/\/www.charteranddreams.com\/es\/wp-json\/wp\/v2\/comments?post=29583"}],"version-history":[{"count":10,"href":"https:\/\/www.charteranddreams.com\/es\/wp-json\/wp\/v2\/pages\/29583\/revisions"}],"predecessor-version":[{"id":96735,"href":"https:\/\/www.charteranddreams.com\/es\/wp-json\/wp\/v2\/pages\/29583\/revisions\/96735"}],"wp:attachment":[{"href":"https:\/\/www.charteranddreams.com\/es\/wp-json\/wp\/v2\/media?parent=29583"}],"curies":[{"name":"wp","href":"https:\/\/api.w.org\/{rel}","templated":true}]}}