{"id":25268,"date":"2024-04-02T12:04:44","date_gmt":"2024-04-02T10:04:44","guid":{"rendered":"https:\/\/www.charteranddreams.com\/?page_id=25268"},"modified":"2025-09-26T09:23:02","modified_gmt":"2025-09-26T07:23:02","slug":"gulets","status":"publish","type":"page","link":"https:\/\/www.charteranddreams.com\/es\/gulets\/","title":{"rendered":"Alquiler de Goletas"},"content":{"rendered":"\t\t<div data-elementor-type=\"wp-page\" data-elementor-id=\"25268\" class=\"elementor elementor-25268 elementor-25266\" data-elementor-post-type=\"page\">\n\t\t\t\t<div class=\"elementor-element elementor-element-50130e7 e-con-full e-flex e-con e-parent\" data-id=\"50130e7\" data-element_type=\"container\" data-settings=\"{&quot;background_background&quot;:&quot;classic&quot;}\">\n\t\t\t\t<div class=\"elementor-element elementor-element-7d18e0b elementor-widget elementor-widget-image\" data-id=\"7d18e0b\" data-element_type=\"widget\" data-widget_type=\"image.default\">\n\t\t\t\t\t\t\t\t\t\t\t\t\t\t\t<img decoding=\"async\" width=\"2560\" height=\"1696\" src=\"https:\/\/www.charteranddreams.com\/wp-content\/uploads\/2024\/12\/Mallorca-header-scaled-1.jpg\" class=\"attachment-full size-full wp-image-96756\" alt=\"\" srcset=\"https:\/\/www.charteranddreams.com\/wp-content\/uploads\/2024\/12\/Mallorca-header-scaled-1.jpg 2560w, https:\/\/www.charteranddreams.com\/wp-content\/uploads\/2024\/12\/Mallorca-header-scaled-1-992x657.jpg 992w, https:\/\/www.charteranddreams.com\/wp-content\/uploads\/2024\/12\/Mallorca-header-scaled-1-1550x1027.jpg 1550w, https:\/\/www.charteranddreams.com\/wp-content\/uploads\/2024\/12\/Mallorca-header-scaled-1-576x382.jpg 576w, https:\/\/www.charteranddreams.com\/wp-content\/uploads\/2024\/12\/Mallorca-header-scaled-1-768x509.jpg 768w, https:\/\/www.charteranddreams.com\/wp-content\/uploads\/2024\/12\/Mallorca-header-scaled-1-1536x1018.jpg 1536w, https:\/\/www.charteranddreams.com\/wp-content\/uploads\/2024\/12\/Mallorca-header-scaled-1-2048x1357.jpg 2048w, https:\/\/www.charteranddreams.com\/wp-content\/uploads\/2024\/12\/Mallorca-header-scaled-1-1900x1259.jpg 1900w\" sizes=\"(max-width: 2560px) 100vw, 2560px\" \/>\t\t\t\t\t\t\t\t\t\t\t\t\t\t\t<\/div>\n\t\t<div class=\"elementor-element elementor-element-7d674ca e-flex e-con-boxed e-con e-child\" data-id=\"7d674ca\" data-element_type=\"container\" data-settings=\"{&quot;position&quot;:&quot;absolute&quot;}\">\n\t\t\t\t\t<div class=\"e-con-inner\">\n\t\t\t\t<div class=\"elementor-element elementor-element-4d00109 elementor-widget__width-initial elementor-widget elementor-widget-heading\" data-id=\"4d00109\" data-element_type=\"widget\" data-widget_type=\"heading.default\">\n\t\t\t\t\t<h1 class=\"elementor-heading-title elementor-size-default\">Alquiler de Goletas<\/h1>\t\t\t\t<\/div>\n\t\t\t\t<div class=\"elementor-element elementor-element-449988e elementor-widget__width-initial elementor-widget elementor-widget-text-editor\" data-id=\"449988e\" data-element_type=\"widget\" data-widget_type=\"text-editor.default\">\n\t\t\t\t\t\t\t\t\t<p>Alquiler de Goletas en el Mediterr\u00e1neo, Caribe y Bahamas.<\/p><p>Disfrute de unas vacaciones inolvidables alquilando una goleta. Barcos de vela originariamente de Turqu\u00eda, que ofrecen unos espacios ampl\u00edsimos tanto en interior como en el exterior. Un viaje en el tiempo y la historia. Barcos de una singular belleza, inspirados en l\u00edneas cl\u00e1sicas donde la madera es protagonista.<\/p>\t\t\t\t\t\t\t\t<\/div>\n\t\t\t\t\t<\/div>\n\t\t\t\t<\/div>\n\t\t\t\t<\/div>\n\t\t<div class=\"elementor-element elementor-element-b939fe1 e-flex e-con-boxed e-con e-parent\" data-id=\"b939fe1\" data-element_type=\"container\">\n\t\t\t\t\t<div class=\"e-con-inner\">\n\t\t\t\t<div class=\"elementor-element elementor-element-b6c9718 elementor-widget elementor-widget-text-editor\" data-id=\"b6c9718\" data-element_type=\"widget\" data-widget_type=\"text-editor.default\">\n\t\t\t\t\t\t\t\t\t<p class=\"p1\">Una <b>goleta<\/b> es una embarcaci\u00f3n tradicional y elegante, conocida por sus distintivos dos o m\u00e1s m\u00e1stiles y su dise\u00f1o atemporal. Inspiradas originalmente en las cl\u00e1sicas goletas mediterr\u00e1neas, estas embarcaciones combinan el encanto de la artesan\u00eda del viejo mundo con las comodidades modernas, ofreciendo una mezcla \u00fanica de lujo y aventura en alta mar.<\/p><p class=\"p1\">Estas amplias embarcaciones son perfectas para quienes buscan una experiencia de navegaci\u00f3n m\u00e1s relajada y aut\u00e9ntica, permitiendo a los hu\u00e9spedes disfrutar de un viaje impulsado por el viento, mientras se deleitan con servicios de alto nivel, atenci\u00f3n profesional y gastronom\u00eda a bordo.<\/p><p class=\"p1\">Por lo general, las goletas ofrecen un amplio espacio en la cubierta para relajarse, comer al aire libre y tomar el sol, lo que las convierte en una excelente opci\u00f3n para familias o grupos que desean explorar las costas con estilo y comodidad.<\/p><p class=\"p1\">Ya sea navegando por las aguas cristalinas del mar Egeo o anclando en bah\u00edas apartadas, una goleta brinda una experiencia de navegaci\u00f3n inolvidable con un toque de elegancia cl\u00e1sica.<\/p>\t\t\t\t\t\t\t\t<\/div>\n\t\t\t\t\t<\/div>\n\t\t\t\t<\/div>\n\t\t\t\t<\/div>\n\t\t","protected":false},"excerpt":{"rendered":"<p>Alquiler de Goletas Alquiler de Goletas en el Mediterr\u00e1neo, Caribe y Bahamas. Disfrute de unas vacaciones inolvidables alquilando una goleta. Barcos de vela originariamente de Turqu\u00eda, que ofrecen unos espacios ampl\u00edsimos tanto en interior como en el exterior. Un viaje en el tiempo y la historia. Barcos de una singular belleza, inspirados en l\u00edneas cl\u00e1sicas [&hellip;]<\/p>\n","protected":false},"author":2,"featured_media":0,"parent":0,"menu_order":0,"comment_status":"closed","ping_status":"closed","template":"template-archive-boats-by-type.php","meta":{"_acf_changed":false,"_joinchat":[],"footnotes":""},"class_list":["post-25268","page","type-page","status-publish","hentry"],"acf":[],"_links":{"self":[{"href":"https:\/\/www.charteranddreams.com\/es\/wp-json\/wp\/v2\/pages\/25268","targetHints":{"allow":["GET"]}}],"collection":[{"href":"https:\/\/www.charteranddreams.com\/es\/wp-json\/wp\/v2\/pages"}],"about":[{"href":"https:\/\/www.charteranddreams.com\/es\/wp-json\/wp\/v2\/types\/page"}],"author":[{"embeddable":true,"href":"https:\/\/www.charteranddreams.com\/es\/wp-json\/wp\/v2\/users\/2"}],"replies":[{"embeddable":true,"href":"https:\/\/www.charteranddreams.com\/es\/wp-json\/wp\/v2\/comments?post=25268"}],"version-history":[{"count":11,"href":"https:\/\/www.charteranddreams.com\/es\/wp-json\/wp\/v2\/pages\/25268\/revisions"}],"predecessor-version":[{"id":97113,"href":"https:\/\/www.charteranddreams.com\/es\/wp-json\/wp\/v2\/pages\/25268\/revisions\/97113"}],"wp:attachment":[{"href":"https:\/\/www.charteranddreams.com\/es\/wp-json\/wp\/v2\/media?parent=25268"}],"curies":[{"name":"wp","href":"https:\/\/api.w.org\/{rel}","templated":true}]}}