{"id":25241,"date":"2024-04-02T12:55:04","date_gmt":"2024-04-02T10:55:04","guid":{"rendered":"https:\/\/www.charteranddreams.com\/?page_id=25241"},"modified":"2024-12-30T19:43:46","modified_gmt":"2024-12-30T17:43:46","slug":"yates","status":"publish","type":"page","link":"https:\/\/www.charteranddreams.com\/es\/yates\/","title":{"rendered":"Yates"},"content":{"rendered":"\t\t<div data-elementor-type=\"wp-page\" data-elementor-id=\"25241\" class=\"elementor elementor-25241 elementor-25239\" data-elementor-post-type=\"page\">\n\t\t\t\t<div class=\"elementor-element elementor-element-b8fbdba e-con-full e-flex e-con e-parent\" data-id=\"b8fbdba\" data-element_type=\"container\" data-settings=\"{&quot;background_background&quot;:&quot;classic&quot;}\">\n\t\t\t\t<div class=\"elementor-element elementor-element-2f5704e elementor-widget elementor-widget-image\" data-id=\"2f5704e\" data-element_type=\"widget\" data-widget_type=\"image.default\">\n\t\t\t\t\t\t\t\t\t\t\t\t\t\t\t<img decoding=\"async\" width=\"2560\" height=\"1728\" src=\"https:\/\/www.charteranddreams.com\/wp-content\/uploads\/2024\/12\/iStock-504098132-scaled-1.jpg\" class=\"attachment-full size-full wp-image-96729\" alt=\"\" srcset=\"https:\/\/www.charteranddreams.com\/wp-content\/uploads\/2024\/12\/iStock-504098132-scaled-1.jpg 2560w, https:\/\/www.charteranddreams.com\/wp-content\/uploads\/2024\/12\/iStock-504098132-scaled-1-992x670.jpg 992w, https:\/\/www.charteranddreams.com\/wp-content\/uploads\/2024\/12\/iStock-504098132-scaled-1-1550x1046.jpg 1550w, https:\/\/www.charteranddreams.com\/wp-content\/uploads\/2024\/12\/iStock-504098132-scaled-1-576x389.jpg 576w, https:\/\/www.charteranddreams.com\/wp-content\/uploads\/2024\/12\/iStock-504098132-scaled-1-768x518.jpg 768w, https:\/\/www.charteranddreams.com\/wp-content\/uploads\/2024\/12\/iStock-504098132-scaled-1-1536x1037.jpg 1536w, https:\/\/www.charteranddreams.com\/wp-content\/uploads\/2024\/12\/iStock-504098132-scaled-1-2048x1382.jpg 2048w, https:\/\/www.charteranddreams.com\/wp-content\/uploads\/2024\/12\/iStock-504098132-scaled-1-1900x1283.jpg 1900w\" sizes=\"(max-width: 2560px) 100vw, 2560px\" \/>\t\t\t\t\t\t\t\t\t\t\t\t\t\t\t<\/div>\n\t\t<div class=\"elementor-element elementor-element-8e4f0c3 e-flex e-con-boxed e-con e-child\" data-id=\"8e4f0c3\" data-element_type=\"container\" data-settings=\"{&quot;position&quot;:&quot;absolute&quot;}\">\n\t\t\t\t\t<div class=\"e-con-inner\">\n\t\t\t\t<div class=\"elementor-element elementor-element-a742200 elementor-widget__width-initial elementor-widget elementor-widget-heading\" data-id=\"a742200\" data-element_type=\"widget\" data-widget_type=\"heading.default\">\n\t\t\t\t\t<h1 class=\"elementor-heading-title elementor-size-default\">Alquiler de Yates<\/h1>\t\t\t\t<\/div>\n\t\t\t\t<div class=\"elementor-element elementor-element-09b1b84 elementor-widget__width-initial elementor-widget elementor-widget-text-editor\" data-id=\"09b1b84\" data-element_type=\"widget\" data-widget_type=\"text-editor.default\">\n\t\t\t\t\t\t\t\t\t<p>Exclusivos Yates en alquiler en el Mediterr\u00e1neo, Caribe y Bahamas.<\/p><p>Vive una experiencia \u00fanica de navegaci\u00f3n a bordo de uno de nuestros yates y disfruta de las mejores playas del Mediterr\u00e1neo, Caribe y Bahamas. Descubra los mejores yates en alquiler en nuestro cat\u00e1logo.<\/p>\t\t\t\t\t\t\t\t<\/div>\n\t\t\t\t\t<\/div>\n\t\t\t\t<\/div>\n\t\t\t\t<\/div>\n\t\t\t\t<\/div>\n\t\t","protected":false},"excerpt":{"rendered":"<p>Alquiler de Yates Exclusivos Yates en alquiler en el Mediterr\u00e1neo, Caribe y Bahamas. Vive una experiencia \u00fanica de navegaci\u00f3n a bordo de uno de nuestros yates y disfruta de las mejores playas del Mediterr\u00e1neo, Caribe y Bahamas. Descubra los mejores yates en alquiler en nuestro cat\u00e1logo.<\/p>\n","protected":false},"author":2,"featured_media":0,"parent":0,"menu_order":0,"comment_status":"closed","ping_status":"closed","template":"template-archive-boat.php","meta":{"_acf_changed":false,"_joinchat":[],"footnotes":""},"class_list":["post-25241","page","type-page","status-publish","hentry"],"acf":[],"_links":{"self":[{"href":"https:\/\/www.charteranddreams.com\/es\/wp-json\/wp\/v2\/pages\/25241","targetHints":{"allow":["GET"]}}],"collection":[{"href":"https:\/\/www.charteranddreams.com\/es\/wp-json\/wp\/v2\/pages"}],"about":[{"href":"https:\/\/www.charteranddreams.com\/es\/wp-json\/wp\/v2\/types\/page"}],"author":[{"embeddable":true,"href":"https:\/\/www.charteranddreams.com\/es\/wp-json\/wp\/v2\/users\/2"}],"replies":[{"embeddable":true,"href":"https:\/\/www.charteranddreams.com\/es\/wp-json\/wp\/v2\/comments?post=25241"}],"version-history":[{"count":8,"href":"https:\/\/www.charteranddreams.com\/es\/wp-json\/wp\/v2\/pages\/25241\/revisions"}],"predecessor-version":[{"id":96971,"href":"https:\/\/www.charteranddreams.com\/es\/wp-json\/wp\/v2\/pages\/25241\/revisions\/96971"}],"wp:attachment":[{"href":"https:\/\/www.charteranddreams.com\/es\/wp-json\/wp\/v2\/media?parent=25241"}],"curies":[{"name":"wp","href":"https:\/\/api.w.org\/{rel}","templated":true}]}}