{"id":22497,"date":"2024-02-01T16:59:41","date_gmt":"2024-02-01T14:59:41","guid":{"rendered":"https:\/\/www.charteranddreams.com\/contact-us\/"},"modified":"2026-01-29T11:51:31","modified_gmt":"2026-01-29T09:51:31","slug":"contact","status":"publish","type":"page","link":"https:\/\/www.charteranddreams.com\/es\/contact\/","title":{"rendered":"Contacta con nosotros"},"content":{"rendered":"\t\t<div data-elementor-type=\"wp-page\" data-elementor-id=\"22497\" class=\"elementor elementor-22497 elementor-8140\" data-elementor-post-type=\"page\">\n\t\t\t\t<div class=\"elementor-element elementor-element-7f33fe5 e-con-full e-flex e-con e-parent\" data-id=\"7f33fe5\" data-element_type=\"container\" data-settings=\"{&quot;background_background&quot;:&quot;classic&quot;}\">\n\t\t\t\t<div class=\"elementor-element elementor-element-3c67060 elementor-widget elementor-widget-image\" data-id=\"3c67060\" data-element_type=\"widget\" data-widget_type=\"image.default\">\n\t\t\t\t\t\t\t\t\t\t\t\t\t\t\t<img decoding=\"async\" width=\"2560\" height=\"1918\" src=\"https:\/\/www.charteranddreams.com\/wp-content\/uploads\/2025\/01\/Navagio-beach-greece-scaled-1.jpg\" class=\"attachment-full size-full wp-image-97044\" alt=\"\" srcset=\"https:\/\/www.charteranddreams.com\/wp-content\/uploads\/2025\/01\/Navagio-beach-greece-scaled-1.jpg 2560w, https:\/\/www.charteranddreams.com\/wp-content\/uploads\/2025\/01\/Navagio-beach-greece-scaled-1-992x743.jpg 992w, https:\/\/www.charteranddreams.com\/wp-content\/uploads\/2025\/01\/Navagio-beach-greece-scaled-1-1550x1161.jpg 1550w, https:\/\/www.charteranddreams.com\/wp-content\/uploads\/2025\/01\/Navagio-beach-greece-scaled-1-576x432.jpg 576w, https:\/\/www.charteranddreams.com\/wp-content\/uploads\/2025\/01\/Navagio-beach-greece-scaled-1-768x575.jpg 768w, https:\/\/www.charteranddreams.com\/wp-content\/uploads\/2025\/01\/Navagio-beach-greece-scaled-1-1536x1151.jpg 1536w, https:\/\/www.charteranddreams.com\/wp-content\/uploads\/2025\/01\/Navagio-beach-greece-scaled-1-2048x1534.jpg 2048w, https:\/\/www.charteranddreams.com\/wp-content\/uploads\/2025\/01\/Navagio-beach-greece-scaled-1-1900x1424.jpg 1900w\" sizes=\"(max-width: 2560px) 100vw, 2560px\" \/>\t\t\t\t\t\t\t\t\t\t\t\t\t\t\t<\/div>\n\t\t<div class=\"elementor-element elementor-element-171dbaa e-flex e-con-boxed e-con e-child\" data-id=\"171dbaa\" data-element_type=\"container\" data-settings=\"{&quot;position&quot;:&quot;absolute&quot;}\">\n\t\t\t\t\t<div class=\"e-con-inner\">\n\t\t\t\t<div class=\"elementor-element elementor-element-50f5f6f elementor-widget__width-initial elementor-widget elementor-widget-heading\" data-id=\"50f5f6f\" data-element_type=\"widget\" data-widget_type=\"heading.default\">\n\t\t\t\t\t<h1 class=\"elementor-heading-title elementor-size-default\">Estamos \n<em>aqu\u00ed para ayudar<\/em>.<\/h1>\t\t\t\t<\/div>\n\t\t\t\t\t<\/div>\n\t\t\t\t<\/div>\n\t\t\t\t<\/div>\n\t\t<div class=\"elementor-element elementor-element-54bd4de3 e-flex e-con-boxed e-con e-parent\" data-id=\"54bd4de3\" data-element_type=\"container\" data-settings=\"{&quot;background_background&quot;:&quot;classic&quot;}\">\n\t\t\t\t\t<div class=\"e-con-inner\">\n\t\t\t\t<div class=\"elementor-element elementor-element-54fa38e8 elementor-widget elementor-widget-text-editor\" data-id=\"54fa38e8\" data-element_type=\"widget\" data-widget_type=\"text-editor.default\">\n\t\t\t\t\t\t\t\t\t<h2>Te ayudamos a planificar tus vacaciones en yate de lujo<\/h2>\t\t\t\t\t\t\t\t<\/div>\n\t\t<div class=\"elementor-element elementor-element-2dbea258 e-grid e-con-full e-con e-child\" data-id=\"2dbea258\" data-element_type=\"container\">\n\t\t\t\t<div class=\"elementor-element elementor-element-1f9d0499 elementor-align-center elementor-widget elementor-widget-button\" data-id=\"1f9d0499\" data-element_type=\"widget\" data-widget_type=\"button.default\">\n\t\t\t\t\t\t\t\t\t\t<a class=\"elementor-button elementor-button-link elementor-size-sm\" href=\"#joinchat\">\n\t\t\t\t\t\t<span class=\"elementor-button-content-wrapper\">\n\t\t\t\t\t\t<span class=\"elementor-button-icon\">\n\t\t\t\t<svg aria-hidden=\"true\" class=\"e-font-icon-svg e-fab-whatsapp\" viewBox=\"0 0 448 512\" xmlns=\"http:\/\/www.w3.org\/2000\/svg\"><path d=\"M380.9 97.1C339 55.1 283.2 32 223.9 32c-122.4 0-222 99.6-222 222 0 39.1 10.2 77.3 29.6 111L0 480l117.7-30.9c32.4 17.7 68.9 27 106.1 27h.1c122.3 0 224.1-99.6 224.1-222 0-59.3-25.2-115-67.1-157zm-157 341.6c-33.2 0-65.7-8.9-94-25.7l-6.7-4-69.8 18.3L72 359.2l-4.4-7c-18.5-29.4-28.2-63.3-28.2-98.2 0-101.7 82.8-184.5 184.6-184.5 49.3 0 95.6 19.2 130.4 54.1 34.8 34.9 56.2 81.2 56.1 130.5 0 101.8-84.9 184.6-186.6 184.6zm101.2-138.2c-5.5-2.8-32.8-16.2-37.9-18-5.1-1.9-8.8-2.8-12.5 2.8-3.7 5.6-14.3 18-17.6 21.8-3.2 3.7-6.5 4.2-12 1.4-32.6-16.3-54-29.1-75.5-66-5.7-9.8 5.7-9.1 16.3-30.3 1.8-3.7.9-6.9-.5-9.7-1.4-2.8-12.5-30.1-17.1-41.2-4.5-10.8-9.1-9.3-12.5-9.5-3.2-.2-6.9-.2-10.6-.2-3.7 0-9.7 1.4-14.8 6.9-5.1 5.6-19.4 19-19.4 46.3 0 27.3 19.9 53.7 22.6 57.4 2.8 3.7 39.1 59.7 94.8 83.8 35.2 15.2 49 16.5 66.6 13.9 10.7-1.6 32.8-13.4 37.4-26.4 4.6-13 4.6-24.1 3.2-26.4-1.3-2.5-5-3.9-10.5-6.6z\"><\/path><\/svg>\t\t\t<\/span>\n\t\t\t\t\t\t\t\t\t<span class=\"elementor-button-text\">ENV\u00cdA UN WHATSAPP<\/span>\n\t\t\t\t\t<\/span>\n\t\t\t\t\t<\/a>\n\t\t\t\t\t\t\t\t<\/div>\n\t\t\t\t<div class=\"elementor-element elementor-element-323bbc91 elementor-widget elementor-widget-shortcode\" data-id=\"323bbc91\" data-element_type=\"widget\" data-widget_type=\"shortcode.default\">\n\t\t\t\t\t\t\t<div class=\"elementor-shortcode\">    <div class=\"\">\n      <button id=\"button_form_floating\" class=\"btn-enquire btn-red openEnquireModal\" type=\"button\"><span>Env\u00eda un mensaje<\/span><\/button>\n    <\/div>\n  \n    <div id=\"enquireModal\" class=\"modal\">\n      <div class=\"modal-content\">\n        <span class=\"close\">&times;<\/span>\n        <div id=\"enquireModalContent\">\n          <div class=\"modal-header\">\n            <h3>Env\u00eda un mensaje<\/h3>\n            <p>En breve uno de nuestros agentes se pondr\u00e1 en contacto contigo.<\/p>\n          <\/div>\n              <script src=\"https:\/\/www.google.com\/recaptcha\/api.js?render=6Le1SuopAAAAAMsCou-WuNesJRpQVGH3hI1vDHew\"><\/script>\n    <form id=\"enquireForm\" method=\"post\" action=\"https:\/\/www.charteranddreams.com\/es\/wp-json\/wp\/v2\/pages\/22497\">\n      <div class=\"col\">\n        <div class=\"form-group\">\n          <label for=\"enquireName\" class=\"visually-hidden\">Nombre <sup>*<\/sup><\/label>\n          <input type=\"text\" id=\"enquireName\" name=\"enquireName\" placeholder=\"Nombre *\" required>\n        <\/div>\n        <div class=\"form-group\">\n          <label for=\"enquireEmail\" class=\"visually-hidden\">Email <sup>*<\/sup><\/label>\n          <input type=\"email\" id=\"enquireEmail\" name=\"enquireEmail\" placeholder=\"Email *\" required>\n        <\/div>\n        <div class=\"form-group\">\n          <label for=\"enquirePhoneNumber\" class=\"visually-hidden\">N\u00famero de tel\u00e9fono *<\/label>\n          <p class=\"help-text\"><sup>*<\/sup> Por favor incluya el c\u00f3digo telef\u00f3nico del pa\u00eds..<\/p>\n          <input type=\"tel\" id=\"enquirePhoneNumber\" name=\"enquirePhoneNumber\" placeholder=\"N\u00famero de tel\u00e9fono *\" required>\n        <\/div>\n      <\/div>\n\n      <div class=\"col\">\n                  <div class=\"form-group\">\n            <label for=\"enquireGuests\" class=\"visually-hidden\">N\u00famero de personas<\/label>\n            <input type=\"number\" id=\"enquireGuests\" name=\"enquireGuests\" min=\"1\" placeholder=\"N\u00famero de personas *\" required>\n          <\/div>\n\n          \n          <div class=\"form-inline\">\n            <div class=\"form-group\">\n              <label for=\"enquireStartdate\">Fecha inicio *<\/label>\n              <input type=\"date\" id=\"enquireStartdate\" name=\"enquireStartdate\" \n                min=\"2026-04-29\" \n                data-date-type=\"start\"\n                placeholder=\"Fecha inicio *\" required>\n            <\/div>\n            <div class=\"form-group\">\n              <label for=\"enquireEnddate\">Fecha fin *<\/label>\n              <input type=\"date\" id=\"enquireEnddate\" name=\"enquireEnddate\" \n                min=\"2026-04-29\" \n                data-date-type=\"end\"\n                placeholder=\"Fecha fin *\" required>\n            <\/div>\n          <\/div>\n              <\/div>\n\n      <div class=\"form-group\">\n        <label for=\"enquireComments\" class=\"visually-hidden\">Comentarios<\/label>\n        <textarea id=\"enquireComments\" name=\"enquireComments\" rows=\"5\">Hola, me gustar\u00eda recibir informaci\u00f3n sobre opciones de yates disponibles. Agradecer\u00eda que se pusieran en contacto conmigo. Gracias.<\/textarea>\n      <\/div>\n      <div class=\"form-group form-legal\"><label for=\"enquireLegal\"><input type=\"checkbox\" id=\"enquireLegal\" name=\"enquireLegal\" required> <a target=\"_blank\" href=\"https:\/\/www.charteranddreams.com\/es\/politica-de-privacidad\/\">He le\u00eddo y acepto la pol\u00edtica de privacidad<sup>*<\/sup><\/a> <span class=\"icon-go\"><\/span><\/label><\/div>      <input type=\"hidden\" id=\"form_type\" name=\"form_type\" value=\"enquire\">\n      <input type=\"hidden\" id=\"recaptcha_response\" name=\"recaptcha_response\">\n      <input type=\"hidden\" id=\"enquire_nonce\" name=\"enquire_nonce\" value=\"e6573b467d\" \/><input type=\"hidden\" name=\"_wp_http_referer\" value=\"\/es\/wp-json\/wp\/v2\/pages\/22497\" \/>      <div style=\"position:absolute;left:-9999px;\" aria-hidden=\"true\">\n        <input type=\"text\" name=\"website_url\" value=\"\" tabindex=\"-1\" autocomplete=\"off\">\n      <\/div>\n      <div class=\"form-group form-submit\">\n        <input type=\"hidden\" id=\"enquireSourceUrl\" name=\"enquireSourceUrl\" value=\"https:\/\/www.charteranddreams.com\/es\/wp-json\/wp\/v2\/pages\/22497\">\n        <button type=\"submit\" name=\"submit\" class=\"btn-go\" data-sending-text=\"Sending...\">Enviar<\/button>\n      <\/div>\n    <\/form>\n                <\/div>\n      <\/div>\n    <\/div>\n  \n  <\/div>\n\t\t\t\t\t\t<\/div>\n\t\t\t\t<div class=\"elementor-element elementor-element-57f1ff68 elementor-align-center elementor-widget elementor-widget-button\" data-id=\"57f1ff68\" data-element_type=\"widget\" data-widget_type=\"button.default\">\n\t\t\t\t\t\t\t\t\t\t<a class=\"elementor-button elementor-button-link elementor-size-sm\" href=\"tel:+34931147593\">\n\t\t\t\t\t\t<span class=\"elementor-button-content-wrapper\">\n\t\t\t\t\t\t<span class=\"elementor-button-icon\">\n\t\t\t\t<svg aria-hidden=\"true\" class=\"e-font-icon-svg e-fas-phone-alt\" viewBox=\"0 0 512 512\" xmlns=\"http:\/\/www.w3.org\/2000\/svg\"><path d=\"M497.39 361.8l-112-48a24 24 0 0 0-28 6.9l-49.6 60.6A370.66 370.66 0 0 1 130.6 204.11l60.6-49.6a23.94 23.94 0 0 0 6.9-28l-48-112A24.16 24.16 0 0 0 122.6.61l-104 24A24 24 0 0 0 0 48c0 256.5 207.9 464 464 464a24 24 0 0 0 23.4-18.6l24-104a24.29 24.29 0 0 0-14.01-27.6z\"><\/path><\/svg>\t\t\t<\/span>\n\t\t\t\t\t\t\t\t\t<span class=\"elementor-button-text\">Ll\u00e1manos<\/span>\n\t\t\t\t\t<\/span>\n\t\t\t\t\t<\/a>\n\t\t\t\t\t\t\t\t<\/div>\n\t\t\t\t<\/div>\n\t\t\t\t\t<\/div>\n\t\t\t\t<\/div>\n\t\t<div class=\"elementor-element elementor-element-edbc76d e-flex e-con-boxed e-con e-parent\" data-id=\"edbc76d\" data-element_type=\"container\" id=\"faqs\">\n\t\t\t\t\t<div class=\"e-con-inner\">\n\t\t\t\t<div class=\"elementor-element elementor-element-05cfea9 elementor-widget elementor-widget-heading\" data-id=\"05cfea9\" data-element_type=\"widget\" data-widget_type=\"heading.default\">\n\t\t\t\t\t<h2 class=\"elementor-heading-title elementor-size-default\">FAQs<\/h2>\t\t\t\t<\/div>\n\t\t\t\t\t<\/div>\n\t\t\t\t<\/div>\n\t\t<div class=\"elementor-element elementor-element-e97f1f5 e-flex e-con-boxed e-con e-parent\" data-id=\"e97f1f5\" data-element_type=\"container\" data-settings=\"{&quot;background_background&quot;:&quot;classic&quot;}\">\n\t\t\t\t\t<div class=\"e-con-inner\">\n\t\t<div class=\"elementor-element elementor-element-ad3ea94 e-con-full e-flex e-con e-child\" data-id=\"ad3ea94\" data-element_type=\"container\">\n\t\t\t\t<div class=\"elementor-element elementor-element-2d8ffb5 elementor-widget__width-initial elementor-widget-mobile__width-inherit elementor-widget elementor-widget-heading\" data-id=\"2d8ffb5\" data-element_type=\"widget\" data-widget_type=\"heading.default\">\n\t\t\t\t\t<h2 class=\"elementor-heading-title elementor-size-default\">1. \u00bfPor qu\u00e9 alquilar un yate para sus pr\u00f3ximas vacaciones?<\/h2>\t\t\t\t<\/div>\n\t\t\t\t<div class=\"elementor-element elementor-element-33b5c21 elementor-widget__width-initial elementor-widget-mobile__width-inherit elementor-widget elementor-widget-text-editor\" data-id=\"33b5c21\" data-element_type=\"widget\" data-widget_type=\"text-editor.default\">\n\t\t\t\t\t\t\t\t\t<p>Si te gusta la libertad de moverte a tu antojo y ver muchos lugares diferentes en un periodo de tiempo relativamente corto y sobre poder disfrutar del destino tanto desde tierra como desde el mar, un yate es lo perfecto para ti! Todos nuestros charters est\u00e1n hechos a medida y la tripulaci\u00f3n minuciosamente elegida para proporcionar el mejor servicio en todo momento. Una vez que hayas decidido el destino, crearemos el itinerario juntos con ayuda del capit\u00e1n. Si buscas privacidad a bordo, ten en cuenta que estar\u00e1 garantizada en todo momento y el Capit\u00e1n podr\u00e1 elegir anclajes y playas remotos.<\/p>\t\t\t\t\t\t\t\t<\/div>\n\t\t\t\t<\/div>\n\t\t<div class=\"elementor-element elementor-element-a10ad09 e-con-full e-flex e-con e-child\" data-id=\"a10ad09\" data-element_type=\"container\">\n\t\t\t\t<div class=\"elementor-element elementor-element-85a485d elementor-widget__width-initial elementor-widget-mobile__width-inherit elementor-widget elementor-widget-heading\" data-id=\"85a485d\" data-element_type=\"widget\" data-widget_type=\"heading.default\">\n\t\t\t\t\t<h2 class=\"elementor-heading-title elementor-size-default\">2. \u00bfPor qu\u00e9 alquilar un yate a trav\u00e9s de un broker\/empresa de MYBA?<\/h2>\t\t\t\t<\/div>\n\t\t\t\t<div class=\"elementor-element elementor-element-04c31c4 elementor-widget__width-initial elementor-widget-mobile__width-inherit elementor-widget elementor-widget-text-editor\" data-id=\"04c31c4\" data-element_type=\"widget\" data-widget_type=\"text-editor.default\">\n\t\t\t\t\t\t\t\t\t<p>Reservar un yate a trav\u00e9s de una empresa y un agente asociados a MYBA le garantiza que est\u00e1 trabajando con un agente profesional con altos niveles de competencia, que ofrece seguros especiales, contratos, procedimientos y seguridad en todo momento. MYBA La Asociaci\u00f3n Mundial de Yates es una organizaci\u00f3n profesional de renombre internacional, fundada en 1984, cuyos miembros est\u00e1n involucrados en todos los niveles dentro de la Industria de Superyates. Los miembros de MYBA est\u00e1n ampliamente representados en todos los campos del corretaje, el ch\u00e1rter, la gesti\u00f3n t\u00e9cnica y la construcci\u00f3n de grandes yates.<\/p><p>MYBA La Asociaci\u00f3n Mundial de Yates gu\u00eda a sus Miembros en los m\u00e1s altos est\u00e1ndares \u00e9ticos y t\u00e9cnicos, asegurando que los Miembros Corporativos e Individuales cumplan con los requisitos de las Reglas de Conducta. Al trabajar con una empresa de la MYBA, los propietarios y fletadores de yates pueden beneficiarse de las salvaguardias que se han establecido y tener la seguridad de que est\u00e1n representados por profesionales experimentados. Los propietarios y fletadores deber\u00edan comprobar siempre que est\u00e1n trabajando con una Compa\u00f1\u00eda de la MYBA para asegurarse de que cuentan con la protecci\u00f3n adecuada.<\/p>\t\t\t\t\t\t\t\t<\/div>\n\t\t\t\t<\/div>\n\t\t<div class=\"elementor-element elementor-element-731112c e-con-full e-flex e-con e-child\" data-id=\"731112c\" data-element_type=\"container\">\n\t\t\t\t<div class=\"elementor-element elementor-element-9b7eb3f elementor-widget__width-initial elementor-widget-mobile__width-inherit elementor-widget elementor-widget-heading\" data-id=\"9b7eb3f\" data-element_type=\"widget\" data-widget_type=\"heading.default\">\n\t\t\t\t\t<h2 class=\"elementor-heading-title elementor-size-default\">3. \u00bfQu\u00e9 es el contrato MYBA?<\/h2>\t\t\t\t<\/div>\n\t\t\t\t<div class=\"elementor-element elementor-element-afb81c8 elementor-widget__width-initial elementor-widget-mobile__width-inherit elementor-widget elementor-widget-text-editor\" data-id=\"afb81c8\" data-element_type=\"widget\" data-widget_type=\"text-editor.default\">\n\t\t\t\t\t\t\t\t\t<p>El <strong><a href=\"https:\/\/www.charteranddreams.com\/wp-content\/uploads\/2024\/06\/SPECIMEN-MYBA-2017-E-Contract-original-V9.1b.pdf\">contrato MYBA<\/a><\/strong> es el m\u00e1s utilizado por todas las empresas asociadas a MYBA.<\/p><p>El contrato ha sido desarrollado por Maritime Lawyers durante los \u00faltimos 20 a\u00f1os y garantiza tanto a nuestros clientes como a los propietarios de los yates que todas las eventualidades est\u00e1n cubiertas en todas las etapas.<\/p>\t\t\t\t\t\t\t\t<\/div>\n\t\t\t\t<\/div>\n\t\t<div class=\"elementor-element elementor-element-e892fb9 e-con-full e-flex e-con e-child\" data-id=\"e892fb9\" data-element_type=\"container\">\n\t\t\t\t<div class=\"elementor-element elementor-element-5a41127 elementor-widget__width-initial elementor-widget-mobile__width-inherit elementor-widget elementor-widget-heading\" data-id=\"5a41127\" data-element_type=\"widget\" data-widget_type=\"heading.default\">\n\t\t\t\t\t<h2 class=\"elementor-heading-title elementor-size-default\">4. \u00bfCu\u00e1ndo transfiero los fondos?<\/h2>\t\t\t\t<\/div>\n\t\t\t\t<div class=\"elementor-element elementor-element-f0621a8 elementor-widget__width-initial elementor-widget-mobile__width-inherit elementor-widget elementor-widget-text-editor\" data-id=\"f0621a8\" data-element_type=\"widget\" data-widget_type=\"text-editor.default\">\n\t\t\t\t\t\t\t\t\t<p>Una vez que haya elegido el yate perfecto con su agente y se haya firmado el contrato, deber\u00e1 pagar el primer plazo (50% del precio del alquiler). El 50% restante, IVA y APA deben pagarse un mes antes del comienzo del alquiler.<\/p><p>En el caso de que el contrato se firme un mes o menos antes del comienzo del alquiler, se deber\u00e1 pagar la totalidad de los fondos, el IVA y el APA.<\/p>\t\t\t\t\t\t\t\t<\/div>\n\t\t\t\t<\/div>\n\t\t<div class=\"elementor-element elementor-element-a3a816a e-con-full e-flex e-con e-child\" data-id=\"a3a816a\" data-element_type=\"container\">\n\t\t\t\t<div class=\"elementor-element elementor-element-c2cb203 elementor-widget__width-initial elementor-widget-mobile__width-inherit elementor-widget elementor-widget-heading\" data-id=\"c2cb203\" data-element_type=\"widget\" data-widget_type=\"heading.default\">\n\t\t\t\t\t<h2 class=\"elementor-heading-title elementor-size-default\">5. \u00bfQu\u00e9 es la APA?<\/h2>\t\t\t\t<\/div>\n\t\t\t\t<div class=\"elementor-element elementor-element-6790520 elementor-widget__width-initial elementor-widget-mobile__width-inherit elementor-widget elementor-widget-text-editor\" data-id=\"6790520\" data-element_type=\"widget\" data-widget_type=\"text-editor.default\">\n\t\t\t\t\t\t\t\t\t<p>APA (Advanced Provisioning Allowance) es un pago que se realiza para que la tripulaci\u00f3n aprovisione el yate antes de que usted embarque con comida, bebidas, combustible, etc. El APA medio suele oscilar entre el 30-35% de la tarifa de fletamento. El capit\u00e1n llevar\u00e1 un control de los gastos en todo momento y le facilitar\u00e1 las cuentas finales al t\u00e9rmino del ch\u00e1rter.<\/p><p>Tambi\u00e9n puede consultar las cuentas con el Capit\u00e1n en todo momento durante el ch\u00e1rter. En caso de que haya una cantidad adeudada a su favor, se le reembolsar\u00e1 el importe a la cuenta de su elecci\u00f3n. En el caso de que haya una cantidad adeudada al yate, el pago tendr\u00e1 que ser arreglado antes del desembarque.<\/p>\t\t\t\t\t\t\t\t<\/div>\n\t\t\t\t<\/div>\n\t\t<div class=\"elementor-element elementor-element-3592bd0 e-con-full e-flex e-con e-child\" data-id=\"3592bd0\" data-element_type=\"container\">\n\t\t\t\t<div class=\"elementor-element elementor-element-5e37236 elementor-widget__width-initial elementor-widget-mobile__width-inherit elementor-widget elementor-widget-heading\" data-id=\"5e37236\" data-element_type=\"widget\" data-widget_type=\"heading.default\">\n\t\t\t\t\t<h2 class=\"elementor-heading-title elementor-size-default\">6. \u00bfEs habitual dar una propina a la tripulaci\u00f3n?<\/h2>\t\t\t\t<\/div>\n\t\t\t\t<div class=\"elementor-element elementor-element-cb5ab0e elementor-widget__width-initial elementor-widget-mobile__width-inherit elementor-widget elementor-widget-text-editor\" data-id=\"cb5ab0e\" data-element_type=\"widget\" data-widget_type=\"text-editor.default\">\n\t\t\t\t\t\t\t\t\t<p>Las propinas a la tripulaci\u00f3n son habituales pero a discreci\u00f3n de nuestros clientes. En el caso de que usted estuviera contento con todo a bordo, la tripulaci\u00f3n y el servicio prestado, la propina habitual es de entre el 10 y el 15% de la tarifa de fletamento. Usted puede encargarse de esto directamente con el Capit\u00e1n o una vez que haya desembarcado a trav\u00e9s de nosotros.&nbsp;<\/p>\t\t\t\t\t\t\t\t<\/div>\n\t\t\t\t<\/div>\n\t\t<div class=\"elementor-element elementor-element-25fbefb e-con-full e-flex e-con e-child\" data-id=\"25fbefb\" data-element_type=\"container\">\n\t\t\t\t<div class=\"elementor-element elementor-element-3466f04 elementor-widget__width-initial elementor-widget-mobile__width-inherit elementor-widget elementor-widget-heading\" data-id=\"3466f04\" data-element_type=\"widget\" data-widget_type=\"heading.default\">\n\t\t\t\t\t<h2 class=\"elementor-heading-title elementor-size-default\">7. \u00bfC\u00f3mo se prepara la tripulaci\u00f3n para mi ch\u00e1rter?<\/h2>\t\t\t\t<\/div>\n\t\t\t\t<div class=\"elementor-element elementor-element-c9bcf1b elementor-widget__width-initial elementor-widget-mobile__width-inherit elementor-widget elementor-widget-text-editor\" data-id=\"c9bcf1b\" data-element_type=\"widget\" data-widget_type=\"text-editor.default\">\n\t\t\t\t\t\t\t\t\t<div class=\"dropdown__title\"><p>Una vez firmado el contrato, dependiendo del tiempo de antelaci\u00f3n del ch\u00e1rter, empezamos a trabajar en el itinerario y las hojas de preferencias con nuestros clientes.<\/p><p>La hoja de preferencias es una herramienta muy importante para que la tripulaci\u00f3n prepare el yate y su servicio para cada uno de sus invitados, de manera que todo sea lo m\u00e1s personalizado posible.<\/p><p>Es muy importante para la tripulaci\u00f3n conocer cualquier alergia, aversi\u00f3n a la comida, etc. Por lo tanto, recomendamos a todos nuestros clientes que se tomen su tiempo y rellenen las Preferencias lo m\u00e1s detalladamente posible.<\/p><\/div>\t\t\t\t\t\t\t\t<\/div>\n\t\t\t\t<\/div>\n\t\t\t\t\t<\/div>\n\t\t\t\t<\/div>\n\t\t\t\t<\/div>\n\t\t","protected":false},"excerpt":{"rendered":"<p>Estamos aqu\u00ed para ayudar. Te ayudamos a planificar tus vacaciones en yate de lujo ENV\u00cdA UN WHATSAPP Ll\u00e1manos FAQs 1. \u00bfPor qu\u00e9 alquilar un yate para sus pr\u00f3ximas vacaciones? Si te gusta la libertad de moverte a tu antojo y ver muchos lugares diferentes en un periodo de tiempo relativamente corto y sobre poder disfrutar [&hellip;]<\/p>\n","protected":false},"author":2,"featured_media":0,"parent":0,"menu_order":0,"comment_status":"closed","ping_status":"closed","template":"","meta":{"_acf_changed":false,"_joinchat":[],"footnotes":""},"class_list":["post-22497","page","type-page","status-publish","hentry"],"acf":[],"_links":{"self":[{"href":"https:\/\/www.charteranddreams.com\/es\/wp-json\/wp\/v2\/pages\/22497","targetHints":{"allow":["GET"]}}],"collection":[{"href":"https:\/\/www.charteranddreams.com\/es\/wp-json\/wp\/v2\/pages"}],"about":[{"href":"https:\/\/www.charteranddreams.com\/es\/wp-json\/wp\/v2\/types\/page"}],"author":[{"embeddable":true,"href":"https:\/\/www.charteranddreams.com\/es\/wp-json\/wp\/v2\/users\/2"}],"replies":[{"embeddable":true,"href":"https:\/\/www.charteranddreams.com\/es\/wp-json\/wp\/v2\/comments?post=22497"}],"version-history":[{"count":137,"href":"https:\/\/www.charteranddreams.com\/es\/wp-json\/wp\/v2\/pages\/22497\/revisions"}],"predecessor-version":[{"id":113103,"href":"https:\/\/www.charteranddreams.com\/es\/wp-json\/wp\/v2\/pages\/22497\/revisions\/113103"}],"wp:attachment":[{"href":"https:\/\/www.charteranddreams.com\/es\/wp-json\/wp\/v2\/media?parent=22497"}],"curies":[{"name":"wp","href":"https:\/\/api.w.org\/{rel}","templated":true}]}}