{"id":58463,"date":"2024-05-16T15:56:55","date_gmt":"2024-05-16T13:56:55","guid":{"rendered":"https:\/\/www.charteranddreams.com\/oops-page-not-found\/"},"modified":"2025-08-25T17:16:17","modified_gmt":"2025-08-25T15:16:17","slug":"oops-page-not-found","status":"publish","type":"page","link":"https:\/\/www.charteranddreams.com\/de\/oops-page-not-found\/","title":{"rendered":"404 &#8211; Page Not Found"},"content":{"rendered":"\t\t<div data-elementor-type=\"wp-page\" data-elementor-id=\"58463\" class=\"elementor elementor-58463 elementor-54777\" data-elementor-post-type=\"page\">\n\t\t\t\t<div class=\"elementor-element elementor-element-1dc1ca3 e-con-full e-flex e-con e-parent\" data-id=\"1dc1ca3\" data-element_type=\"container\" data-settings=\"{&quot;background_background&quot;:&quot;classic&quot;}\">\n\t\t\t\t<div class=\"elementor-element elementor-element-14f5ac5 elementor-widget elementor-widget-image\" data-id=\"14f5ac5\" data-element_type=\"widget\" data-widget_type=\"image.default\">\n\t\t\t\t\t\t\t\t\t\t\t\t\t\t\t<img decoding=\"async\" width=\"2560\" height=\"1918\" src=\"https:\/\/www.charteranddreams.com\/wp-content\/uploads\/2025\/01\/Navagio-beach-greece-scaled-1.jpg\" class=\"attachment-full size-full wp-image-97046\" alt=\"avagio Beach in Zakynthos with white sand, turquoise water, and the famous shipwreck\" srcset=\"https:\/\/www.charteranddreams.com\/wp-content\/uploads\/2025\/01\/Navagio-beach-greece-scaled-1.jpg 2560w, https:\/\/www.charteranddreams.com\/wp-content\/uploads\/2025\/01\/Navagio-beach-greece-scaled-1-992x743.jpg 992w, https:\/\/www.charteranddreams.com\/wp-content\/uploads\/2025\/01\/Navagio-beach-greece-scaled-1-1550x1161.jpg 1550w, https:\/\/www.charteranddreams.com\/wp-content\/uploads\/2025\/01\/Navagio-beach-greece-scaled-1-576x432.jpg 576w, https:\/\/www.charteranddreams.com\/wp-content\/uploads\/2025\/01\/Navagio-beach-greece-scaled-1-768x575.jpg 768w, https:\/\/www.charteranddreams.com\/wp-content\/uploads\/2025\/01\/Navagio-beach-greece-scaled-1-1536x1151.jpg 1536w, https:\/\/www.charteranddreams.com\/wp-content\/uploads\/2025\/01\/Navagio-beach-greece-scaled-1-2048x1534.jpg 2048w, https:\/\/www.charteranddreams.com\/wp-content\/uploads\/2025\/01\/Navagio-beach-greece-scaled-1-1900x1424.jpg 1900w\" sizes=\"(max-width: 2560px) 100vw, 2560px\" \/>\t\t\t\t\t\t\t\t\t\t\t\t\t\t\t<\/div>\n\t\t<div class=\"elementor-element elementor-element-e1a457d e-flex e-con-boxed e-con e-child\" data-id=\"e1a457d\" data-element_type=\"container\" data-settings=\"{&quot;position&quot;:&quot;absolute&quot;}\">\n\t\t\t\t\t<div class=\"e-con-inner\">\n\t\t\t\t<div class=\"elementor-element elementor-element-f461500 elementor-widget__width-initial elementor-widget elementor-widget-heading\" data-id=\"f461500\" data-element_type=\"widget\" data-widget_type=\"heading.default\">\n\t\t\t\t\t<h1 class=\"elementor-heading-title elementor-size-default\">Es tut uns leid<\/h1>\t\t\t\t<\/div>\n\t\t\t\t<div class=\"elementor-element elementor-element-15b9400 elementor-widget__width-initial elementor-widget elementor-widget-text-editor\" data-id=\"15b9400\" data-element_type=\"widget\" data-widget_type=\"text-editor.default\">\n\t\t\t\t\t\t\t\t\t<p><span style=\"font-size: 17.6px;\">Die Seite, die Sie suchen, kann nicht gefunden werden. Sie wurde m\u00f6glicherweise entfernt, ihr Name wurde ge\u00e4ndert oder sie ist vor\u00fcbergehend nicht verf\u00fcgbar. Bitte \u00fcberpr\u00fcfen Sie die URL auf eventuelle Rechtschreibfehler oder versuchen Sie, zur Startseite zur\u00fcckzukehren.<\/span><\/p><p><span style=\"font-size: 17.6px;\">Wir danken Ihnen f\u00fcr Ihr Verst\u00e4ndnis.<\/span><\/p>\t\t\t\t\t\t\t\t<\/div>\n\t\t\t\t\t<\/div>\n\t\t\t\t<\/div>\n\t\t\t\t<\/div>\n\t\t\t\t<\/div>\n\t\t","protected":false},"excerpt":{"rendered":"<p>Es tut uns leid Die Seite, die Sie suchen, kann nicht gefunden werden. Sie wurde m\u00f6glicherweise entfernt, ihr Name wurde ge\u00e4ndert oder sie ist vor\u00fcbergehend nicht verf\u00fcgbar. Bitte \u00fcberpr\u00fcfen Sie die URL auf eventuelle Rechtschreibfehler oder versuchen Sie, zur Startseite zur\u00fcckzukehren. Wir danken Ihnen f\u00fcr Ihr Verst\u00e4ndnis.<\/p>\n","protected":false},"author":2,"featured_media":0,"parent":0,"menu_order":0,"comment_status":"closed","ping_status":"closed","template":"","meta":{"_acf_changed":false,"_joinchat":[],"footnotes":""},"class_list":["post-58463","page","type-page","status-publish","hentry"],"acf":[],"_links":{"self":[{"href":"https:\/\/www.charteranddreams.com\/de\/wp-json\/wp\/v2\/pages\/58463","targetHints":{"allow":["GET"]}}],"collection":[{"href":"https:\/\/www.charteranddreams.com\/de\/wp-json\/wp\/v2\/pages"}],"about":[{"href":"https:\/\/www.charteranddreams.com\/de\/wp-json\/wp\/v2\/types\/page"}],"author":[{"embeddable":true,"href":"https:\/\/www.charteranddreams.com\/de\/wp-json\/wp\/v2\/users\/2"}],"replies":[{"embeddable":true,"href":"https:\/\/www.charteranddreams.com\/de\/wp-json\/wp\/v2\/comments?post=58463"}],"version-history":[{"count":10,"href":"https:\/\/www.charteranddreams.com\/de\/wp-json\/wp\/v2\/pages\/58463\/revisions"}],"predecessor-version":[{"id":108624,"href":"https:\/\/www.charteranddreams.com\/de\/wp-json\/wp\/v2\/pages\/58463\/revisions\/108624"}],"wp:attachment":[{"href":"https:\/\/www.charteranddreams.com\/de\/wp-json\/wp\/v2\/media?parent=58463"}],"curies":[{"name":"wp","href":"https:\/\/api.w.org\/{rel}","templated":true}]}}