{"id":55828,"date":"2024-04-19T13:55:38","date_gmt":"2024-04-19T11:55:38","guid":{"rendered":"https:\/\/www.charteranddreams.com\/?page_id=55828"},"modified":"2025-08-22T13:00:14","modified_gmt":"2025-08-22T11:00:14","slug":"yachts-for-sale","status":"publish","type":"page","link":"https:\/\/www.charteranddreams.com\/de\/yachts-for-sale\/","title":{"rendered":"Yachten zu verkaufen"},"content":{"rendered":"\t\t<div data-elementor-type=\"wp-page\" data-elementor-id=\"55828\" class=\"elementor elementor-55828 elementor-55827\" data-elementor-post-type=\"page\">\n\t\t\t\t<div class=\"elementor-element elementor-element-a8bdfb0 e-con-full e-flex e-con e-parent\" data-id=\"a8bdfb0\" data-element_type=\"container\" data-settings=\"{&quot;background_background&quot;:&quot;classic&quot;}\">\n\t\t\t\t<div class=\"elementor-element elementor-element-02c65e7 elementor-widget elementor-widget-image\" data-id=\"02c65e7\" data-element_type=\"widget\" data-widget_type=\"image.default\">\n\t\t\t\t\t\t\t\t\t\t\t\t\t\t\t<img decoding=\"async\" width=\"2013\" height=\"1422\" src=\"https:\/\/www.charteranddreams.com\/wp-content\/uploads\/2024\/12\/1690273609-image-16.jpg\" class=\"attachment-full size-full wp-image-96975\" alt=\"\" srcset=\"https:\/\/www.charteranddreams.com\/wp-content\/uploads\/2024\/12\/1690273609-image-16.jpg 2013w, https:\/\/www.charteranddreams.com\/wp-content\/uploads\/2024\/12\/1690273609-image-16-992x701.jpg 992w, https:\/\/www.charteranddreams.com\/wp-content\/uploads\/2024\/12\/1690273609-image-16-1550x1095.jpg 1550w, https:\/\/www.charteranddreams.com\/wp-content\/uploads\/2024\/12\/1690273609-image-16-576x407.jpg 576w, https:\/\/www.charteranddreams.com\/wp-content\/uploads\/2024\/12\/1690273609-image-16-768x543.jpg 768w, https:\/\/www.charteranddreams.com\/wp-content\/uploads\/2024\/12\/1690273609-image-16-1536x1085.jpg 1536w, https:\/\/www.charteranddreams.com\/wp-content\/uploads\/2024\/12\/1690273609-image-16-1900x1342.jpg 1900w\" sizes=\"(max-width: 2013px) 100vw, 2013px\" \/>\t\t\t\t\t\t\t\t\t\t\t\t\t\t\t<\/div>\n\t\t<div class=\"elementor-element elementor-element-0323555 e-flex e-con-boxed e-con e-child\" data-id=\"0323555\" data-element_type=\"container\" data-settings=\"{&quot;position&quot;:&quot;absolute&quot;}\">\n\t\t\t\t\t<div class=\"e-con-inner\">\n\t\t\t\t<div class=\"elementor-element elementor-element-cc3d8f9 elementor-widget__width-initial elementor-widget elementor-widget-heading\" data-id=\"cc3d8f9\" data-element_type=\"widget\" data-widget_type=\"heading.default\">\n\t\t\t\t\t<h1 class=\"elementor-heading-title elementor-size-default\">Yachten zu verkaufen<\/h1>\t\t\t\t<\/div>\n\t\t\t\t<div class=\"elementor-element elementor-element-8d20b08 elementor-widget__width-initial elementor-widget elementor-widget-text-editor\" data-id=\"8d20b08\" data-element_type=\"widget\" data-widget_type=\"text-editor.default\">\n\t\t\t\t\t\t\t\t\t<p>Bei Charter&amp;Dreams bieten wir einen personalisierten Service f\u00fcr den Kauf und Verkauf von Luxusyachten auf internationaler Ebene an, passen uns den spezifischen Bed\u00fcrfnissen jedes Kunden an und bieten spezialisierte Beratung f\u00fcr den privaten Gebrauch, die Vermietung oder beides. Wir verf\u00fcgen \u00fcber umfassende Erfahrung, die die weltweite Suche nach Yachten, einschlie\u00dflich solcher, die nicht sichtbar oder im Bau sind, bis zur Auslieferung der Yacht abdeckt und bieten die beste technische, finanzielle und rechtliche Beratung, alles mit der Exklusivit\u00e4t, die unsere Kunden verdienen.<\/p>\t\t\t\t\t\t\t\t<\/div>\n\t\t\t\t\t<\/div>\n\t\t\t\t<\/div>\n\t\t\t\t<\/div>\n\t\t\t\t<\/div>\n\t\t","protected":false},"excerpt":{"rendered":"<p>Yachten zu verkaufen Bei Charter&amp;Dreams bieten wir einen personalisierten Service f\u00fcr den Kauf und Verkauf von Luxusyachten auf internationaler Ebene an, passen uns den spezifischen Bed\u00fcrfnissen jedes Kunden an und bieten spezialisierte Beratung f\u00fcr den privaten Gebrauch, die Vermietung oder beides. Wir verf\u00fcgen \u00fcber umfassende Erfahrung, die die weltweite Suche nach Yachten, einschlie\u00dflich solcher, die [&hellip;]<\/p>\n","protected":false},"author":2,"featured_media":0,"parent":0,"menu_order":0,"comment_status":"closed","ping_status":"closed","template":"template-archive-boat-sale.php","meta":{"_acf_changed":false,"_joinchat":[],"footnotes":""},"class_list":["post-55828","page","type-page","status-publish","hentry"],"acf":[],"_links":{"self":[{"href":"https:\/\/www.charteranddreams.com\/de\/wp-json\/wp\/v2\/pages\/55828","targetHints":{"allow":["GET"]}}],"collection":[{"href":"https:\/\/www.charteranddreams.com\/de\/wp-json\/wp\/v2\/pages"}],"about":[{"href":"https:\/\/www.charteranddreams.com\/de\/wp-json\/wp\/v2\/types\/page"}],"author":[{"embeddable":true,"href":"https:\/\/www.charteranddreams.com\/de\/wp-json\/wp\/v2\/users\/2"}],"replies":[{"embeddable":true,"href":"https:\/\/www.charteranddreams.com\/de\/wp-json\/wp\/v2\/comments?post=55828"}],"version-history":[{"count":11,"href":"https:\/\/www.charteranddreams.com\/de\/wp-json\/wp\/v2\/pages\/55828\/revisions"}],"predecessor-version":[{"id":96980,"href":"https:\/\/www.charteranddreams.com\/de\/wp-json\/wp\/v2\/pages\/55828\/revisions\/96980"}],"wp:attachment":[{"href":"https:\/\/www.charteranddreams.com\/de\/wp-json\/wp\/v2\/media?parent=55828"}],"curies":[{"name":"wp","href":"https:\/\/api.w.org\/{rel}","templated":true}]}}