{"id":29585,"date":"2024-05-10T11:05:15","date_gmt":"2024-05-10T09:05:15","guid":{"rendered":"https:\/\/www.charteranddreams.com\/?page_id=29585"},"modified":"2024-12-30T18:22:49","modified_gmt":"2024-12-30T16:22:49","slug":"yachturlaub","status":"publish","type":"page","link":"https:\/\/www.charteranddreams.com\/de\/yachturlaub\/","title":{"rendered":"Yachturlaub"},"content":{"rendered":"\t\t<div data-elementor-type=\"wp-page\" data-elementor-id=\"29585\" class=\"elementor elementor-29585 elementor-29581\" data-elementor-post-type=\"page\">\n\t\t\t\t<div class=\"elementor-element elementor-element-f5c5ff9 e-con-full e-flex e-con e-parent\" data-id=\"f5c5ff9\" data-element_type=\"container\" data-settings=\"{&quot;background_background&quot;:&quot;classic&quot;}\">\n\t\t\t\t<div class=\"elementor-element elementor-element-2d7d311 elementor-widget elementor-widget-image\" data-id=\"2d7d311\" data-element_type=\"widget\" data-widget_type=\"image.default\">\n\t\t\t\t\t\t\t\t\t\t\t\t\t\t\t<img decoding=\"async\" width=\"2560\" height=\"1728\" src=\"https:\/\/www.charteranddreams.com\/wp-content\/uploads\/2024\/12\/iStock-504098132-scaled-1.jpg\" class=\"attachment-full size-full wp-image-96728\" alt=\"\" srcset=\"https:\/\/www.charteranddreams.com\/wp-content\/uploads\/2024\/12\/iStock-504098132-scaled-1.jpg 2560w, https:\/\/www.charteranddreams.com\/wp-content\/uploads\/2024\/12\/iStock-504098132-scaled-1-992x670.jpg 992w, https:\/\/www.charteranddreams.com\/wp-content\/uploads\/2024\/12\/iStock-504098132-scaled-1-1550x1046.jpg 1550w, https:\/\/www.charteranddreams.com\/wp-content\/uploads\/2024\/12\/iStock-504098132-scaled-1-576x389.jpg 576w, https:\/\/www.charteranddreams.com\/wp-content\/uploads\/2024\/12\/iStock-504098132-scaled-1-768x518.jpg 768w, https:\/\/www.charteranddreams.com\/wp-content\/uploads\/2024\/12\/iStock-504098132-scaled-1-1536x1037.jpg 1536w, https:\/\/www.charteranddreams.com\/wp-content\/uploads\/2024\/12\/iStock-504098132-scaled-1-2048x1382.jpg 2048w, https:\/\/www.charteranddreams.com\/wp-content\/uploads\/2024\/12\/iStock-504098132-scaled-1-1900x1283.jpg 1900w\" sizes=\"(max-width: 2560px) 100vw, 2560px\" \/>\t\t\t\t\t\t\t\t\t\t\t\t\t\t\t<\/div>\n\t\t<div class=\"elementor-element elementor-element-81ac50b e-flex e-con-boxed e-con e-child\" data-id=\"81ac50b\" data-element_type=\"container\" data-settings=\"{&quot;position&quot;:&quot;absolute&quot;}\">\n\t\t\t\t\t<div class=\"e-con-inner\">\n\t\t\t\t<div class=\"elementor-element elementor-element-85013e5 elementor-widget__width-initial elementor-widget elementor-widget-heading\" data-id=\"85013e5\" data-element_type=\"widget\" data-widget_type=\"heading.default\">\n\t\t\t\t\t<h1 class=\"elementor-heading-title elementor-size-default\">Top-Reiseziele f\u00fcr Yachtcharter<\/h1>\t\t\t\t<\/div>\n\t\t\t\t\t<\/div>\n\t\t\t\t<\/div>\n\t\t\t\t<\/div>\n\t\t<div class=\"elementor-element elementor-element-45acfa0 e-flex e-con-boxed e-con e-parent\" data-id=\"45acfa0\" data-element_type=\"container\">\n\t\t\t\t\t<div class=\"e-con-inner\">\n\t\t\t\t<div class=\"elementor-element elementor-element-955ee36 elementor-widget elementor-widget-heading\" data-id=\"955ee36\" data-element_type=\"widget\" data-widget_type=\"heading.default\">\n\t\t\t\t\t<h2 class=\"elementor-heading-title elementor-size-default\">Wohin und Wann Reisen<\/h2>\t\t\t\t<\/div>\n\t\t\t\t<div class=\"elementor-element elementor-element-7da2a75 elementor-widget__width-initial elementor-widget elementor-widget-text-editor\" data-id=\"7da2a75\" data-element_type=\"widget\" data-widget_type=\"text-editor.default\">\n\t\t\t\t\t\t\t\t\t<p><span data-sheets-root=\"1\" data-sheets-value=\"{&quot;1&quot;:2,&quot;2&quot;:&quot;Unsere Charterexperten sind darauf spezialisiert, die idealen Reiseziele f\u00fcr jeden Monat des Jahres auszuw\u00e4hlen. Verlassen Sie sich auf unser Fachwissen, um unabh\u00e4ngig von der Jahreszeit das perfekte Ziel zu finden.&quot;}\" data-sheets-userformat=\"{&quot;2&quot;:9149,&quot;3&quot;:{&quot;1&quot;:0},&quot;5&quot;:{&quot;1&quot;:[{&quot;1&quot;:2,&quot;2&quot;:0,&quot;5&quot;:{&quot;1&quot;:2,&quot;2&quot;:0}},{&quot;1&quot;:0,&quot;2&quot;:0,&quot;3&quot;:3},{&quot;1&quot;:1,&quot;2&quot;:0,&quot;4&quot;:1}]},&quot;6&quot;:{&quot;1&quot;:[{&quot;1&quot;:2,&quot;2&quot;:0,&quot;5&quot;:{&quot;1&quot;:2,&quot;2&quot;:0}},{&quot;1&quot;:0,&quot;2&quot;:0,&quot;3&quot;:3},{&quot;1&quot;:1,&quot;2&quot;:0,&quot;4&quot;:1}]},&quot;7&quot;:{&quot;1&quot;:[{&quot;1&quot;:2,&quot;2&quot;:0,&quot;5&quot;:{&quot;1&quot;:2,&quot;2&quot;:0}},{&quot;1&quot;:0,&quot;2&quot;:0,&quot;3&quot;:3},{&quot;1&quot;:1,&quot;2&quot;:0,&quot;4&quot;:1}]},&quot;8&quot;:{&quot;1&quot;:[{&quot;1&quot;:2,&quot;2&quot;:0,&quot;5&quot;:{&quot;1&quot;:2,&quot;2&quot;:0}},{&quot;1&quot;:0,&quot;2&quot;:0,&quot;3&quot;:3},{&quot;1&quot;:1,&quot;2&quot;:0,&quot;4&quot;:1}]},&quot;10&quot;:0,&quot;11&quot;:4,&quot;12&quot;:0,&quot;16&quot;:10}\">Unsere Charterexperten sind darauf spezialisiert, die idealen Reiseziele f\u00fcr jeden Monat des Jahres auszuw\u00e4hlen. Verlassen Sie sich auf unser Fachwissen, um unabh\u00e4ngig von der Jahreszeit das perfekte Ziel zu finden.<\/span><\/p>\t\t\t\t\t\t\t\t<\/div>\n\t\t\t\t\t<\/div>\n\t\t\t\t<\/div>\n\t\t<div class=\"elementor-element elementor-element-8588ca6 e-flex e-con-boxed e-con e-parent\" data-id=\"8588ca6\" data-element_type=\"container\">\n\t\t\t\t\t<div class=\"e-con-inner\">\n\t\t<div class=\"elementor-element elementor-element-b1cbedf e-con-full e-flex e-con e-child\" data-id=\"b1cbedf\" data-element_type=\"container\" data-settings=\"{&quot;background_background&quot;:&quot;classic&quot;}\">\n\t\t\t\t<div class=\"elementor-element elementor-element-d31f93c elementor-widget elementor-widget-heading\" data-id=\"d31f93c\" data-element_type=\"widget\" data-widget_type=\"heading.default\">\n\t\t\t\t\t<h3 class=\"elementor-heading-title elementor-size-default\"><a href=\"https:\/\/www.charteranddreams.com\/de\/yachturlaub\/where-to-charter-a-yacht-in-january\/\">Januar<\/a><\/h3>\t\t\t\t<\/div>\n\t\t\t\t<div class=\"elementor-element elementor-element-426dd24 elementor-widget__width-initial elementor-widget elementor-widget-heading\" data-id=\"426dd24\" data-element_type=\"widget\" data-widget_type=\"heading.default\">\n\t\t\t\t\t<p class=\"elementor-heading-title elementor-size-default\"><a href=\"https:\/\/www.charteranddreams.com\/de\/yachturlaub\/where-to-charter-a-yacht-in-january\/\">Tauchen Sie ein in eine exotische Welt mit spektakul\u00e4ren Str\u00e4nden in Australien, den BVI und den Bahamas<\/a><\/p>\t\t\t\t<\/div>\n\t\t\t\t<\/div>\n\t\t<div class=\"elementor-element elementor-element-524c898 e-con-full e-flex e-con e-child\" data-id=\"524c898\" data-element_type=\"container\" data-settings=\"{&quot;background_background&quot;:&quot;classic&quot;}\">\n\t\t\t\t<div class=\"elementor-element elementor-element-cc276fb elementor-widget elementor-widget-heading\" data-id=\"cc276fb\" data-element_type=\"widget\" data-widget_type=\"heading.default\">\n\t\t\t\t\t<h3 class=\"elementor-heading-title elementor-size-default\"><a href=\"https:\/\/www.charteranddreams.com\/de\/yachturlaub\/where-to-charter-a-yacht-in-february\/\">Februar<\/a><\/h3>\t\t\t\t<\/div>\n\t\t\t\t<div class=\"elementor-element elementor-element-81b2b63 elementor-widget__width-initial elementor-widget elementor-widget-heading\" data-id=\"81b2b63\" data-element_type=\"widget\" data-widget_type=\"heading.default\">\n\t\t\t\t\t<p class=\"elementor-heading-title elementor-size-default\"><a href=\"https:\/\/www.charteranddreams.com\/de\/yachturlaub\/where-to-charter-a-yacht-in-february\/\">Erkunden Sie das letzte Paradies auf Erden in Indonesien, die Malediven oder St. Vincent und die Grenadinen<\/a><\/p>\t\t\t\t<\/div>\n\t\t\t\t<\/div>\n\t\t\t\t\t<\/div>\n\t\t\t\t<\/div>\n\t\t<div class=\"elementor-element elementor-element-e67efbc e-flex e-con-boxed e-con e-parent\" data-id=\"e67efbc\" data-element_type=\"container\">\n\t\t\t\t\t<div class=\"e-con-inner\">\n\t\t<div class=\"elementor-element elementor-element-019948c e-con-full e-flex e-con e-child\" data-id=\"019948c\" data-element_type=\"container\" data-settings=\"{&quot;background_background&quot;:&quot;classic&quot;}\">\n\t\t\t\t<div class=\"elementor-element elementor-element-ec6b981 elementor-widget elementor-widget-heading\" data-id=\"ec6b981\" data-element_type=\"widget\" data-widget_type=\"heading.default\">\n\t\t\t\t\t<h3 class=\"elementor-heading-title elementor-size-default\"><a href=\"https:\/\/www.charteranddreams.com\/de\/yachturlaub\/where-to-charter-a-yacht-in-march\/\">M\u00e4rz<\/a><\/h3>\t\t\t\t<\/div>\n\t\t\t\t<div class=\"elementor-element elementor-element-8ea05ac elementor-widget__width-initial elementor-widget elementor-widget-heading\" data-id=\"8ea05ac\" data-element_type=\"widget\" data-widget_type=\"heading.default\">\n\t\t\t\t\t<p class=\"elementor-heading-title elementor-size-default\"><a href=\"https:\/\/www.charteranddreams.com\/de\/yachturlaub\/where-to-charter-a-yacht-in-march\/\">Nehmen Sie Kurs auf das Paradies in der Karibik oder das atemberaubende Franz\u00f6sisch-Polynesien<\/a><\/p>\t\t\t\t<\/div>\n\t\t\t\t<\/div>\n\t\t<div class=\"elementor-element elementor-element-e7fcb90 e-con-full e-flex e-con e-child\" data-id=\"e7fcb90\" data-element_type=\"container\" data-settings=\"{&quot;background_background&quot;:&quot;classic&quot;}\">\n\t\t\t\t<div class=\"elementor-element elementor-element-1c3460e elementor-widget elementor-widget-heading\" data-id=\"1c3460e\" data-element_type=\"widget\" data-widget_type=\"heading.default\">\n\t\t\t\t\t<h3 class=\"elementor-heading-title elementor-size-default\"><a href=\"http:\/\/April\">April<\/a><\/h3>\t\t\t\t<\/div>\n\t\t\t\t<div class=\"elementor-element elementor-element-1e8fd5c elementor-widget__width-initial elementor-widget elementor-widget-heading\" data-id=\"1e8fd5c\" data-element_type=\"widget\" data-widget_type=\"heading.default\">\n\t\t\t\t\t<p class=\"elementor-heading-title elementor-size-default\"><a href=\"https:\/\/www.charteranddreams.com\/de\/yachturlaub\/where-to-charter-a-yacht-in-april\/\">Erleben Sie ein einzigartiges Abenteuer auf den Malediven, den Seychellen oder den Galapagos-Inseln<\/a><\/p>\t\t\t\t<\/div>\n\t\t\t\t<\/div>\n\t\t\t\t\t<\/div>\n\t\t\t\t<\/div>\n\t\t<div class=\"elementor-element elementor-element-ac95195 e-flex e-con-boxed e-con e-parent\" data-id=\"ac95195\" data-element_type=\"container\">\n\t\t\t\t\t<div class=\"e-con-inner\">\n\t\t<div class=\"elementor-element elementor-element-e2b5baa e-con-full e-flex e-con e-child\" data-id=\"e2b5baa\" data-element_type=\"container\" data-settings=\"{&quot;background_background&quot;:&quot;classic&quot;}\">\n\t\t\t\t<div class=\"elementor-element elementor-element-bf2cb1e elementor-widget elementor-widget-heading\" data-id=\"bf2cb1e\" data-element_type=\"widget\" data-widget_type=\"heading.default\">\n\t\t\t\t\t<h3 class=\"elementor-heading-title elementor-size-default\"><a href=\"http:\/\/Mai\">Mai<\/a><\/h3>\t\t\t\t<\/div>\n\t\t\t\t<div class=\"elementor-element elementor-element-7a36c24 elementor-widget__width-initial elementor-widget elementor-widget-heading\" data-id=\"7a36c24\" data-element_type=\"widget\" data-widget_type=\"heading.default\">\n\t\t\t\t\t<p class=\"elementor-heading-title elementor-size-default\"><a href=\"https:\/\/www.charteranddreams.com\/de\/yachturlaub\/where-to-charter-a-yacht-in-may\/\">Entdecken Sie die bezaubernden Inseln Kroatiens, die franz\u00f6sische Riviera oder die Amalfik\u00fcste<\/a><\/p>\t\t\t\t<\/div>\n\t\t\t\t<\/div>\n\t\t<div class=\"elementor-element elementor-element-cd09141 e-con-full e-flex e-con e-child\" data-id=\"cd09141\" data-element_type=\"container\" data-settings=\"{&quot;background_background&quot;:&quot;classic&quot;}\">\n\t\t\t\t<div class=\"elementor-element elementor-element-1589714 elementor-widget elementor-widget-heading\" data-id=\"1589714\" data-element_type=\"widget\" data-widget_type=\"heading.default\">\n\t\t\t\t\t<h3 class=\"elementor-heading-title elementor-size-default\"><a href=\"https:\/\/www.charteranddreams.com\/de\/yachturlaub\/where-to-charter-a-yacht-in-june\/\">Juni<\/a><\/h3>\t\t\t\t<\/div>\n\t\t\t\t<div class=\"elementor-element elementor-element-8d5e9aa elementor-widget__width-initial elementor-widget elementor-widget-heading\" data-id=\"8d5e9aa\" data-element_type=\"widget\" data-widget_type=\"heading.default\">\n\t\t\t\t\t<p class=\"elementor-heading-title elementor-size-default\"><a href=\"https:\/\/www.charteranddreams.com\/de\/yachturlaub\/where-to-charter-a-yacht-in-june\/\">Genie\u00dfen Sie die Sch\u00f6nheit der Balearen, entdecken Sie Griechenland, reisen Sie nach Komodo<\/a><\/p>\t\t\t\t<\/div>\n\t\t\t\t<\/div>\n\t\t\t\t\t<\/div>\n\t\t\t\t<\/div>\n\t\t<div class=\"elementor-element elementor-element-ecd3639 e-flex e-con-boxed e-con e-parent\" data-id=\"ecd3639\" data-element_type=\"container\">\n\t\t\t\t\t<div class=\"e-con-inner\">\n\t\t<div class=\"elementor-element elementor-element-973191a e-con-full e-flex e-con e-child\" data-id=\"973191a\" data-element_type=\"container\" data-settings=\"{&quot;background_background&quot;:&quot;classic&quot;}\">\n\t\t\t\t<div class=\"elementor-element elementor-element-779f7e1 elementor-widget elementor-widget-heading\" data-id=\"779f7e1\" data-element_type=\"widget\" data-widget_type=\"heading.default\">\n\t\t\t\t\t<h3 class=\"elementor-heading-title elementor-size-default\"><a href=\"https:\/\/www.charteranddreams.com\/de\/yachturlaub\/where-to-charter-a-yacht-in-july\/\">Juli<\/a><\/h3>\t\t\t\t<\/div>\n\t\t\t\t<div class=\"elementor-element elementor-element-b683dea elementor-widget__width-initial elementor-widget elementor-widget-heading\" data-id=\"b683dea\" data-element_type=\"widget\" data-widget_type=\"heading.default\">\n\t\t\t\t\t<p class=\"elementor-heading-title elementor-size-default\"><a href=\"https:\/\/www.charteranddreams.com\/de\/yachturlaub\/where-to-charter-a-yacht-in-july\/\">Lassen Sie sich vom Glamour Sardiniens verzaubern, entdecken Sie Menorca, verlieben Sie sich in Kroatien<\/a><\/p>\t\t\t\t<\/div>\n\t\t\t\t<\/div>\n\t\t<div class=\"elementor-element elementor-element-99b80eb e-con-full e-flex e-con e-child\" data-id=\"99b80eb\" data-element_type=\"container\" data-settings=\"{&quot;background_background&quot;:&quot;classic&quot;}\">\n\t\t\t\t<div class=\"elementor-element elementor-element-3e18a02 elementor-widget elementor-widget-heading\" data-id=\"3e18a02\" data-element_type=\"widget\" data-widget_type=\"heading.default\">\n\t\t\t\t\t<h3 class=\"elementor-heading-title elementor-size-default\"><a href=\"https:\/\/www.charteranddreams.com\/de\/yachturlaub\/where-to-charter-a-yacht-in-august\/\">August<\/a><\/h3>\t\t\t\t<\/div>\n\t\t\t\t<div class=\"elementor-element elementor-element-0c7c935 elementor-widget__width-initial elementor-widget elementor-widget-heading\" data-id=\"0c7c935\" data-element_type=\"widget\" data-widget_type=\"heading.default\">\n\t\t\t\t\t<p class=\"elementor-heading-title elementor-size-default\"><a href=\"https:\/\/www.charteranddreams.com\/de\/yachturlaub\/where-to-charter-a-yacht-in-august\/\">Entdecken Sie das Beste von Mallorca, nehmen Sie Kurs auf die Amalfik\u00fcste, genie\u00dfen Sie einen griechischen Inselhopping-Urlaub<\/a><\/p>\t\t\t\t<\/div>\n\t\t\t\t<\/div>\n\t\t\t\t\t<\/div>\n\t\t\t\t<\/div>\n\t\t<div class=\"elementor-element elementor-element-c7023e2 e-flex e-con-boxed e-con e-parent\" data-id=\"c7023e2\" data-element_type=\"container\">\n\t\t\t\t\t<div class=\"e-con-inner\">\n\t\t<div class=\"elementor-element elementor-element-22cfad5 e-con-full e-flex e-con e-child\" data-id=\"22cfad5\" data-element_type=\"container\" data-settings=\"{&quot;background_background&quot;:&quot;classic&quot;}\">\n\t\t\t\t<div class=\"elementor-element elementor-element-043dbdc elementor-widget elementor-widget-heading\" data-id=\"043dbdc\" data-element_type=\"widget\" data-widget_type=\"heading.default\">\n\t\t\t\t\t<h3 class=\"elementor-heading-title elementor-size-default\"><a href=\"https:\/\/www.charteranddreams.com\/de\/yachturlaub\/where-to-charter-a-yacht-in-september\/\">September<\/a><\/h3>\t\t\t\t<\/div>\n\t\t\t\t<div class=\"elementor-element elementor-element-696c129 elementor-widget__width-initial elementor-widget elementor-widget-heading\" data-id=\"696c129\" data-element_type=\"widget\" data-widget_type=\"heading.default\">\n\t\t\t\t\t<p class=\"elementor-heading-title elementor-size-default\"><a href=\"https:\/\/www.charteranddreams.com\/de\/yachturlaub\/where-to-charter-a-yacht-in-september\/\">Verl\u00e4ngern sie den Sommer auf Ibiza, erleben Sie die Sch\u00f6nheit der T\u00fcrkei oder Kroatiens<\/a><\/p>\t\t\t\t<\/div>\n\t\t\t\t<\/div>\n\t\t<div class=\"elementor-element elementor-element-ecb76d0 e-con-full e-flex e-con e-child\" data-id=\"ecb76d0\" data-element_type=\"container\" data-settings=\"{&quot;background_background&quot;:&quot;classic&quot;}\">\n\t\t\t\t<div class=\"elementor-element elementor-element-704da7e elementor-widget elementor-widget-heading\" data-id=\"704da7e\" data-element_type=\"widget\" data-widget_type=\"heading.default\">\n\t\t\t\t\t<h3 class=\"elementor-heading-title elementor-size-default\"><a href=\"https:\/\/www.charteranddreams.com\/de\/yachturlaub\/where-to-charter-a-yacht-in-october\/\">Oktober<\/a><\/h3>\t\t\t\t<\/div>\n\t\t\t\t<div class=\"elementor-element elementor-element-b6da3c5 elementor-widget__width-initial elementor-widget elementor-widget-heading\" data-id=\"b6da3c5\" data-element_type=\"widget\" data-widget_type=\"heading.default\">\n\t\t\t\t\t<p class=\"elementor-heading-title elementor-size-default\"><a href=\"https:\/\/www.charteranddreams.com\/de\/yachturlaub\/where-to-charter-a-yacht-in-october\/\">Erkunden Sie die Kykladen, fahren Sie ans Rote Meer oder genie\u00dfen Sie eine entspannte Atmosph\u00e4re auf Ibiza<\/a><\/p>\t\t\t\t<\/div>\n\t\t\t\t<\/div>\n\t\t\t\t\t<\/div>\n\t\t\t\t<\/div>\n\t\t<div class=\"elementor-element elementor-element-7d6a0b7 e-flex e-con-boxed e-con e-parent\" data-id=\"7d6a0b7\" data-element_type=\"container\">\n\t\t\t\t\t<div class=\"e-con-inner\">\n\t\t<div class=\"elementor-element elementor-element-1b7fdc2 e-con-full e-flex e-con e-child\" data-id=\"1b7fdc2\" data-element_type=\"container\" data-settings=\"{&quot;background_background&quot;:&quot;classic&quot;}\">\n\t\t\t\t<div class=\"elementor-element elementor-element-b7e98fa elementor-widget elementor-widget-heading\" data-id=\"b7e98fa\" data-element_type=\"widget\" data-widget_type=\"heading.default\">\n\t\t\t\t\t<h3 class=\"elementor-heading-title elementor-size-default\"><a href=\"https:\/\/www.charteranddreams.com\/de\/yachturlaub\/where-to-charter-a-yacht-in-november\/\">November<\/a><\/h3>\t\t\t\t<\/div>\n\t\t\t\t<div class=\"elementor-element elementor-element-3313df3 elementor-widget__width-initial elementor-widget elementor-widget-heading\" data-id=\"3313df3\" data-element_type=\"widget\" data-widget_type=\"heading.default\">\n\t\t\t\t\t<p class=\"elementor-heading-title elementor-size-default\"><a href=\"https:\/\/www.charteranddreams.com\/de\/yachturlaub\/where-to-charter-a-yacht-in-november\/\">Fahren Sie an die T\u00fcrkische Riviera, schwimmen Sie mit Walhaien auf den Malediven, entdecken Sie Raja Ampat<\/a><\/p>\t\t\t\t<\/div>\n\t\t\t\t<\/div>\n\t\t<div class=\"elementor-element elementor-element-32cd636 e-con-full e-flex e-con e-child\" data-id=\"32cd636\" data-element_type=\"container\" data-settings=\"{&quot;background_background&quot;:&quot;classic&quot;}\">\n\t\t\t\t<div class=\"elementor-element elementor-element-d03557a elementor-widget elementor-widget-heading\" data-id=\"d03557a\" data-element_type=\"widget\" data-widget_type=\"heading.default\">\n\t\t\t\t\t<h3 class=\"elementor-heading-title elementor-size-default\"><a href=\"https:\/\/www.charteranddreams.com\/de\/yachturlaub\/where-to-charter-a-yacht-in-december\/\">Dezember<\/a><\/h3>\t\t\t\t<\/div>\n\t\t\t\t<div class=\"elementor-element elementor-element-e0ddd40 elementor-widget__width-initial elementor-widget elementor-widget-heading\" data-id=\"e0ddd40\" data-element_type=\"widget\" data-widget_type=\"heading.default\">\n\t\t\t\t\t<p class=\"elementor-heading-title elementor-size-default\"><a href=\"https:\/\/www.charteranddreams.com\/de\/yachturlaub\/where-to-charter-a-yacht-in-december\/\">Nutzen Sie die fr\u00fche Karibiksaison, reisen Sie nach Fidschi oder Australien<\/a><\/p>\t\t\t\t<\/div>\n\t\t\t\t<\/div>\n\t\t\t\t\t<\/div>\n\t\t\t\t<\/div>\n\t\t\t\t<\/div>\n\t\t","protected":false},"excerpt":{"rendered":"<p>Top-Reiseziele f\u00fcr Yachtcharter Wohin und Wann Reisen Unsere Charterexperten sind darauf spezialisiert, die idealen Reiseziele f\u00fcr jeden Monat des Jahres auszuw\u00e4hlen. Verlassen Sie sich auf unser Fachwissen, um unabh\u00e4ngig von der Jahreszeit das perfekte Ziel zu finden. Januar Tauchen Sie ein in eine exotische Welt mit spektakul\u00e4ren Str\u00e4nden in Australien, den BVI und den Bahamas [&hellip;]<\/p>\n","protected":false},"author":2,"featured_media":0,"parent":0,"menu_order":0,"comment_status":"closed","ping_status":"closed","template":"","meta":{"_acf_changed":false,"_joinchat":[],"footnotes":""},"class_list":["post-29585","page","type-page","status-publish","hentry"],"acf":[],"_links":{"self":[{"href":"https:\/\/www.charteranddreams.com\/de\/wp-json\/wp\/v2\/pages\/29585","targetHints":{"allow":["GET"]}}],"collection":[{"href":"https:\/\/www.charteranddreams.com\/de\/wp-json\/wp\/v2\/pages"}],"about":[{"href":"https:\/\/www.charteranddreams.com\/de\/wp-json\/wp\/v2\/types\/page"}],"author":[{"embeddable":true,"href":"https:\/\/www.charteranddreams.com\/de\/wp-json\/wp\/v2\/users\/2"}],"replies":[{"embeddable":true,"href":"https:\/\/www.charteranddreams.com\/de\/wp-json\/wp\/v2\/comments?post=29585"}],"version-history":[{"count":10,"href":"https:\/\/www.charteranddreams.com\/de\/wp-json\/wp\/v2\/pages\/29585\/revisions"}],"predecessor-version":[{"id":96732,"href":"https:\/\/www.charteranddreams.com\/de\/wp-json\/wp\/v2\/pages\/29585\/revisions\/96732"}],"wp:attachment":[{"href":"https:\/\/www.charteranddreams.com\/de\/wp-json\/wp\/v2\/media?parent=29585"}],"curies":[{"name":"wp","href":"https:\/\/api.w.org\/{rel}","templated":true}]}}