{"id":25267,"date":"2024-04-02T12:04:44","date_gmt":"2024-04-02T10:04:44","guid":{"rendered":"https:\/\/www.charteranddreams.com\/?page_id=25267"},"modified":"2025-01-02T12:25:08","modified_gmt":"2025-01-02T10:25:08","slug":"gulets","status":"publish","type":"page","link":"https:\/\/www.charteranddreams.com\/de\/gulets\/","title":{"rendered":"Gulet Charter"},"content":{"rendered":"\t\t<div data-elementor-type=\"wp-page\" data-elementor-id=\"25267\" class=\"elementor elementor-25267 elementor-25266\" data-elementor-post-type=\"page\">\n\t\t\t\t<div class=\"elementor-element elementor-element-329aa91 e-con-full e-flex e-con e-parent\" data-id=\"329aa91\" data-element_type=\"container\" data-settings=\"{&quot;background_background&quot;:&quot;classic&quot;}\">\n\t\t\t\t<div class=\"elementor-element elementor-element-fb54427 elementor-widget elementor-widget-image\" data-id=\"fb54427\" data-element_type=\"widget\" data-widget_type=\"image.default\">\n\t\t\t\t\t\t\t\t\t\t\t\t\t\t\t<img decoding=\"async\" width=\"2560\" height=\"1696\" src=\"https:\/\/www.charteranddreams.com\/wp-content\/uploads\/2024\/12\/Mallorca-header-scaled-1.jpg\" class=\"attachment-full size-full wp-image-96754\" alt=\"\" srcset=\"https:\/\/www.charteranddreams.com\/wp-content\/uploads\/2024\/12\/Mallorca-header-scaled-1.jpg 2560w, https:\/\/www.charteranddreams.com\/wp-content\/uploads\/2024\/12\/Mallorca-header-scaled-1-992x657.jpg 992w, https:\/\/www.charteranddreams.com\/wp-content\/uploads\/2024\/12\/Mallorca-header-scaled-1-1550x1027.jpg 1550w, https:\/\/www.charteranddreams.com\/wp-content\/uploads\/2024\/12\/Mallorca-header-scaled-1-576x382.jpg 576w, https:\/\/www.charteranddreams.com\/wp-content\/uploads\/2024\/12\/Mallorca-header-scaled-1-768x509.jpg 768w, https:\/\/www.charteranddreams.com\/wp-content\/uploads\/2024\/12\/Mallorca-header-scaled-1-1536x1018.jpg 1536w, https:\/\/www.charteranddreams.com\/wp-content\/uploads\/2024\/12\/Mallorca-header-scaled-1-2048x1357.jpg 2048w, https:\/\/www.charteranddreams.com\/wp-content\/uploads\/2024\/12\/Mallorca-header-scaled-1-1900x1259.jpg 1900w\" sizes=\"(max-width: 2560px) 100vw, 2560px\" \/>\t\t\t\t\t\t\t\t\t\t\t\t\t\t\t<\/div>\n\t\t<div class=\"elementor-element elementor-element-4b6f710 e-flex e-con-boxed e-con e-child\" data-id=\"4b6f710\" data-element_type=\"container\" data-settings=\"{&quot;position&quot;:&quot;absolute&quot;}\">\n\t\t\t\t\t<div class=\"e-con-inner\">\n\t\t\t\t<div class=\"elementor-element elementor-element-eb3ff2b elementor-widget__width-initial elementor-widget elementor-widget-heading\" data-id=\"eb3ff2b\" data-element_type=\"widget\" data-widget_type=\"heading.default\">\n\t\t\t\t\t<h1 class=\"elementor-heading-title elementor-size-default\">Gulet Charter<\/h1>\t\t\t\t<\/div>\n\t\t\t\t<div class=\"elementor-element elementor-element-dfa622f elementor-widget__width-initial elementor-widget elementor-widget-text-editor\" data-id=\"dfa622f\" data-element_type=\"widget\" data-widget_type=\"text-editor.default\">\n\t\t\t\t\t\t\t\t\t<p>Luxuri\u00f6se Gulet Charter im Mittelmeer, in der Karibik und auf den Bahamas.<\/p><p>Genie\u00dfen Sie einen unvergesslichen Urlaub an Bord einer t\u00fcrkischen Gulet. Urspr\u00fcnglich aus der T\u00fcrkei stammende Segelboote, die sowohl im Innen- als auch im Au\u00dfenbereich gro\u00dfe Fl\u00e4chen bieten. Eine Reise durch Zeit und Geschichte. Schiffe von einzigartiger Sch\u00f6nheit, inspiriert von klassischen Linien, bei denen Holz die Hauptrolle spielt.<\/p>\t\t\t\t\t\t\t\t<\/div>\n\t\t\t\t\t<\/div>\n\t\t\t\t<\/div>\n\t\t\t\t<\/div>\n\t\t\t\t<\/div>\n\t\t","protected":false},"excerpt":{"rendered":"<p>Gulet Charter Luxuri\u00f6se Gulet Charter im Mittelmeer, in der Karibik und auf den Bahamas. Genie\u00dfen Sie einen unvergesslichen Urlaub an Bord einer t\u00fcrkischen Gulet. Urspr\u00fcnglich aus der T\u00fcrkei stammende Segelboote, die sowohl im Innen- als auch im Au\u00dfenbereich gro\u00dfe Fl\u00e4chen bieten. Eine Reise durch Zeit und Geschichte. Schiffe von einzigartiger Sch\u00f6nheit, inspiriert von klassischen Linien, [&hellip;]<\/p>\n","protected":false},"author":2,"featured_media":0,"parent":0,"menu_order":0,"comment_status":"closed","ping_status":"closed","template":"template-archive-boats-by-type.php","meta":{"_acf_changed":false,"_joinchat":[],"footnotes":""},"class_list":["post-25267","page","type-page","status-publish","hentry"],"acf":[],"_links":{"self":[{"href":"https:\/\/www.charteranddreams.com\/de\/wp-json\/wp\/v2\/pages\/25267","targetHints":{"allow":["GET"]}}],"collection":[{"href":"https:\/\/www.charteranddreams.com\/de\/wp-json\/wp\/v2\/pages"}],"about":[{"href":"https:\/\/www.charteranddreams.com\/de\/wp-json\/wp\/v2\/types\/page"}],"author":[{"embeddable":true,"href":"https:\/\/www.charteranddreams.com\/de\/wp-json\/wp\/v2\/users\/2"}],"replies":[{"embeddable":true,"href":"https:\/\/www.charteranddreams.com\/de\/wp-json\/wp\/v2\/comments?post=25267"}],"version-history":[{"count":8,"href":"https:\/\/www.charteranddreams.com\/de\/wp-json\/wp\/v2\/pages\/25267\/revisions"}],"predecessor-version":[{"id":97110,"href":"https:\/\/www.charteranddreams.com\/de\/wp-json\/wp\/v2\/pages\/25267\/revisions\/97110"}],"wp:attachment":[{"href":"https:\/\/www.charteranddreams.com\/de\/wp-json\/wp\/v2\/media?parent=25267"}],"curies":[{"name":"wp","href":"https:\/\/api.w.org\/{rel}","templated":true}]}}