{"id":25258,"date":"2024-04-02T12:03:08","date_gmt":"2024-04-02T10:03:08","guid":{"rendered":"https:\/\/www.charteranddreams.com\/?page_id=25258"},"modified":"2025-09-26T09:50:42","modified_gmt":"2025-09-26T07:50:42","slug":"catamaran","status":"publish","type":"page","link":"https:\/\/www.charteranddreams.com\/de\/catamaran\/","title":{"rendered":"Katamaran Charter"},"content":{"rendered":"\t\t<div data-elementor-type=\"wp-page\" data-elementor-id=\"25258\" class=\"elementor elementor-25258 elementor-25257\" data-elementor-post-type=\"page\">\n\t\t\t\t<div class=\"elementor-element elementor-element-d243137 e-con-full e-flex e-con e-parent\" data-id=\"d243137\" data-element_type=\"container\" data-settings=\"{&quot;background_background&quot;:&quot;classic&quot;}\">\n\t\t\t\t<div class=\"elementor-element elementor-element-168789d elementor-widget elementor-widget-image\" data-id=\"168789d\" data-element_type=\"widget\" data-widget_type=\"image.default\">\n\t\t\t\t\t\t\t\t\t\t\t\t\t\t\t<img decoding=\"async\" width=\"2560\" height=\"1696\" src=\"https:\/\/www.charteranddreams.com\/wp-content\/uploads\/2024\/12\/Mallorca-header-scaled-1.jpg\" class=\"attachment-full size-full wp-image-96754\" alt=\"\" srcset=\"https:\/\/www.charteranddreams.com\/wp-content\/uploads\/2024\/12\/Mallorca-header-scaled-1.jpg 2560w, https:\/\/www.charteranddreams.com\/wp-content\/uploads\/2024\/12\/Mallorca-header-scaled-1-992x657.jpg 992w, https:\/\/www.charteranddreams.com\/wp-content\/uploads\/2024\/12\/Mallorca-header-scaled-1-1550x1027.jpg 1550w, https:\/\/www.charteranddreams.com\/wp-content\/uploads\/2024\/12\/Mallorca-header-scaled-1-576x382.jpg 576w, https:\/\/www.charteranddreams.com\/wp-content\/uploads\/2024\/12\/Mallorca-header-scaled-1-768x509.jpg 768w, https:\/\/www.charteranddreams.com\/wp-content\/uploads\/2024\/12\/Mallorca-header-scaled-1-1536x1018.jpg 1536w, https:\/\/www.charteranddreams.com\/wp-content\/uploads\/2024\/12\/Mallorca-header-scaled-1-2048x1357.jpg 2048w, https:\/\/www.charteranddreams.com\/wp-content\/uploads\/2024\/12\/Mallorca-header-scaled-1-1900x1259.jpg 1900w\" sizes=\"(max-width: 2560px) 100vw, 2560px\" \/>\t\t\t\t\t\t\t\t\t\t\t\t\t\t\t<\/div>\n\t\t<div class=\"elementor-element elementor-element-df7f063 e-flex e-con-boxed e-con e-child\" data-id=\"df7f063\" data-element_type=\"container\" data-settings=\"{&quot;position&quot;:&quot;absolute&quot;}\">\n\t\t\t\t\t<div class=\"e-con-inner\">\n\t\t\t\t<div class=\"elementor-element elementor-element-1a1a6fa elementor-widget__width-initial elementor-widget elementor-widget-heading\" data-id=\"1a1a6fa\" data-element_type=\"widget\" data-widget_type=\"heading.default\">\n\t\t\t\t\t<h1 class=\"elementor-heading-title elementor-size-default\">Luxus-Katamaran-Charter<\/h1>\t\t\t\t<\/div>\n\t\t\t\t<div class=\"elementor-element elementor-element-0421758 elementor-widget__width-initial elementor-widget elementor-widget-text-editor\" data-id=\"0421758\" data-element_type=\"widget\" data-widget_type=\"text-editor.default\">\n\t\t\t\t\t\t\t\t\t<p>Luxuri\u00f6se Katamarane zum Mieten im Mittelmeer, in der Karibik und auf den Bahamas.<\/p><p>Katamaranvermietung mit Crew. Unsere Flotte bietet eine Kombination aus Raum, Privatsph\u00e4re, Luxus und Komfort. Genie\u00dfen Sie einen unvergesslichen Katamaranurlaub an den besten K\u00fcsten des Mittelmeers, der Karibik und der Bahamas.<\/p>\t\t\t\t\t\t\t\t<\/div>\n\t\t\t\t\t<\/div>\n\t\t\t\t<\/div>\n\t\t\t\t<\/div>\n\t\t<div class=\"elementor-element elementor-element-64b2556 e-flex e-con-boxed e-con e-parent\" data-id=\"64b2556\" data-element_type=\"container\">\n\t\t\t\t\t<div class=\"e-con-inner\">\n\t\t\t\t<div class=\"elementor-element elementor-element-a6d336f elementor-widget elementor-widget-text-editor\" data-id=\"a6d336f\" data-element_type=\"widget\" data-widget_type=\"text-editor.default\">\n\t\t\t\t\t\t\t\t\t<p class=\"p1\">Ein Katamaran ist ein spezieller Typ von Wasserfahrzeug, der sich durch zwei parallel angeordnete R\u00fcmpfe auszeichnet. Diese Konstruktion sorgt im Vergleich zu herk\u00f6mmlichen Einrumpfbooten f\u00fcr eine deutlich h\u00f6here Stabilit\u00e4t, da das Gewicht gleichm\u00e4\u00dfig auf beide R\u00fcmpfe verteilt wird. Katamarane gibt es sowohl in Segel- als auch in Motorversionen, und sie sind f\u00fcr ihre Vielseitigkeit, ihren Komfort und ihre Effizienz bekannt. Durch die breitere Bauweise bieten sie deutlich mehr Platz auf dem Deck, was sie zu einer beliebten Wahl f\u00fcr Freizeitaktivit\u00e4ten auf dem Wasser macht.<\/p><p class=\"p1\">Katamarane werden h\u00e4ufig f\u00fcr eine Vielzahl von Zwecken genutzt, darunter entspannte Kreuzfahrten, das Erkunden von K\u00fcstenregionen und verschiedene Wassersportarten. Sie zeichnen sich durch ein besonders ruhiges und sanftes Fahrverhalten aus, selbst bei unruhigem Wasser, was das Segelerlebnis angenehmer und entspannter macht. Dank ihrer gro\u00dfz\u00fcgigen Kapazit\u00e4t eignen sie sich hervorragend f\u00fcr Familien oder gr\u00f6\u00dfere Gruppen, da sie viel Raum f\u00fcr Passagiere und Gep\u00e4ck bieten. Zudem sind sie bei l\u00e4ngeren Reisen oder \u00dcbernachtungen auf dem Wasser aufgrund ihres erh\u00f6hten Komforts eine ausgezeichnete Wahl.<\/p><p class=\"p1\">Ein weiterer Vorteil von Katamaranen ist ihre Effizienz: Ihr geringer Tiefgang erm\u00f6glicht es ihnen, flache Gew\u00e4sser und schwer zug\u00e4ngliche K\u00fcstenregionen zu befahren, die f\u00fcr viele andere Boote unzug\u00e4nglich sind. Aufgrund dieser Eigenschaften sind sie nicht nur bei Freizeitkapit\u00e4nen, sondern auch im Charterbereich und f\u00fcr touristische Unternehmungen \u00e4u\u00dferst beliebt. Katamarane vereinen somit Funktionalit\u00e4t, Komfort und Vielseitigkeit und bieten ein unvergleichliches Erlebnis auf dem Wasser.<\/p>\t\t\t\t\t\t\t\t<\/div>\n\t\t\t\t\t<\/div>\n\t\t\t\t<\/div>\n\t\t\t\t<\/div>\n\t\t","protected":false},"excerpt":{"rendered":"<p>Luxus-Katamaran-Charter Luxuri\u00f6se Katamarane zum Mieten im Mittelmeer, in der Karibik und auf den Bahamas. Katamaranvermietung mit Crew. Unsere Flotte bietet eine Kombination aus Raum, Privatsph\u00e4re, Luxus und Komfort. Genie\u00dfen Sie einen unvergesslichen Katamaranurlaub an den besten K\u00fcsten des Mittelmeers, der Karibik und der Bahamas. Ein Katamaran ist ein spezieller Typ von Wasserfahrzeug, der sich durch [&hellip;]<\/p>\n","protected":false},"author":2,"featured_media":0,"parent":0,"menu_order":0,"comment_status":"closed","ping_status":"closed","template":"template-archive-boats-by-type.php","meta":{"_acf_changed":false,"_joinchat":[],"footnotes":""},"class_list":["post-25258","page","type-page","status-publish","hentry"],"acf":[],"_links":{"self":[{"href":"https:\/\/www.charteranddreams.com\/de\/wp-json\/wp\/v2\/pages\/25258","targetHints":{"allow":["GET"]}}],"collection":[{"href":"https:\/\/www.charteranddreams.com\/de\/wp-json\/wp\/v2\/pages"}],"about":[{"href":"https:\/\/www.charteranddreams.com\/de\/wp-json\/wp\/v2\/types\/page"}],"author":[{"embeddable":true,"href":"https:\/\/www.charteranddreams.com\/de\/wp-json\/wp\/v2\/users\/2"}],"replies":[{"embeddable":true,"href":"https:\/\/www.charteranddreams.com\/de\/wp-json\/wp\/v2\/comments?post=25258"}],"version-history":[{"count":14,"href":"https:\/\/www.charteranddreams.com\/de\/wp-json\/wp\/v2\/pages\/25258\/revisions"}],"predecessor-version":[{"id":109597,"href":"https:\/\/www.charteranddreams.com\/de\/wp-json\/wp\/v2\/pages\/25258\/revisions\/109597"}],"wp:attachment":[{"href":"https:\/\/www.charteranddreams.com\/de\/wp-json\/wp\/v2\/media?parent=25258"}],"curies":[{"name":"wp","href":"https:\/\/api.w.org\/{rel}","templated":true}]}}