{"id":25249,"date":"2024-04-02T12:01:09","date_gmt":"2024-04-02T10:01:09","guid":{"rendered":"https:\/\/www.charteranddreams.com\/?page_id=25249"},"modified":"2025-09-26T09:47:59","modified_gmt":"2025-09-26T07:47:59","slug":"sailing-yachts","status":"publish","type":"page","link":"https:\/\/www.charteranddreams.com\/de\/sailing-yachts\/","title":{"rendered":"Segelyacht Charter"},"content":{"rendered":"\t\t<div data-elementor-type=\"wp-page\" data-elementor-id=\"25249\" class=\"elementor elementor-25249 elementor-25248\" data-elementor-post-type=\"page\">\n\t\t\t\t<div class=\"elementor-element elementor-element-40f5fae e-con-full e-flex e-con e-parent\" data-id=\"40f5fae\" data-element_type=\"container\" data-settings=\"{&quot;background_background&quot;:&quot;classic&quot;}\">\n\t\t\t\t<div class=\"elementor-element elementor-element-8cb494a elementor-widget elementor-widget-image\" data-id=\"8cb494a\" data-element_type=\"widget\" data-widget_type=\"image.default\">\n\t\t\t\t\t\t\t\t\t\t\t\t\t\t\t<img decoding=\"async\" width=\"2560\" height=\"1696\" src=\"https:\/\/www.charteranddreams.com\/wp-content\/uploads\/2024\/12\/Mallorca-header-scaled-1.jpg\" class=\"attachment-full size-full wp-image-96754\" alt=\"\" srcset=\"https:\/\/www.charteranddreams.com\/wp-content\/uploads\/2024\/12\/Mallorca-header-scaled-1.jpg 2560w, https:\/\/www.charteranddreams.com\/wp-content\/uploads\/2024\/12\/Mallorca-header-scaled-1-992x657.jpg 992w, https:\/\/www.charteranddreams.com\/wp-content\/uploads\/2024\/12\/Mallorca-header-scaled-1-1550x1027.jpg 1550w, https:\/\/www.charteranddreams.com\/wp-content\/uploads\/2024\/12\/Mallorca-header-scaled-1-576x382.jpg 576w, https:\/\/www.charteranddreams.com\/wp-content\/uploads\/2024\/12\/Mallorca-header-scaled-1-768x509.jpg 768w, https:\/\/www.charteranddreams.com\/wp-content\/uploads\/2024\/12\/Mallorca-header-scaled-1-1536x1018.jpg 1536w, https:\/\/www.charteranddreams.com\/wp-content\/uploads\/2024\/12\/Mallorca-header-scaled-1-2048x1357.jpg 2048w, https:\/\/www.charteranddreams.com\/wp-content\/uploads\/2024\/12\/Mallorca-header-scaled-1-1900x1259.jpg 1900w\" sizes=\"(max-width: 2560px) 100vw, 2560px\" \/>\t\t\t\t\t\t\t\t\t\t\t\t\t\t\t<\/div>\n\t\t<div class=\"elementor-element elementor-element-9a06eca e-flex e-con-boxed e-con e-child\" data-id=\"9a06eca\" data-element_type=\"container\" data-settings=\"{&quot;position&quot;:&quot;absolute&quot;}\">\n\t\t\t\t\t<div class=\"e-con-inner\">\n\t\t\t\t<div class=\"elementor-element elementor-element-012c342 elementor-widget__width-initial elementor-widget elementor-widget-heading\" data-id=\"012c342\" data-element_type=\"widget\" data-widget_type=\"heading.default\">\n\t\t\t\t\t<h1 class=\"elementor-heading-title elementor-size-default\">Luxus-Segelyachtcharter<\/h1>\t\t\t\t<\/div>\n\t\t\t\t<div class=\"elementor-element elementor-element-5f44f58 elementor-widget__width-initial elementor-widget elementor-widget-text-editor\" data-id=\"5f44f58\" data-element_type=\"widget\" data-widget_type=\"text-editor.default\">\n\t\t\t\t\t\t\t\t\t<p>Segelyachtcharter im Mittelmeer, der Karibik und den Bahamas.<\/p><p>Ein Charterurlaub auf einer Segelyacht ist eine fantastische M\u00f6glichkeit, das Gef\u00fchl des Segelns auf See mit nur dem Wind als Begleiter zu erleben. Segeln Sie an den besten Mittelmeerk\u00fcsten, der Karibik und den Bahamas, an Bord unserer exklusivsten Segelyachten.\u00a0<\/p>\t\t\t\t\t\t\t\t<\/div>\n\t\t\t\t\t<\/div>\n\t\t\t\t<\/div>\n\t\t\t\t<\/div>\n\t\t<div class=\"elementor-element elementor-element-6056505 e-flex e-con-boxed e-con e-parent\" data-id=\"6056505\" data-element_type=\"container\">\n\t\t\t\t\t<div class=\"e-con-inner\">\n\t\t\t\t<div class=\"elementor-element elementor-element-312bc0a elementor-widget elementor-widget-text-editor\" data-id=\"312bc0a\" data-element_type=\"widget\" data-widget_type=\"text-editor.default\">\n\t\t\t\t\t\t\t\t\t<p class=\"p1\">Ein Segelboot ist eine Art Wasserfahrzeug, das haupts\u00e4chlich durch Segel angetrieben wird und die Kraft des Windes nutzt, um sich \u00fcber das Wasser zu bewegen. Diese Boote gibt es in einer Vielzahl von Gr\u00f6\u00dfen und Designs, von kleinen, einfach zu handhabenden Freizeitbooten bis hin zu gr\u00f6\u00dferen, anspruchsvolleren Yachten, die f\u00fcr Langstreckenreisen oder Wettkampfregatten konzipiert sind.<\/p><p class=\"p1\">Das zentrale Merkmal eines Segelbootes sind die Segel, die \u00fcblicherweise aus strapazierf\u00e4higen Stoffen gefertigt sind. Sie fangen den Wind ein und treiben das Boot vorw\u00e4rts. Segler passen die Position der Segel an, um je nach Windrichtung und -st\u00e4rke die maximale Effizienz zu erzielen. Diese Art der Fortbewegung erm\u00f6glicht nicht nur eine ruhige und friedliche Reise \u00fcber das Wasser, sondern ist auch eine umweltfreundliche Alternative zu motorbetriebenen Booten, da weder Treibstoff ben\u00f6tigt wird noch nennenswerte Auswirkungen auf die Umwelt entstehen.<\/p><p class=\"p1\">Segelboote werden h\u00e4ufig in zwei Hauptkategorien unterteilt: Einrumpfboote (Monohulls), die nur einen Rumpf haben, und Mehrrumpfboote (Multihulls), wie Katamarane oder Trimarane, die zwei bzw. drei R\u00fcmpfe besitzen. Jede Art hat ihre eigenen Vorteile: Mehrrumpfboote bieten in der Regel gr\u00f6\u00dfere Stabilit\u00e4t und Geschwindigkeit, w\u00e4hrend Einrumpfboote ein traditionelleres Segelerlebnis vermitteln.<\/p><p class=\"p1\">Neben ihren \u00f6kologischen Vorteilen und dem Abenteuergeist, den sie verk\u00f6rpern, sind moderne Segelboote oft mit einer Vielzahl von Komfortmerkmalen ausgestattet. Gr\u00f6\u00dfere Segelboote verf\u00fcgen h\u00e4ufig \u00fcber gem\u00fctliche Kabinen, K\u00fcchen (sogenannte Komb\u00fcsen), Badezimmer und Entspannungsbereiche, was sie ideal f\u00fcr l\u00e4ngere Reisen macht. Ob f\u00fcr entspannte K\u00fcstenkreuzfahrten, spannende Inselhopping-Abenteuer oder Wettkampfregatten \u2013 Segelboote bieten eine vielseitige und angenehme M\u00f6glichkeit, das offene Meer zu erleben.<\/p><p class=\"p1\">Viele Segelboote sind zus\u00e4tzlich mit Hilfsmotoren ausgestattet, die bei Bedarf zus\u00e4tzliche Antriebskraft liefern, beispielsweise bei Flaute oder beim Man\u00f6vrieren in H\u00e4fen. Dies erh\u00f6ht die Vielseitigkeit des Bootes und erm\u00f6glicht einen nahtlosen Wechsel zwischen wind- und motorgetriebenem Segeln.<\/p><p class=\"p1\">Das Segeln stellt sowohl eine k\u00f6rperliche als auch eine geistige Herausforderung dar, da es F\u00e4higkeiten und Kenntnisse \u00fcber Wind, Wetter und Navigation erfordert. Diese Mischung aus Entspannung, Abenteuer und N\u00e4he zur Natur macht das Segeln zu einer attraktiven Wahl f\u00fcr alle, die sowohl Aufregung als auch Ruhe suchen.<\/p>\t\t\t\t\t\t\t\t<\/div>\n\t\t\t\t\t<\/div>\n\t\t\t\t<\/div>\n\t\t\t\t<\/div>\n\t\t","protected":false},"excerpt":{"rendered":"<p>Luxus-Segelyachtcharter Segelyachtcharter im Mittelmeer, der Karibik und den Bahamas. Ein Charterurlaub auf einer Segelyacht ist eine fantastische M\u00f6glichkeit, das Gef\u00fchl des Segelns auf See mit nur dem Wind als Begleiter zu erleben. Segeln Sie an den besten Mittelmeerk\u00fcsten, der Karibik und den Bahamas, an Bord unserer exklusivsten Segelyachten.\u00a0 Ein Segelboot ist eine Art Wasserfahrzeug, das [&hellip;]<\/p>\n","protected":false},"author":2,"featured_media":0,"parent":0,"menu_order":0,"comment_status":"closed","ping_status":"closed","template":"template-archive-boats-by-type.php","meta":{"_acf_changed":false,"_joinchat":[],"footnotes":""},"class_list":["post-25249","page","type-page","status-publish","hentry"],"acf":[],"_links":{"self":[{"href":"https:\/\/www.charteranddreams.com\/de\/wp-json\/wp\/v2\/pages\/25249","targetHints":{"allow":["GET"]}}],"collection":[{"href":"https:\/\/www.charteranddreams.com\/de\/wp-json\/wp\/v2\/pages"}],"about":[{"href":"https:\/\/www.charteranddreams.com\/de\/wp-json\/wp\/v2\/types\/page"}],"author":[{"embeddable":true,"href":"https:\/\/www.charteranddreams.com\/de\/wp-json\/wp\/v2\/users\/2"}],"replies":[{"embeddable":true,"href":"https:\/\/www.charteranddreams.com\/de\/wp-json\/wp\/v2\/comments?post=25249"}],"version-history":[{"count":17,"href":"https:\/\/www.charteranddreams.com\/de\/wp-json\/wp\/v2\/pages\/25249\/revisions"}],"predecessor-version":[{"id":109594,"href":"https:\/\/www.charteranddreams.com\/de\/wp-json\/wp\/v2\/pages\/25249\/revisions\/109594"}],"wp:attachment":[{"href":"https:\/\/www.charteranddreams.com\/de\/wp-json\/wp\/v2\/media?parent=25249"}],"curies":[{"name":"wp","href":"https:\/\/api.w.org\/{rel}","templated":true}]}}