{"id":22496,"date":"2024-02-01T16:59:41","date_gmt":"2024-02-01T14:59:41","guid":{"rendered":"https:\/\/www.charteranddreams.com\/contact-us\/"},"modified":"2026-01-29T12:16:33","modified_gmt":"2026-01-29T10:16:33","slug":"contact","status":"publish","type":"page","link":"https:\/\/www.charteranddreams.com\/de\/contact\/","title":{"rendered":"Kontakt"},"content":{"rendered":"\t\t<div data-elementor-type=\"wp-page\" data-elementor-id=\"22496\" class=\"elementor elementor-22496 elementor-8140\" data-elementor-post-type=\"page\">\n\t\t\t\t<div class=\"elementor-element elementor-element-0d04e2f e-con-full e-flex e-con e-parent\" data-id=\"0d04e2f\" data-element_type=\"container\" data-settings=\"{&quot;background_background&quot;:&quot;classic&quot;}\">\n\t\t\t\t<div class=\"elementor-element elementor-element-0fd3f41 elementor-widget elementor-widget-image\" data-id=\"0fd3f41\" data-element_type=\"widget\" data-widget_type=\"image.default\">\n\t\t\t\t\t\t\t\t\t\t\t\t\t\t\t<img decoding=\"async\" width=\"2560\" height=\"1918\" src=\"https:\/\/www.charteranddreams.com\/wp-content\/uploads\/2025\/01\/Navagio-beach-greece-scaled-1.jpg\" class=\"attachment-full size-full wp-image-97046\" alt=\"avagio Beach in Zakynthos with white sand, turquoise water, and the famous shipwreck\" srcset=\"https:\/\/www.charteranddreams.com\/wp-content\/uploads\/2025\/01\/Navagio-beach-greece-scaled-1.jpg 2560w, https:\/\/www.charteranddreams.com\/wp-content\/uploads\/2025\/01\/Navagio-beach-greece-scaled-1-992x743.jpg 992w, https:\/\/www.charteranddreams.com\/wp-content\/uploads\/2025\/01\/Navagio-beach-greece-scaled-1-1550x1161.jpg 1550w, https:\/\/www.charteranddreams.com\/wp-content\/uploads\/2025\/01\/Navagio-beach-greece-scaled-1-576x432.jpg 576w, https:\/\/www.charteranddreams.com\/wp-content\/uploads\/2025\/01\/Navagio-beach-greece-scaled-1-768x575.jpg 768w, https:\/\/www.charteranddreams.com\/wp-content\/uploads\/2025\/01\/Navagio-beach-greece-scaled-1-1536x1151.jpg 1536w, https:\/\/www.charteranddreams.com\/wp-content\/uploads\/2025\/01\/Navagio-beach-greece-scaled-1-2048x1534.jpg 2048w, https:\/\/www.charteranddreams.com\/wp-content\/uploads\/2025\/01\/Navagio-beach-greece-scaled-1-1900x1424.jpg 1900w\" sizes=\"(max-width: 2560px) 100vw, 2560px\" \/>\t\t\t\t\t\t\t\t\t\t\t\t\t\t\t<\/div>\n\t\t<div class=\"elementor-element elementor-element-3a74d27 e-flex e-con-boxed e-con e-child\" data-id=\"3a74d27\" data-element_type=\"container\" data-settings=\"{&quot;position&quot;:&quot;absolute&quot;}\">\n\t\t\t\t\t<div class=\"e-con-inner\">\n\t\t\t\t<div class=\"elementor-element elementor-element-503172c elementor-widget__width-initial elementor-widget elementor-widget-heading\" data-id=\"503172c\" data-element_type=\"widget\" data-widget_type=\"heading.default\">\n\t\t\t\t\t<h1 class=\"elementor-heading-title elementor-size-default\">Wir sind\n<em>f\u00fcr Sie da<\/em>.<\/h1>\t\t\t\t<\/div>\n\t\t\t\t\t<\/div>\n\t\t\t\t<\/div>\n\t\t\t\t<\/div>\n\t\t<div class=\"elementor-element elementor-element-17076757 e-flex e-con-boxed e-con e-parent\" data-id=\"17076757\" data-element_type=\"container\" data-settings=\"{&quot;background_background&quot;:&quot;classic&quot;}\">\n\t\t\t\t\t<div class=\"e-con-inner\">\n\t\t\t\t<div class=\"elementor-element elementor-element-7971e5b2 elementor-widget elementor-widget-text-editor\" data-id=\"7971e5b2\" data-element_type=\"widget\" data-widget_type=\"text-editor.default\">\n\t\t\t\t\t\t\t\t\t<h2>Wir helfen Ihnen, Ihren Luxusyacht-Urlaub zu planen<\/h2>\t\t\t\t\t\t\t\t<\/div>\n\t\t<div class=\"elementor-element elementor-element-fd1c876 e-grid e-con-full e-con e-child\" data-id=\"fd1c876\" data-element_type=\"container\">\n\t\t\t\t<div class=\"elementor-element elementor-element-4fe1da2a elementor-align-center elementor-widget elementor-widget-button\" data-id=\"4fe1da2a\" data-element_type=\"widget\" data-widget_type=\"button.default\">\n\t\t\t\t\t\t\t\t\t\t<a class=\"elementor-button elementor-button-link elementor-size-sm\" href=\"#joinchat\">\n\t\t\t\t\t\t<span class=\"elementor-button-content-wrapper\">\n\t\t\t\t\t\t<span class=\"elementor-button-icon\">\n\t\t\t\t<svg aria-hidden=\"true\" class=\"e-font-icon-svg e-fab-whatsapp\" viewBox=\"0 0 448 512\" xmlns=\"http:\/\/www.w3.org\/2000\/svg\"><path d=\"M380.9 97.1C339 55.1 283.2 32 223.9 32c-122.4 0-222 99.6-222 222 0 39.1 10.2 77.3 29.6 111L0 480l117.7-30.9c32.4 17.7 68.9 27 106.1 27h.1c122.3 0 224.1-99.6 224.1-222 0-59.3-25.2-115-67.1-157zm-157 341.6c-33.2 0-65.7-8.9-94-25.7l-6.7-4-69.8 18.3L72 359.2l-4.4-7c-18.5-29.4-28.2-63.3-28.2-98.2 0-101.7 82.8-184.5 184.6-184.5 49.3 0 95.6 19.2 130.4 54.1 34.8 34.9 56.2 81.2 56.1 130.5 0 101.8-84.9 184.6-186.6 184.6zm101.2-138.2c-5.5-2.8-32.8-16.2-37.9-18-5.1-1.9-8.8-2.8-12.5 2.8-3.7 5.6-14.3 18-17.6 21.8-3.2 3.7-6.5 4.2-12 1.4-32.6-16.3-54-29.1-75.5-66-5.7-9.8 5.7-9.1 16.3-30.3 1.8-3.7.9-6.9-.5-9.7-1.4-2.8-12.5-30.1-17.1-41.2-4.5-10.8-9.1-9.3-12.5-9.5-3.2-.2-6.9-.2-10.6-.2-3.7 0-9.7 1.4-14.8 6.9-5.1 5.6-19.4 19-19.4 46.3 0 27.3 19.9 53.7 22.6 57.4 2.8 3.7 39.1 59.7 94.8 83.8 35.2 15.2 49 16.5 66.6 13.9 10.7-1.6 32.8-13.4 37.4-26.4 4.6-13 4.6-24.1 3.2-26.4-1.3-2.5-5-3.9-10.5-6.6z\"><\/path><\/svg>\t\t\t<\/span>\n\t\t\t\t\t\t\t\t\t<span class=\"elementor-button-text\">WHATSAPP SENDEN<\/span>\n\t\t\t\t\t<\/span>\n\t\t\t\t\t<\/a>\n\t\t\t\t\t\t\t\t<\/div>\n\t\t\t\t<div class=\"elementor-element elementor-element-4d2cd59c elementor-widget elementor-widget-shortcode\" data-id=\"4d2cd59c\" data-element_type=\"widget\" data-widget_type=\"shortcode.default\">\n\t\t\t\t\t\t\t<div class=\"elementor-shortcode\">    <div class=\"\">\n      <button id=\"button_form_floating\" class=\"btn-enquire btn-red openEnquireModal\" type=\"button\"><span>Nachricht senden<\/span><\/button>\n    <\/div>\n  \n    <div id=\"enquireModal\" class=\"modal\">\n      <div class=\"modal-content\">\n        <span class=\"close\">&times;<\/span>\n        <div id=\"enquireModalContent\">\n          <div class=\"modal-header\">\n            <h3>Nachricht senden<\/h3>\n            <p>Einer unserer Mitarbeiter wird sich in K\u00fcrze mit Ihnen in Verbindung setzen.<\/p>\n          <\/div>\n              <script src=\"https:\/\/www.google.com\/recaptcha\/api.js?render=6Le1SuopAAAAAMsCou-WuNesJRpQVGH3hI1vDHew\"><\/script>\n    <form id=\"enquireForm\" method=\"post\" action=\"https:\/\/www.charteranddreams.com\/de\/wp-json\/wp\/v2\/pages\/22496\">\n      <div class=\"col\">\n        <div class=\"form-group\">\n          <label for=\"enquireName\" class=\"visually-hidden\">Name <sup>*<\/sup><\/label>\n          <input type=\"text\" id=\"enquireName\" name=\"enquireName\" placeholder=\"Name *\" required>\n        <\/div>\n        <div class=\"form-group\">\n          <label for=\"enquireEmail\" class=\"visually-hidden\">E-Mail-Adresse <sup>*<\/sup><\/label>\n          <input type=\"email\" id=\"enquireEmail\" name=\"enquireEmail\" placeholder=\"E-Mail-Adresse *\" required>\n        <\/div>\n        <div class=\"form-group\">\n          <label for=\"enquirePhoneNumber\" class=\"visually-hidden\">Telefonnummer *<\/label>\n          <p class=\"help-text\"><sup>*<\/sup> Bitte geben Sie die Telefonvorwahl des Landes an.<\/p>\n          <input type=\"tel\" id=\"enquirePhoneNumber\" name=\"enquirePhoneNumber\" placeholder=\"Telefonnummer *\" required>\n        <\/div>\n      <\/div>\n\n      <div class=\"col\">\n                  <div class=\"form-group\">\n            <label for=\"enquireGuests\" class=\"visually-hidden\">G\u00e4ste<\/label>\n            <input type=\"number\" id=\"enquireGuests\" name=\"enquireGuests\" min=\"1\" placeholder=\"G\u00e4ste *\" required>\n          <\/div>\n\n          \n          <div class=\"form-inline\">\n            <div class=\"form-group\">\n              <label for=\"enquireStartdate\">Startdatum *<\/label>\n              <input type=\"date\" id=\"enquireStartdate\" name=\"enquireStartdate\" \n                min=\"2026-05-01\" \n                data-date-type=\"start\"\n                placeholder=\"Startdatum *\" required>\n            <\/div>\n            <div class=\"form-group\">\n              <label for=\"enquireEnddate\">Enddatum *<\/label>\n              <input type=\"date\" id=\"enquireEnddate\" name=\"enquireEnddate\" \n                min=\"2026-05-01\" \n                data-date-type=\"end\"\n                placeholder=\"Enddatum *\" required>\n            <\/div>\n          <\/div>\n              <\/div>\n\n      <div class=\"form-group\">\n        <label for=\"enquireComments\" class=\"visually-hidden\">Kommentare<\/label>\n        <textarea id=\"enquireComments\" name=\"enquireComments\" rows=\"5\">Hallo, ich h\u00e4tte gerne Informationen \u00fcber verf\u00fcgbare Yachtoptionen. Ich w\u00fcrde es begr\u00fc\u00dfen, wenn Sie sich mit mir in Verbindung setzen k\u00f6nnten. Vielen Dank.<\/textarea>\n      <\/div>\n      <div class=\"form-group form-legal\"><label for=\"enquireLegal\"><input type=\"checkbox\" id=\"enquireLegal\" name=\"enquireLegal\" required> <a target=\"_blank\" href=\"https:\/\/www.charteranddreams.com\/de\/datenschutzrichtlinie\/\">Ich habe die Datenschutzerkl\u00e4rung gelesen und akzeptiert<sup>*<\/sup><\/a> <span class=\"icon-go\"><\/span><\/label><\/div>      <input type=\"hidden\" id=\"form_type\" name=\"form_type\" value=\"enquire\">\n      <input type=\"hidden\" id=\"recaptcha_response\" name=\"recaptcha_response\">\n      <input type=\"hidden\" id=\"enquire_nonce\" name=\"enquire_nonce\" value=\"4d0486f314\" \/><input type=\"hidden\" name=\"_wp_http_referer\" value=\"\/de\/wp-json\/wp\/v2\/pages\/22496\" \/>      <div style=\"position:absolute;left:-9999px;\" aria-hidden=\"true\">\n        <input type=\"text\" name=\"website_url\" value=\"\" tabindex=\"-1\" autocomplete=\"off\">\n      <\/div>\n      <div class=\"form-group form-submit\">\n        <input type=\"hidden\" id=\"enquireSourceUrl\" name=\"enquireSourceUrl\" value=\"https:\/\/www.charteranddreams.com\/de\/wp-json\/wp\/v2\/pages\/22496\">\n        <button type=\"submit\" name=\"submit\" class=\"btn-go\" data-sending-text=\"Sending...\">Einreichen<\/button>\n      <\/div>\n    <\/form>\n                <\/div>\n      <\/div>\n    <\/div>\n  \n  <\/div>\n\t\t\t\t\t\t<\/div>\n\t\t\t\t<div class=\"elementor-element elementor-element-3f7b7a19 elementor-align-center elementor-widget elementor-widget-button\" data-id=\"3f7b7a19\" data-element_type=\"widget\" data-widget_type=\"button.default\">\n\t\t\t\t\t\t\t\t\t\t<a class=\"elementor-button elementor-button-link elementor-size-sm\" href=\"tel:+34931147593\">\n\t\t\t\t\t\t<span class=\"elementor-button-content-wrapper\">\n\t\t\t\t\t\t<span class=\"elementor-button-icon\">\n\t\t\t\t<svg aria-hidden=\"true\" class=\"e-font-icon-svg e-fas-phone-alt\" viewBox=\"0 0 512 512\" xmlns=\"http:\/\/www.w3.org\/2000\/svg\"><path d=\"M497.39 361.8l-112-48a24 24 0 0 0-28 6.9l-49.6 60.6A370.66 370.66 0 0 1 130.6 204.11l60.6-49.6a23.94 23.94 0 0 0 6.9-28l-48-112A24.16 24.16 0 0 0 122.6.61l-104 24A24 24 0 0 0 0 48c0 256.5 207.9 464 464 464a24 24 0 0 0 23.4-18.6l24-104a24.29 24.29 0 0 0-14.01-27.6z\"><\/path><\/svg>\t\t\t<\/span>\n\t\t\t\t\t\t\t\t\t<span class=\"elementor-button-text\">Rufen Sie uns an<\/span>\n\t\t\t\t\t<\/span>\n\t\t\t\t\t<\/a>\n\t\t\t\t\t\t\t\t<\/div>\n\t\t\t\t<\/div>\n\t\t\t\t\t<\/div>\n\t\t\t\t<\/div>\n\t\t<div class=\"elementor-element elementor-element-edbc76d e-flex e-con-boxed e-con e-parent\" data-id=\"edbc76d\" data-element_type=\"container\" id=\"faqs\">\n\t\t\t\t\t<div class=\"e-con-inner\">\n\t\t\t\t<div class=\"elementor-element elementor-element-05cfea9 elementor-widget elementor-widget-heading\" data-id=\"05cfea9\" data-element_type=\"widget\" data-widget_type=\"heading.default\">\n\t\t\t\t\t<h2 class=\"elementor-heading-title elementor-size-default\">FAQs<\/h2>\t\t\t\t<\/div>\n\t\t\t\t\t<\/div>\n\t\t\t\t<\/div>\n\t\t<div class=\"elementor-element elementor-element-e97f1f5 e-flex e-con-boxed e-con e-parent\" data-id=\"e97f1f5\" data-element_type=\"container\" data-settings=\"{&quot;background_background&quot;:&quot;classic&quot;}\">\n\t\t\t\t\t<div class=\"e-con-inner\">\n\t\t<div class=\"elementor-element elementor-element-ad3ea94 e-con-full e-flex e-con e-child\" data-id=\"ad3ea94\" data-element_type=\"container\">\n\t\t\t\t<div class=\"elementor-element elementor-element-2d8ffb5 elementor-widget__width-initial elementor-widget-mobile__width-inherit elementor-widget elementor-widget-heading\" data-id=\"2d8ffb5\" data-element_type=\"widget\" data-widget_type=\"heading.default\">\n\t\t\t\t\t<h2 class=\"elementor-heading-title elementor-size-default\">1. warum sollten Sie eine Yacht f\u00fcr Ihren n\u00e4chsten Urlaub chartern?<\/h2>\t\t\t\t<\/div>\n\t\t\t\t<div class=\"elementor-element elementor-element-33b5c21 elementor-widget__width-initial elementor-widget-mobile__width-inherit elementor-widget elementor-widget-text-editor\" data-id=\"33b5c21\" data-element_type=\"widget\" data-widget_type=\"text-editor.default\">\n\t\t\t\t\t\t\t\t\t<p>Es gibt viele Gr\u00fcnde, warum das Chartern einer Jacht eine gute Idee ist. Auf einer Yacht haben Sie die Freiheit, sich nach Belieben zu bewegen und in relativ kurzer Zeit viele verschiedene Orte zu sehen. So k\u00f6nnen Sie Ihr Reiseziel sowohl vom Land als auch vom Meer aus genie\u00dfen. Alle Charter, die \u00fcber Charter &amp; Dreams gebucht werden, sind auf die W\u00fcnsche unserer Kunden zugeschnitten, wobei die Crew jederzeit den besten Service bietet. Sobald Sie sich f\u00fcr ein Reiseziel entschieden haben, werden wir gemeinsam mit Ihnen und dem Kapit\u00e4n die perfekte Reiseroute zusammenstellen. Seien Sie versichert, dass Ihre Privatsph\u00e4re an Bord jederzeit gew\u00e4hrleistet ist und der Kapit\u00e4n in der Lage sein wird, abgelegene Ankerpl\u00e4tze und Str\u00e4nde auszuw\u00e4hlen.<\/p>\t\t\t\t\t\t\t\t<\/div>\n\t\t\t\t<\/div>\n\t\t<div class=\"elementor-element elementor-element-a10ad09 e-con-full e-flex e-con e-child\" data-id=\"a10ad09\" data-element_type=\"container\">\n\t\t\t\t<div class=\"elementor-element elementor-element-85a485d elementor-widget__width-initial elementor-widget-mobile__width-inherit elementor-widget elementor-widget-heading\" data-id=\"85a485d\" data-element_type=\"widget\" data-widget_type=\"heading.default\">\n\t\t\t\t\t<h2 class=\"elementor-heading-title elementor-size-default\">2. Warum eine Yacht \u00fcber einen MYBA-Makler\/eine MYBA-Firma chartern?<\/h2>\t\t\t\t<\/div>\n\t\t\t\t<div class=\"elementor-element elementor-element-04c31c4 elementor-widget__width-initial elementor-widget-mobile__width-inherit elementor-widget elementor-widget-text-editor\" data-id=\"04c31c4\" data-element_type=\"widget\" data-widget_type=\"text-editor.default\">\n\t\t\t\t\t\t\t\t\t<p>Wenn Sie eine Yacht \u00fcber ein Unternehmen und einen Makler buchen, das bzw. der der MYBA angeschlossen ist, k\u00f6nnen Sie sicher sein, dass Sie mit einem professionellen Makler zusammenarbeiten, der \u00fcber ein hohes Ma\u00df an Fachwissen verf\u00fcgt und jederzeit spezielle Versicherungen, Vertr\u00e4ge, Verfahren und Sicherheit bietet. MYBA The Worldwide Yachting Association ist eine international anerkannte Berufsorganisation, die 1984 gegr\u00fcndet wurde und deren Mitglieder auf allen Ebenen der Superyacht-Industrie t\u00e4tig sind. Die Mitglieder von MYBA sind in allen Bereichen der Vermittlung, des Charters, des technischen Managements und des Baus von gro\u00dfen Yachten vertreten.<\/p><p>MYBA The Worldwide Yachting Association leitet seine Mitglieder zu den h\u00f6chsten ethischen und technischen Standards an und stellt sicher, dass Unternehmens- und Einzelmitglieder die Anforderungen der Verhaltensregeln erf\u00fcllen. Durch die Zusammenarbeit mit einem MYBA-Unternehmen k\u00f6nnen Yachteigner und Charterer von den etablierten Sicherheitsvorkehrungen profitieren und sicher sein, dass sie von erfahrenen Fachleuten vertreten werden. Eigner und Charterer sollten sich stets vergewissern, dass sie mit einer MYBA-Gesellschaft zusammenarbeiten, um einen angemessenen Schutz zu erhalten.<\/p>\t\t\t\t\t\t\t\t<\/div>\n\t\t\t\t<\/div>\n\t\t<div class=\"elementor-element elementor-element-731112c e-con-full e-flex e-con e-child\" data-id=\"731112c\" data-element_type=\"container\">\n\t\t\t\t<div class=\"elementor-element elementor-element-9b7eb3f elementor-widget__width-initial elementor-widget-mobile__width-inherit elementor-widget elementor-widget-heading\" data-id=\"9b7eb3f\" data-element_type=\"widget\" data-widget_type=\"heading.default\">\n\t\t\t\t\t<h2 class=\"elementor-heading-title elementor-size-default\">3. Was ist der MYBA-Vertrag?<\/h2>\t\t\t\t<\/div>\n\t\t\t\t<div class=\"elementor-element elementor-element-afb81c8 elementor-widget__width-initial elementor-widget-mobile__width-inherit elementor-widget elementor-widget-text-editor\" data-id=\"afb81c8\" data-element_type=\"widget\" data-widget_type=\"text-editor.default\">\n\t\t\t\t\t\t\t\t\t<p>Der <strong><a href=\"https:\/\/www.charteranddreams.com\/wp-content\/uploads\/2024\/06\/SPECIMEN-MYBA-2017-E-Contract-original-V9.1b.pdf\">MYBA-Vertrag<\/a><\/strong> ist der g\u00e4ngigste Vertrag, der von allen mit MYBA verbundenen Unternehmen verwendet wird.<\/p><p>Der Vertrag wurde von Maritime Lawyers in den letzten 20 Jahren entwickelt und garantiert sowohl unseren Kunden als auch den Eignern der Yachten, dass alle Eventualit\u00e4ten in allen Phasen abgedeckt sind.<\/p>\t\t\t\t\t\t\t\t<\/div>\n\t\t\t\t<\/div>\n\t\t<div class=\"elementor-element elementor-element-e892fb9 e-con-full e-flex e-con e-child\" data-id=\"e892fb9\" data-element_type=\"container\">\n\t\t\t\t<div class=\"elementor-element elementor-element-5a41127 elementor-widget__width-initial elementor-widget-mobile__width-inherit elementor-widget elementor-widget-heading\" data-id=\"5a41127\" data-element_type=\"widget\" data-widget_type=\"heading.default\">\n\t\t\t\t\t<h2 class=\"elementor-heading-title elementor-size-default\">4. Wann \u00fcberweise ich die Mittel?<\/h2>\t\t\t\t<\/div>\n\t\t\t\t<div class=\"elementor-element elementor-element-f0621a8 elementor-widget__width-initial elementor-widget-mobile__width-inherit elementor-widget elementor-widget-text-editor\" data-id=\"f0621a8\" data-element_type=\"widget\" data-widget_type=\"text-editor.default\">\n\t\t\t\t\t\t\t\t\t<p>Sobald Sie mit Ihrem Makler die perfekte Yacht ausgew\u00e4hlt haben und der Vertrag unterzeichnet ist, wird die erste Rate (50% der Chartergeb\u00fchr) zur Zahlung f\u00e4llig. Die restlichen 50%, die Mehrwertsteuer und die APA sind einen Monat vor Beginn des Charters f\u00e4llig.<\/p><p>Falls der Vertrag einen Monat oder weniger vor Charterbeginn unterzeichnet wird, sind der gesamte Betrag, die Mehrwertsteuer und die APA f\u00e4llig.<\/p>\t\t\t\t\t\t\t\t<\/div>\n\t\t\t\t<\/div>\n\t\t<div class=\"elementor-element elementor-element-a3a816a e-con-full e-flex e-con e-child\" data-id=\"a3a816a\" data-element_type=\"container\">\n\t\t\t\t<div class=\"elementor-element elementor-element-c2cb203 elementor-widget__width-initial elementor-widget-mobile__width-inherit elementor-widget elementor-widget-heading\" data-id=\"c2cb203\" data-element_type=\"widget\" data-widget_type=\"heading.default\">\n\t\t\t\t\t<h2 class=\"elementor-heading-title elementor-size-default\">5. Was ist APA?<\/h2>\t\t\t\t<\/div>\n\t\t\t\t<div class=\"elementor-element elementor-element-6790520 elementor-widget__width-initial elementor-widget-mobile__width-inherit elementor-widget elementor-widget-text-editor\" data-id=\"6790520\" data-element_type=\"widget\" data-widget_type=\"text-editor.default\">\n\t\t\t\t\t\t\t\t\t<p>APA (Advanced Provisioning Allowance) ist eine Zahlung, die geleistet wird, damit die Besatzung die Yacht vor Ihrer Einschiffung mit Lebensmitteln, Getr\u00e4nken, Treibstoff usw. versorgen kann. Die durchschnittliche APA betr\u00e4gt in der Regel zwischen 30-35% des Charterpreises. Der Kapit\u00e4n beh\u00e4lt jederzeit den \u00dcberblick \u00fcber die Kosten und wird Ihnen am Ende des Charters die Endabrechnung zukommen lassen.<\/p><p>Auch w\u00e4hrend des Charters k\u00f6nnen Sie Ihre Abrechnung jederzeit beim Kapit\u00e4n einsehen. Sollte ein Betrag zu Ihren Gunsten ausfallen, wird Ihnen der Betrag auf das Konto Ihrer Wahl zur\u00fcckerstattet. Sollte ein Betrag zu Gunsten der Yacht f\u00e4llig sein, muss die Zahlung vor der Ausschiffung veranlasst werden.<\/p>\t\t\t\t\t\t\t\t<\/div>\n\t\t\t\t<\/div>\n\t\t<div class=\"elementor-element elementor-element-3592bd0 e-con-full e-flex e-con e-child\" data-id=\"3592bd0\" data-element_type=\"container\">\n\t\t\t\t<div class=\"elementor-element elementor-element-5e37236 elementor-widget__width-initial elementor-widget-mobile__width-inherit elementor-widget elementor-widget-heading\" data-id=\"5e37236\" data-element_type=\"widget\" data-widget_type=\"heading.default\">\n\t\t\t\t\t<h2 class=\"elementor-heading-title elementor-size-default\">6. Ist es \u00fcblich, der Besatzung ein Trinkgeld zu geben?<\/h2>\t\t\t\t<\/div>\n\t\t\t\t<div class=\"elementor-element elementor-element-cb5ab0e elementor-widget__width-initial elementor-widget-mobile__width-inherit elementor-widget elementor-widget-text-editor\" data-id=\"cb5ab0e\" data-element_type=\"widget\" data-widget_type=\"text-editor.default\">\n\t\t\t\t\t\t\t\t\t<p>Trinkgelder f\u00fcr die Crew sind \u00fcblich, liegen aber im Ermessen unserer Kunden. F\u00fcr den Fall, dass Sie mit allem an Bord, der Crew und dem gebotenen Service zufrieden waren, betr\u00e4gt das \u00fcbliche Trinkgeld zwischen 10 und 15% der Chartergeb\u00fchr. Sie k\u00f6nnen dies entweder direkt mit dem Kapit\u00e4n regeln oder nach der Ausschiffung \u00fcber uns. Der Kapit\u00e4n ist w\u00e4hrend des gesamten Charters immer erreichbar. Sollte ein Betrag zu Ihren Gunsten f\u00e4llig sein, wird Ihnen dieser auf das Konto Ihrer Wahl zur\u00fcckerstattet. Sollte ein Betrag zu Gunsten der Yacht f\u00e4llig sein, muss die Zahlung vor der Ausschiffung veranlasst werden.<\/p>\t\t\t\t\t\t\t\t<\/div>\n\t\t\t\t<\/div>\n\t\t<div class=\"elementor-element elementor-element-25fbefb e-con-full e-flex e-con e-child\" data-id=\"25fbefb\" data-element_type=\"container\">\n\t\t\t\t<div class=\"elementor-element elementor-element-3466f04 elementor-widget__width-initial elementor-widget-mobile__width-inherit elementor-widget elementor-widget-heading\" data-id=\"3466f04\" data-element_type=\"widget\" data-widget_type=\"heading.default\">\n\t\t\t\t\t<h2 class=\"elementor-heading-title elementor-size-default\">7. Wie bereitet sich die Besatzung auf meinen Charter vor?<\/h2>\t\t\t\t<\/div>\n\t\t\t\t<div class=\"elementor-element elementor-element-c9bcf1b elementor-widget__width-initial elementor-widget-mobile__width-inherit elementor-widget elementor-widget-text-editor\" data-id=\"c9bcf1b\" data-element_type=\"widget\" data-widget_type=\"text-editor.default\">\n\t\t\t\t\t\t\t\t\t<div class=\"dropdown__title\"><p>Sobald der Vertrag unterschrieben ist, beginnen wir, je nach Zeitrahmen vor dem Charter, mit der Ausarbeitung der Reiseroute und der Pr\u00e4ferenzlisten mit unseren Kunden.<br \/>Das Pr\u00e4ferenzblatt ist ein sehr wichtiges Instrument f\u00fcr die Crew, um die Yacht und ihren Service f\u00fcr jeden ihrer G\u00e4ste vorzubereiten, damit alles so pers\u00f6nlich wie m\u00f6glich ist.<\/p><p>Es ist sehr wichtig, dass die Crew \u00fcber eventuelle Allergien, Essensvorlieben usw. Bescheid wei\u00df. Wir empfehlen daher allen unseren Kunden, sich die Zeit zu nehmen und die Pr\u00e4ferenzen so detailliert wie m\u00f6glich auszuf\u00fcllen.<\/p><\/div>\t\t\t\t\t\t\t\t<\/div>\n\t\t\t\t<\/div>\n\t\t\t\t\t<\/div>\n\t\t\t\t<\/div>\n\t\t\t\t<\/div>\n\t\t","protected":false},"excerpt":{"rendered":"<p>Wir sind f\u00fcr Sie da. Wir helfen Ihnen, Ihren Luxusyacht-Urlaub zu planen WHATSAPP SENDEN Rufen Sie uns an FAQs 1. warum sollten Sie eine Yacht f\u00fcr Ihren n\u00e4chsten Urlaub chartern? Es gibt viele Gr\u00fcnde, warum das Chartern einer Jacht eine gute Idee ist. Auf einer Yacht haben Sie die Freiheit, sich nach Belieben zu bewegen [&hellip;]<\/p>\n","protected":false},"author":2,"featured_media":0,"parent":0,"menu_order":0,"comment_status":"closed","ping_status":"closed","template":"","meta":{"_acf_changed":false,"_joinchat":[],"footnotes":""},"class_list":["post-22496","page","type-page","status-publish","hentry"],"acf":[],"_links":{"self":[{"href":"https:\/\/www.charteranddreams.com\/de\/wp-json\/wp\/v2\/pages\/22496","targetHints":{"allow":["GET"]}}],"collection":[{"href":"https:\/\/www.charteranddreams.com\/de\/wp-json\/wp\/v2\/pages"}],"about":[{"href":"https:\/\/www.charteranddreams.com\/de\/wp-json\/wp\/v2\/types\/page"}],"author":[{"embeddable":true,"href":"https:\/\/www.charteranddreams.com\/de\/wp-json\/wp\/v2\/users\/2"}],"replies":[{"embeddable":true,"href":"https:\/\/www.charteranddreams.com\/de\/wp-json\/wp\/v2\/comments?post=22496"}],"version-history":[{"count":114,"href":"https:\/\/www.charteranddreams.com\/de\/wp-json\/wp\/v2\/pages\/22496\/revisions"}],"predecessor-version":[{"id":113110,"href":"https:\/\/www.charteranddreams.com\/de\/wp-json\/wp\/v2\/pages\/22496\/revisions\/113110"}],"wp:attachment":[{"href":"https:\/\/www.charteranddreams.com\/de\/wp-json\/wp\/v2\/media?parent=22496"}],"curies":[{"name":"wp","href":"https:\/\/api.w.org\/{rel}","templated":true}]}}